{"id":2789,"date":"2023-08-24T03:19:46","date_gmt":"2023-08-24T03:19:46","guid":{"rendered":"https:\/\/satisfybot.com\/?post_type=product&#038;p=2789"},"modified":"2023-08-24T05:19:30","modified_gmt":"2023-08-24T05:19:30","slug":"used-doosan-mini-excavator-compact-excavator-small-excavator-dx55-dh55-dh55-9c-used-doosan-mini-excavator","status":"publish","type":"product","link":"https:\/\/satisfybot.com\/pt\/produto\/used-doosan-mini-excavator-compact-excavator-small-excavator-dx55-dh55-dh55-9c-used-doosan-mini-excavator\/","title":{"rendered":"Mini escavadeira doosan usada escavadeira compacta pequena escavadeira dx55 dx55w dh55 dh55w DH55-9C mini escavadeira doosan usada"},"content":{"rendered":"<p><img fetchpriority=\"high\" decoding=\"async\" class=\"aligncenter size-large wp-image-2790\" src=\"https:\/\/satisfybot.com\/wp-content\/uploads\/2023\/08\/doosan-dx55-9C-1024x768.jpg\" alt=\"\" width=\"1024\" height=\"768\" srcset=\"https:\/\/satisfybot.com\/wp-content\/uploads\/2023\/08\/doosan-dx55-9C-1024x768.jpg 1024w, https:\/\/satisfybot.com\/wp-content\/uploads\/2023\/08\/doosan-dx55-9C-300x225.jpg 300w, https:\/\/satisfybot.com\/wp-content\/uploads\/2023\/08\/doosan-dx55-9C-768x576.jpg 768w, https:\/\/satisfybot.com\/wp-content\/uploads\/2023\/08\/doosan-dx55-9C-16x12.jpg 16w, https:\/\/satisfybot.com\/wp-content\/uploads\/2023\/08\/doosan-dx55-9C-600x450.jpg 600w, https:\/\/satisfybot.com\/wp-content\/uploads\/2023\/08\/doosan-dx55-9C.jpg 1440w\" sizes=\"(max-width: 1024px) 100vw, 1024px\" \/> <img decoding=\"async\" class=\"aligncenter size-large wp-image-2780\" src=\"https:\/\/satisfybot.com\/wp-content\/uploads\/2023\/08\/\u5fae\u4fe1\u56fe\u7247_20230308104411-1024x768.jpg\" alt=\"\" width=\"1024\" height=\"768\" srcset=\"https:\/\/satisfybot.com\/wp-content\/uploads\/2023\/08\/\u5fae\u4fe1\u56fe\u7247_20230308104411-1024x768.jpg 1024w, https:\/\/satisfybot.com\/wp-content\/uploads\/2023\/08\/\u5fae\u4fe1\u56fe\u7247_20230308104411-300x225.jpg 300w, https:\/\/satisfybot.com\/wp-content\/uploads\/2023\/08\/\u5fae\u4fe1\u56fe\u7247_20230308104411-768x576.jpg 768w, https:\/\/satisfybot.com\/wp-content\/uploads\/2023\/08\/\u5fae\u4fe1\u56fe\u7247_20230308104411-1536x1152.jpg 1536w, https:\/\/satisfybot.com\/wp-content\/uploads\/2023\/08\/\u5fae\u4fe1\u56fe\u7247_20230308104411-16x12.jpg 16w, https:\/\/satisfybot.com\/wp-content\/uploads\/2023\/08\/\u5fae\u4fe1\u56fe\u7247_20230308104411-600x450.jpg 600w, https:\/\/satisfybot.com\/wp-content\/uploads\/2023\/08\/\u5fae\u4fe1\u56fe\u7247_20230308104411.jpg 1920w\" sizes=\"(max-width: 1024px) 100vw, 1024px\" \/><\/p>\n<p>&nbsp;<\/p>\n<p>Mini escavadeira doosan usada escavadeira compacta pequena escavadeira dx55 dh55 dh55v DH55-9C mini escavadeira doosan usada<\/p>\n<h3 id=\"techSpecs\">Especifica\u00e7\u00e3o para DX55<\/h3>\n<div class=\"container-tech-specs\">\n<ul class=\"tech-data-list\">\n<li><span class=\"tech-data-name\">Peso: <\/span><span class=\"tech-data-value\">5,5 toneladas<\/span><\/li>\n<li><span class=\"tech-data-name\">Comprimento de transporte: <\/span><span class=\"tech-data-value\">5,85 m<\/span><\/li>\n<li><span class=\"tech-data-name\">Largura de transporte: <\/span><span class=\"tech-data-value\">1,88m<\/span><\/li>\n<li><span class=\"tech-data-name\">Altura de transporte: <\/span><span class=\"tech-data-value\">2,56 metros<\/span><\/li>\n<li><span class=\"tech-data-name\">Capacidade m\u00ednima da ca\u00e7amba: <\/span><span class=\"tech-data-value\">0,18m\u00b3<\/span><\/li>\n<li><span class=\"tech-data-name\">Largura da trilha: <\/span><span class=\"tech-data-value\">400 mil\u00edmetros<\/span><\/li>\n<li><span class=\"tech-data-name\">Prote\u00e7\u00e3o do motorista: <\/span><span class=\"tech-data-value\">KB<\/span><\/li>\n<li><span class=\"tech-data-name\">M\u00e1x. Alcance horizontal: <\/span><span class=\"tech-data-value\">6,15 metros<\/span><\/li>\n<li><span class=\"tech-data-name\">Profundidade de dragagem: <\/span><span class=\"tech-data-value\">3,78m<\/span><\/li>\n<li><span class=\"tech-data-name\">Fabricante do motor: <\/span><span class=\"tech-data-value\">Yanmar<\/span><\/li>\n<li><span class=\"tech-data-name\">Tipo de motor: <\/span><span class=\"tech-data-value\">4TNV98Z<\/span><\/li>\n<li><span class=\"tech-data-name\">Poder do motor:<\/span><span class=\"tech-data-value\">41,5 kW<\/span><\/li>\n<li><span class=\"tech-data-name\">Deslocamento: <\/span><span class=\"tech-data-value\">3,32 litros<\/span><\/li>\n<li><span class=\"tech-data-name\">Rota\u00e7\u00f5es com torque m\u00e1ximo: <\/span><span class=\"tech-data-value\">2.000 rpm<\/span><\/li>\n<\/ul>\n<h3 id=\"techSpecs\">Especifica\u00e7\u00e3o para DH55<\/h3>\n<div class=\"block with-analytic collapsible-block collapsed\" data-id=\"description\">\n<p><strong class=\"title\">Descri\u00e7\u00e3o<\/strong><\/p>\n<div class=\"item\"><span class=\"field\">Profundidade de escava\u00e7\u00e3o\u00a0<\/span><span class=\"value\">3,89m<\/span><\/div>\n<div class=\"item\"><span class=\"field\">Raio de escava\u00e7\u00e3o\u00a0<\/span><span class=\"value\">6,1m<\/span><\/div>\n<div class=\"item\"><span class=\"field\">Altura de despejo\u00a0<\/span><span class=\"value\">3,63 m<\/span><\/div>\n<div class=\"item\"><span class=\"field\">Dimens\u00e3o total\u00a0<\/span><span class=\"value\">5,9 m \u00d7 1,88 m \u00d7 2,55 m<\/span><\/div>\n<div class=\"item\"><span class=\"field\">Volume do balde\u00a0<\/span><span class=\"value\">0,175 m\u00b3<\/span><\/div>\n<div class=\"item\"><span class=\"field\">Tanque de combust\u00edvel\u00a0<\/span><span class=\"value\">115 litros<\/span><\/div>\n<\/div>\n<div class=\"block with-analytic collapsible-block collapsed\" data-id=\"engine\">\n<p><strong class=\"title\">Motor<\/strong><\/p>\n<div class=\"item\"><span class=\"field\">Marca\u00a0<\/span><span class=\"value\">Isuzu 4JB1<\/span><\/div>\n<div class=\"item\"><span class=\"field\">Poder\u00a0<\/span><span class=\"value\">40,5 kW (55,1 HP)<\/span><\/div>\n<div class=\"item\"><span class=\"field\">Combust\u00edvel\u00a0<\/span><span class=\"value\">diesel<\/span><\/div>\n<div class=\"item\"><span class=\"field\">numero de cilindros\u00a0<\/span><span class=\"value\">6<\/span><\/div>\n<div class=\"item\"><\/div>\n<div>\n<div class=\"sf-descr\">\n<div class=\"sf-data sf-data-misc\">\n<div class=\"sf-section\">\n<div class=\"col col-1\">\n<div class=\"block with-analytic collapsible-block collapsed\" data-id=\"gearbox\">\n<p><strong class=\"title\">Caixas de c\u00e2mbio<\/strong><\/p>\n<div class=\"item\"><span class=\"field\">Tipo\u00a0<\/span><span class=\"value\">manual<\/span><\/div>\n<\/div>\n<div class=\"block with-analytic collapsible-block collapsed\" data-id=\"axles\">\n<p><strong class=\"title\">eixos<\/strong><\/p>\n<div class=\"item\"><span class=\"field\">Largura da trilha\u00a0<\/span><span class=\"value\">400 mil\u00edmetros<\/span><\/div>\n<div class=\"item\"><span class=\"field\">Condi\u00e7\u00e3o dos pneus\u00a0<\/span><span class=\"value\">90 %<\/span><\/div>\n<\/div>\n<div class=\"block with-analytic collapsible-block collapsed\" data-id=\"cabine\">\n<p><strong class=\"title\">Cabine<\/strong><\/p>\n<div class=\"item\"><span class=\"field\">Ar condicionado\u00a0<\/span><\/div>\n<div class=\"item\"><span class=\"field\">L\u00e2mpadas auxiliares\u00a0<\/span><\/div>\n<div class=\"item\"><span class=\"field\">Far\u00f3is de nevoeiro\u00a0<\/span><\/div>\n<\/div>\n<\/div>\n<div class=\"col col-2\">\n<div class=\"additional-service-links-list\">\n<div class=\"additional-service-link js-hrf analytics_goal_click\" data-hrf-target=\"_blank\" data-analytics-goal=\"button_additional_service\" data-analytics-goal-action=\"delivery_click\" data-hrf=\"https:\/\/machineryline.info\/delivery\/request\/?code=21110312072198049600\">\n<div class=\"service-title\">Precisa de entrega?<\/div>\n<div class=\"service-icon delivery-service-icon\"><img decoding=\"async\" src=\"https:\/\/machineryline.info\/img\/cats\/icons\/85-svg-deep.svg?v9\" alt=\"\" \/><\/div>\n<div class=\"service-description\">Calcule o custo da entrega<\/div>\n<\/div>\n<\/div>\n<div class=\"block with-analytic collapsible-block collapsed\" data-id=\"add-equip\">\n<p><strong class=\"title\">Equipamento adicional<\/strong><\/p>\n<div class=\"item\"><span class=\"field\">Balde\u00a0<\/span><\/div>\n<\/div>\n<div class=\"block with-analytic collapsible-block collapsed\" data-id=\"condition\">\n<p><strong class=\"title\">Doen\u00e7a<\/strong><\/p>\n<div class=\"item\"><span class=\"field\">Doen\u00e7a\u00a0<\/span><span class=\"value\">usado<\/span><\/div>\n<div class=\"item\"><span class=\"field\">Pintura original\u00a0<\/span><\/div>\n<\/div>\n<\/div>\n<\/div>\n<\/div>\n<\/div>\n<\/div>\n<\/div>\n<\/div>\n<div><\/div>\n<div>\n<div style=\"width: 960px;\" class=\"wp-video\"><video class=\"wp-video-shortcode\" id=\"video-2789-2\" width=\"960\" height=\"544\" preload=\"metadata\" controls=\"controls\"><source type=\"video\/mp4\" src=\"https:\/\/satisfybot.com\/wp-content\/uploads\/2023\/08\/\u6597\u5c7155\u89c6\u98912.mp4?_=2\" \/><a href=\"https:\/\/satisfybot.com\/wp-content\/uploads\/2023\/08\/\u6597\u5c7155\u89c6\u98912.mp4\">https:\/\/satisfybot.com\/wp-content\/uploads\/2023\/08\/\u6597\u5c7155\u89c6\u98912.mp4<\/a><\/video><\/div>\n<div style=\"width: 1280px;\" class=\"wp-video\"><video class=\"wp-video-shortcode\" id=\"video-2789-3\" width=\"1280\" height=\"720\" preload=\"metadata\" controls=\"controls\"><source type=\"video\/mp4\" src=\"https:\/\/satisfybot.com\/wp-content\/uploads\/2023\/08\/\u6597\u5c7155\u89c6\u98913.mp4?_=3\" \/><a href=\"https:\/\/satisfybot.com\/wp-content\/uploads\/2023\/08\/\u6597\u5c7155\u89c6\u98913.mp4\">https:\/\/satisfybot.com\/wp-content\/uploads\/2023\/08\/\u6597\u5c7155\u89c6\u98913.mp4<\/a><\/video><\/div>\n<\/div>\n<div><\/div>\n<div class=\"container-tech-specs\">\n<p><span style=\"font-size: 16px;\">SE VOC\u00ca EST\u00c1 INTERESSADO NESTE ITENS, POR FAVOR CHAT COMIGO IMEDIATAMENTE.<\/span><\/p>\n<p>1. A produ\u00e7\u00e3o: bem estado pronto para trabalhar<br \/>\nsem vazamento de \u00f3leo e fuma\u00e7a pesada<br \/>\nEm Xangai,China.<\/p>\n<p>2.Servi\u00e7o: busc\u00e1-lo no aeroporto<br \/>\nReserve hotel para voc\u00ea<br \/>\nLeve voc\u00ea para conhecer Xangai e espero que voc\u00ea se divirta na China.<\/p>\n<p>3.Pagamento: Quanto ao pre\u00e7o, pode ser negociado.<br \/>\nCondi\u00e7\u00f5es de entrega: CIP, FOB, CFR, CIF, EXW<br \/>\nM\u00e9todo de pagamento: transfer\u00eancia banc\u00e1ria T\/T, L\/C, Western Union. (dep\u00f3sito 30%, saldo 70%)<\/p>\n<p>4. Envio: O m\u00e9todo de envio est\u00e1 dispon\u00edvel, cont\u00eainer, rack plano, carga a granel e navio RO RO.<br \/>\n* Container: O mais barato e r\u00e1pido; colocar a m\u00e1quina no container precisa desmontar.<br \/>\n* Rack plano:Frequentemente usado para enviar carregadeira de duas rodas, a carga m\u00e1xima \u00e9 de 35 toneladas.<br \/>\n* Carga a granel: o que \u00e9 melhor para equipamentos de constru\u00e7\u00e3o maiores, sem necessidade de desmontagem.<br \/>\n* Navio RO RO: A m\u00e1quina \u00e9 conduzida diretamente para o navio e n\u00e3o precisa ser desmontada.<\/p>\n<p>Ap\u00f3s a confirma\u00e7\u00e3o do pedido, o mesmo poder\u00e1 ser enviado em at\u00e9 20 dias \u00fateis.<\/p>\n<p>A nossa empresa tem muitos anos de experi\u00eancia na exporta\u00e7\u00e3o de m\u00e1quinas de constru\u00e7\u00e3o, estabelecemos boas rela\u00e7\u00f5es comerciais com \u00c1frica; Am\u00e9rica latina; Europa; Am\u00e9rica; \u00c1sia, como Leste Asi\u00e1tico, Sul da \u00c1sia, Sudeste Asi\u00e1tico, \u00c1sia Central, \u00c1sia Ocidental e outros pa\u00edses.<br \/>\nFornecemos escavadeiras usadas, carregadeiras usadas, escavadeiras usadas, niveladoras usadas, rolo compactador usado, retroescavadeiras usadas, caminh\u00f5es basculantes usados, guindastes usados, empilhadeiras usadas e outras m\u00e1quinas.<br \/>\nExistem muitas marcas famosas para sua escolha, como Caterpillar, Komatsu, Hitachi, Kobelco, Kubota, Hino, Isuzu, Mitsubishi, Doosan, Hyundai, Volvo, Dynapac, Bomag, Engersoll-Rand, Shantui, XCMG, SDLG, Liugong, Sinotruck, HOWO, SANY, Kawasaki, JCB, Case, Sunward, Yammar, Sumitomo, Kato, Tadano, Bob cat, Toyota Coaster, etc.<br \/>\nSinceramente, d\u00ea boas-vindas a mais amigos \u00e0 China e visite nossa empresa. Forneceremos a voc\u00ea as melhores m\u00e1quinas e pre\u00e7os e tamb\u00e9m esperamos ser seu melhor parceiro para coopera\u00e7\u00e3o futura.<\/p>\n<\/div>","protected":false},"excerpt":{"rendered":"<div style=\"width: 720px;\" class=\"wp-video\"><!--[if lt IE 9]><script>document.createElement('video');<\/script><![endif]--><br \/>\n<video class=\"wp-video-shortcode\" id=\"video-2789-1\" width=\"720\" height=\"1280\" preload=\"metadata\" controls=\"controls\"><source type=\"video\/mp4\" src=\"https:\/\/satisfybot.com\/wp-content\/uploads\/2023\/08\/\u6597\u5c71DH55\u89c6\u9891.mp4?_=1\" \/><a href=\"https:\/\/satisfybot.com\/wp-content\/uploads\/2023\/08\/\u6597\u5c71DH55\u89c6\u9891.mp4\">https:\/\/satisfybot.com\/wp-content\/uploads\/2023\/08\/\u6597\u5c71DH55\u89c6\u9891.mp4<\/a><\/video><\/div>","protected":false},"featured_media":2780,"template":"","meta":{"site-sidebar-layout":"default","site-content-layout":"default","ast-site-content-layout":"default","site-content-style":"default","site-sidebar-style":"default","ast-global-header-display":"","ast-banner-title-visibility":"","ast-main-header-display":"","ast-hfb-above-header-display":"","ast-hfb-below-header-display":"","ast-hfb-mobile-header-display":"","site-post-title":"","ast-breadcrumbs-content":"","ast-featured-img":"","footer-sml-layout":"","ast-disable-related-posts":"","theme-transparent-header-meta":"default","adv-header-id-meta":"","stick-header-meta":"","header-above-stick-meta":"","header-main-stick-meta":"","header-below-stick-meta":"","astra-migrate-meta-layouts":"default","ast-page-background-enabled":"default","ast-page-background-meta":{"desktop":{"background-color":"","background-image":"","background-repeat":"repeat","background-position":"center center","background-size":"auto","background-attachment":"scroll","background-type":"","background-media":"","overlay-type":"","overlay-color":"","overlay-opacity":"","overlay-gradient":""},"tablet":{"background-color":"","background-image":"","background-repeat":"repeat","background-position":"center center","background-size":"auto","background-attachment":"scroll","background-type":"","background-media":"","overlay-type":"","overlay-color":"","overlay-opacity":"","overlay-gradient":""},"mobile":{"background-color":"","background-image":"","background-repeat":"repeat","background-position":"center center","background-size":"auto","background-attachment":"scroll","background-type":"","background-media":"","overlay-type":"","overlay-color":"","overlay-opacity":"","overlay-gradient":""}},"ast-content-background-meta":{"desktop":{"background-color":"var(--ast-global-color-5)","background-image":"","background-repeat":"repeat","background-position":"center center","background-size":"auto","background-attachment":"scroll","background-type":"","background-media":"","overlay-type":"","overlay-color":"","overlay-opacity":"","overlay-gradient":""},"tablet":{"background-color":"var(--ast-global-color-5)","background-image":"","background-repeat":"repeat","background-position":"center center","background-size":"auto","background-attachment":"scroll","background-type":"","background-media":"","overlay-type":"","overlay-color":"","overlay-opacity":"","overlay-gradient":""},"mobile":{"background-color":"var(--ast-global-color-5)","background-image":"","background-repeat":"repeat","background-position":"center center","background-size":"auto","background-attachment":"scroll","background-type":"","background-media":"","overlay-type":"","overlay-color":"","overlay-opacity":"","overlay-gradient":""}}},"product_brand":[],"product_cat":[28],"product_tag":[],"class_list":{"0":"post-2789","1":"product","2":"type-product","3":"status-publish","4":"has-post-thumbnail","6":"product_cat-excavator","7":"desktop-align-left","8":"tablet-align-left","9":"mobile-align-left","11":"first","12":"instock","13":"shipping-taxable","14":"product-type-simple"},"_links":{"self":[{"href":"https:\/\/satisfybot.com\/pt\/wp-json\/wp\/v2\/product\/2789","targetHints":{"allow":["GET"]}}],"collection":[{"href":"https:\/\/satisfybot.com\/pt\/wp-json\/wp\/v2\/product"}],"about":[{"href":"https:\/\/satisfybot.com\/pt\/wp-json\/wp\/v2\/types\/product"}],"version-history":[{"count":0,"href":"https:\/\/satisfybot.com\/pt\/wp-json\/wp\/v2\/product\/2789\/revisions"}],"wp:featuredmedia":[{"embeddable":true,"href":"https:\/\/satisfybot.com\/pt\/wp-json\/wp\/v2\/media\/2780"}],"wp:attachment":[{"href":"https:\/\/satisfybot.com\/pt\/wp-json\/wp\/v2\/media?parent=2789"}],"wp:term":[{"taxonomy":"product_brand","embeddable":true,"href":"https:\/\/satisfybot.com\/pt\/wp-json\/wp\/v2\/product_brand?post=2789"},{"taxonomy":"product_cat","embeddable":true,"href":"https:\/\/satisfybot.com\/pt\/wp-json\/wp\/v2\/product_cat?post=2789"},{"taxonomy":"product_tag","embeddable":true,"href":"https:\/\/satisfybot.com\/pt\/wp-json\/wp\/v2\/product_tag?post=2789"}],"curies":[{"name":"wp","href":"https:\/\/api.w.org\/{rel}","templated":true}]}}