{"id":2801,"date":"2023-08-24T06:09:17","date_gmt":"2023-08-24T06:09:17","guid":{"rendered":"https:\/\/satisfybot.com\/?post_type=product&#038;p=2801"},"modified":"2023-08-24T06:09:21","modified_gmt":"2023-08-24T06:09:21","slug":"used-doosan-mini-excavator-compact-excavator-small-excavator-dx60-dx60w-dx60r-dx60-9c-dh60w-7-used-doosan-mini-excavator","status":"publish","type":"product","link":"https:\/\/satisfybot.com\/pt\/produto\/used-doosan-mini-excavator-compact-excavator-small-excavator-dx60-dx60w-dx60r-dx60-9c-dh60w-7-used-doosan-mini-excavator\/","title":{"rendered":"Miniescavadeira Doosan usada Escavadeira compacta Escavadeira pequena DX60 DX60W DX60R DX60-9C DH60W-7 Miniescavadeira Doosan usada"},"content":{"rendered":"<div style=\"width: 1280px;\" class=\"wp-video\"><!--[if lt IE 9]><script>document.createElement('video');<\/script><![endif]-->\n<video class=\"wp-video-shortcode\" id=\"video-2801-1\" width=\"1280\" height=\"720\" preload=\"metadata\" controls=\"controls\"><source type=\"video\/mp4\" src=\"https:\/\/satisfybot.com\/wp-content\/uploads\/2023\/08\/Doosan-DX60.mp4?_=1\" \/><a href=\"https:\/\/satisfybot.com\/wp-content\/uploads\/2023\/08\/Doosan-DX60.mp4\">https:\/\/satisfybot.com\/wp-content\/uploads\/2023\/08\/Doosan-DX60.mp4<\/a><\/video><\/div>\n<div style=\"width: 1280px;\" class=\"wp-video\"><video class=\"wp-video-shortcode\" id=\"video-2801-2\" width=\"1280\" height=\"720\" preload=\"metadata\" controls=\"controls\"><source type=\"video\/mp4\" src=\"https:\/\/satisfybot.com\/wp-content\/uploads\/2023\/08\/doosan-DH60-7-\u8fd0\u8f93\u5230\u573a.mp4?_=2\" \/><a href=\"https:\/\/satisfybot.com\/wp-content\/uploads\/2023\/08\/doosan-DH60-7-\u8fd0\u8f93\u5230\u573a.mp4\">https:\/\/satisfybot.com\/wp-content\/uploads\/2023\/08\/doosan-DH60-7-\u8fd0\u8f93\u5230\u573a.mp4<\/a><\/video><\/div>\n<h2 id=\"techSpecs\">especifica\u00e7\u00f5es \u2013 DX 60R Doosan<\/h2>\n<ul class=\"tech-data-list\">\n<li><span class=\"tech-data-name\">Peso <\/span><span class=\"tech-data-value\">5,9 toneladas<\/span><\/li>\n<li><span class=\"tech-data-name\">Comprimento de transporte <\/span><span class=\"tech-data-value\">5,6 metros<\/span><\/li>\n<li><span class=\"tech-data-name\">Largura de transporte <\/span><span class=\"tech-data-value\">1,98m<\/span><\/li>\n<li><span class=\"tech-data-name\">Altura de transporte <\/span><span class=\"tech-data-value\">2,56 metros<\/span><\/li>\n<li><span class=\"tech-data-name\">Capacidade do balde m\u00edn.<\/span><span class=\"tech-data-value\">0,18m\u00b3<\/span><\/li>\n<li><span class=\"tech-data-name\">Largura da trilha <\/span><span class=\"tech-data-value\">400 mil\u00edmetros<\/span><\/li>\n<li><span class=\"tech-data-name\">Prote\u00e7\u00e3o do motorista <\/span><span class=\"tech-data-value\">KB<\/span><\/li>\n<li><span class=\"tech-data-name\">M\u00e1x. Alcance horizontal <\/span><span class=\"tech-data-value\">6.505 m<\/span><\/li>\n<li><span class=\"tech-data-name\">Profundidade de dragagem <\/span><span class=\"tech-data-value\">3,7m<\/span><\/li>\n<li><span class=\"tech-data-name\">Fabricante de motores.\u00a0 <\/span><span class=\"tech-data-value\">Yanmar<\/span><\/li>\n<li><span class=\"tech-data-name\">Tipo de motor <\/span><span class=\"tech-data-value\">4TNV98<\/span><\/li>\n<li><span class=\"tech-data-name\">Poder do motor <\/span><span class=\"tech-data-value\">37,9 kW<\/span><\/li>\n<li><span class=\"tech-data-name\">Deslocamento <\/span><span class=\"tech-data-value\">3,319 litros<\/span><\/li>\n<li><span class=\"tech-data-name\">Rota\u00e7\u00f5es com torque m\u00e1ximo <\/span><span class=\"tech-data-value\">1500rpm<\/span><\/li>\n<li><span class=\"tech-data-name\">N\u00ba de cilindros <\/span><span class=\"tech-data-value\">4<\/span><\/li>\n<li><span class=\"tech-data-name\">N\u00edvel de emiss\u00e3o <\/span><span class=\"tech-data-value\">N\u00edvel V<\/span><\/li>\n<\/ul>\n<p><img fetchpriority=\"high\" decoding=\"async\" class=\"aligncenter size-large wp-image-2810\" src=\"https:\/\/satisfybot.com\/wp-content\/uploads\/2023\/08\/\u5fae\u4fe1\u56fe\u7247_202305161726482-1024x768.jpg\" alt=\"\" width=\"1024\" height=\"768\" srcset=\"https:\/\/satisfybot.com\/wp-content\/uploads\/2023\/08\/\u5fae\u4fe1\u56fe\u7247_202305161726482-1024x768.jpg 1024w, https:\/\/satisfybot.com\/wp-content\/uploads\/2023\/08\/\u5fae\u4fe1\u56fe\u7247_202305161726482-300x225.jpg 300w, https:\/\/satisfybot.com\/wp-content\/uploads\/2023\/08\/\u5fae\u4fe1\u56fe\u7247_202305161726482-768x576.jpg 768w, https:\/\/satisfybot.com\/wp-content\/uploads\/2023\/08\/\u5fae\u4fe1\u56fe\u7247_202305161726482-16x12.jpg 16w, https:\/\/satisfybot.com\/wp-content\/uploads\/2023\/08\/\u5fae\u4fe1\u56fe\u7247_202305161726482-600x450.jpg 600w, https:\/\/satisfybot.com\/wp-content\/uploads\/2023\/08\/\u5fae\u4fe1\u56fe\u7247_202305161726482.jpg 1440w\" sizes=\"(max-width: 1024px) 100vw, 1024px\" \/> <img decoding=\"async\" class=\"aligncenter size-large wp-image-2812\" src=\"https:\/\/satisfybot.com\/wp-content\/uploads\/2023\/08\/\u5fae\u4fe1\u56fe\u7247_202305161726492-1024x768.jpg\" alt=\"\" width=\"1024\" height=\"768\" srcset=\"https:\/\/satisfybot.com\/wp-content\/uploads\/2023\/08\/\u5fae\u4fe1\u56fe\u7247_202305161726492-1024x768.jpg 1024w, https:\/\/satisfybot.com\/wp-content\/uploads\/2023\/08\/\u5fae\u4fe1\u56fe\u7247_202305161726492-300x225.jpg 300w, https:\/\/satisfybot.com\/wp-content\/uploads\/2023\/08\/\u5fae\u4fe1\u56fe\u7247_202305161726492-768x576.jpg 768w, https:\/\/satisfybot.com\/wp-content\/uploads\/2023\/08\/\u5fae\u4fe1\u56fe\u7247_202305161726492-16x12.jpg 16w, https:\/\/satisfybot.com\/wp-content\/uploads\/2023\/08\/\u5fae\u4fe1\u56fe\u7247_202305161726492-600x450.jpg 600w, https:\/\/satisfybot.com\/wp-content\/uploads\/2023\/08\/\u5fae\u4fe1\u56fe\u7247_202305161726492.jpg 1440w\" sizes=\"(max-width: 1024px) 100vw, 1024px\" \/> <img decoding=\"async\" class=\"aligncenter size-large wp-image-2814\" src=\"https:\/\/satisfybot.com\/wp-content\/uploads\/2023\/08\/\u5fae\u4fe1\u56fe\u7247_202307141157323-1024x1024.jpg\" alt=\"\" width=\"1024\" height=\"1024\" srcset=\"https:\/\/satisfybot.com\/wp-content\/uploads\/2023\/08\/\u5fae\u4fe1\u56fe\u7247_202307141157323-1024x1024.jpg 1024w, https:\/\/satisfybot.com\/wp-content\/uploads\/2023\/08\/\u5fae\u4fe1\u56fe\u7247_202307141157323-300x300.jpg 300w, https:\/\/satisfybot.com\/wp-content\/uploads\/2023\/08\/\u5fae\u4fe1\u56fe\u7247_202307141157323-150x150.jpg 150w, https:\/\/satisfybot.com\/wp-content\/uploads\/2023\/08\/\u5fae\u4fe1\u56fe\u7247_202307141157323-768x768.jpg 768w, https:\/\/satisfybot.com\/wp-content\/uploads\/2023\/08\/\u5fae\u4fe1\u56fe\u7247_202307141157323-12x12.jpg 12w, https:\/\/satisfybot.com\/wp-content\/uploads\/2023\/08\/\u5fae\u4fe1\u56fe\u7247_202307141157323-600x600.jpg 600w, https:\/\/satisfybot.com\/wp-content\/uploads\/2023\/08\/\u5fae\u4fe1\u56fe\u7247_202307141157323-100x100.jpg 100w, https:\/\/satisfybot.com\/wp-content\/uploads\/2023\/08\/\u5fae\u4fe1\u56fe\u7247_202307141157323.jpg 1280w\" sizes=\"(max-width: 1024px) 100vw, 1024px\" \/> <img loading=\"lazy\" decoding=\"async\" class=\"aligncenter size-large wp-image-2815\" src=\"https:\/\/satisfybot.com\/wp-content\/uploads\/2023\/08\/\u5fae\u4fe1\u56fe\u7247_202307141157331-1024x1024.jpg\" alt=\"\" width=\"1024\" height=\"1024\" srcset=\"https:\/\/satisfybot.com\/wp-content\/uploads\/2023\/08\/\u5fae\u4fe1\u56fe\u7247_202307141157331-1024x1024.jpg 1024w, https:\/\/satisfybot.com\/wp-content\/uploads\/2023\/08\/\u5fae\u4fe1\u56fe\u7247_202307141157331-300x300.jpg 300w, https:\/\/satisfybot.com\/wp-content\/uploads\/2023\/08\/\u5fae\u4fe1\u56fe\u7247_202307141157331-150x150.jpg 150w, https:\/\/satisfybot.com\/wp-content\/uploads\/2023\/08\/\u5fae\u4fe1\u56fe\u7247_202307141157331-768x768.jpg 768w, https:\/\/satisfybot.com\/wp-content\/uploads\/2023\/08\/\u5fae\u4fe1\u56fe\u7247_202307141157331-12x12.jpg 12w, https:\/\/satisfybot.com\/wp-content\/uploads\/2023\/08\/\u5fae\u4fe1\u56fe\u7247_202307141157331-600x600.jpg 600w, https:\/\/satisfybot.com\/wp-content\/uploads\/2023\/08\/\u5fae\u4fe1\u56fe\u7247_202307141157331-100x100.jpg 100w, https:\/\/satisfybot.com\/wp-content\/uploads\/2023\/08\/\u5fae\u4fe1\u56fe\u7247_202307141157331.jpg 1280w\" sizes=\"(max-width: 1024px) 100vw, 1024px\" \/><\/p>\n<p><img loading=\"lazy\" decoding=\"async\" class=\"aligncenter size-large wp-image-2807\" src=\"https:\/\/satisfybot.com\/wp-content\/uploads\/2023\/08\/9c11e88057600f9e41544805816793c-1024x768.jpg\" alt=\"\" width=\"1024\" height=\"768\" srcset=\"https:\/\/satisfybot.com\/wp-content\/uploads\/2023\/08\/9c11e88057600f9e41544805816793c-1024x768.jpg 1024w, https:\/\/satisfybot.com\/wp-content\/uploads\/2023\/08\/9c11e88057600f9e41544805816793c-300x225.jpg 300w, https:\/\/satisfybot.com\/wp-content\/uploads\/2023\/08\/9c11e88057600f9e41544805816793c-768x576.jpg 768w, https:\/\/satisfybot.com\/wp-content\/uploads\/2023\/08\/9c11e88057600f9e41544805816793c-16x12.jpg 16w, https:\/\/satisfybot.com\/wp-content\/uploads\/2023\/08\/9c11e88057600f9e41544805816793c-600x450.jpg 600w, https:\/\/satisfybot.com\/wp-content\/uploads\/2023\/08\/9c11e88057600f9e41544805816793c.jpg 1440w\" sizes=\"(max-width: 1024px) 100vw, 1024px\" \/> <img loading=\"lazy\" decoding=\"async\" class=\"aligncenter size-large wp-image-2805\" src=\"https:\/\/satisfybot.com\/wp-content\/uploads\/2023\/08\/dcea65b05a3de8961ea973719a3ae5e-1024x768.jpg\" alt=\"\" width=\"1024\" height=\"768\" srcset=\"https:\/\/satisfybot.com\/wp-content\/uploads\/2023\/08\/dcea65b05a3de8961ea973719a3ae5e-1024x768.jpg 1024w, https:\/\/satisfybot.com\/wp-content\/uploads\/2023\/08\/dcea65b05a3de8961ea973719a3ae5e-300x225.jpg 300w, https:\/\/satisfybot.com\/wp-content\/uploads\/2023\/08\/dcea65b05a3de8961ea973719a3ae5e-768x576.jpg 768w, https:\/\/satisfybot.com\/wp-content\/uploads\/2023\/08\/dcea65b05a3de8961ea973719a3ae5e-16x12.jpg 16w, https:\/\/satisfybot.com\/wp-content\/uploads\/2023\/08\/dcea65b05a3de8961ea973719a3ae5e-600x450.jpg 600w, https:\/\/satisfybot.com\/wp-content\/uploads\/2023\/08\/dcea65b05a3de8961ea973719a3ae5e.jpg 1440w\" sizes=\"(max-width: 1024px) 100vw, 1024px\" \/><\/p>","protected":false},"excerpt":{"rendered":"<p>specs &#8211; DX 60R Doosan Weight 5.9\u00a0t Transport length 5.6\u00a0m Transport width 1.98\u00a0m Transport height 2.56\u00a0m Bucket capacity min.0.18\u00a0m\u00b3 Track width 400\u00a0mm Driver protection Kb Max. Reach horizontal 6.505\u00a0m Dredging depth 3,7\u00a0m Engine manuf.\u00a0 Yanmar Engine type 4TNV98 Engine power 37.9\u00a0kW Displacement 3.319\u00a0l Revolutions at max torque 1500\u00a0rpm No. of cylinders 4 Emission level Tier [&hellip;]<\/p>","protected":false},"featured_media":2803,"template":"","meta":{"site-sidebar-layout":"default","site-content-layout":"default","ast-site-content-layout":"default","site-content-style":"default","site-sidebar-style":"default","ast-global-header-display":"","ast-banner-title-visibility":"","ast-main-header-display":"","ast-hfb-above-header-display":"","ast-hfb-below-header-display":"","ast-hfb-mobile-header-display":"","site-post-title":"","ast-breadcrumbs-content":"","ast-featured-img":"","footer-sml-layout":"","ast-disable-related-posts":"","theme-transparent-header-meta":"default","adv-header-id-meta":"","stick-header-meta":"","header-above-stick-meta":"","header-main-stick-meta":"","header-below-stick-meta":"","astra-migrate-meta-layouts":"default","ast-page-background-enabled":"default","ast-page-background-meta":{"desktop":{"background-color":"","background-image":"","background-repeat":"repeat","background-position":"center center","background-size":"auto","background-attachment":"scroll","background-type":"","background-media":"","overlay-type":"","overlay-color":"","overlay-opacity":"","overlay-gradient":""},"tablet":{"background-color":"","background-image":"","background-repeat":"repeat","background-position":"center center","background-size":"auto","background-attachment":"scroll","background-type":"","background-media":"","overlay-type":"","overlay-color":"","overlay-opacity":"","overlay-gradient":""},"mobile":{"background-color":"","background-image":"","background-repeat":"repeat","background-position":"center center","background-size":"auto","background-attachment":"scroll","background-type":"","background-media":"","overlay-type":"","overlay-color":"","overlay-opacity":"","overlay-gradient":""}},"ast-content-background-meta":{"desktop":{"background-color":"var(--ast-global-color-5)","background-image":"","background-repeat":"repeat","background-position":"center center","background-size":"auto","background-attachment":"scroll","background-type":"","background-media":"","overlay-type":"","overlay-color":"","overlay-opacity":"","overlay-gradient":""},"tablet":{"background-color":"var(--ast-global-color-5)","background-image":"","background-repeat":"repeat","background-position":"center center","background-size":"auto","background-attachment":"scroll","background-type":"","background-media":"","overlay-type":"","overlay-color":"","overlay-opacity":"","overlay-gradient":""},"mobile":{"background-color":"var(--ast-global-color-5)","background-image":"","background-repeat":"repeat","background-position":"center center","background-size":"auto","background-attachment":"scroll","background-type":"","background-media":"","overlay-type":"","overlay-color":"","overlay-opacity":"","overlay-gradient":""}}},"product_brand":[],"product_cat":[28],"product_tag":[],"class_list":{"0":"post-2801","1":"product","2":"type-product","3":"status-publish","4":"has-post-thumbnail","6":"product_cat-excavator","7":"desktop-align-left","8":"tablet-align-left","9":"mobile-align-left","11":"first","12":"instock","13":"shipping-taxable","14":"product-type-simple"},"_links":{"self":[{"href":"https:\/\/satisfybot.com\/pt\/wp-json\/wp\/v2\/product\/2801","targetHints":{"allow":["GET"]}}],"collection":[{"href":"https:\/\/satisfybot.com\/pt\/wp-json\/wp\/v2\/product"}],"about":[{"href":"https:\/\/satisfybot.com\/pt\/wp-json\/wp\/v2\/types\/product"}],"version-history":[{"count":0,"href":"https:\/\/satisfybot.com\/pt\/wp-json\/wp\/v2\/product\/2801\/revisions"}],"wp:featuredmedia":[{"embeddable":true,"href":"https:\/\/satisfybot.com\/pt\/wp-json\/wp\/v2\/media\/2803"}],"wp:attachment":[{"href":"https:\/\/satisfybot.com\/pt\/wp-json\/wp\/v2\/media?parent=2801"}],"wp:term":[{"taxonomy":"product_brand","embeddable":true,"href":"https:\/\/satisfybot.com\/pt\/wp-json\/wp\/v2\/product_brand?post=2801"},{"taxonomy":"product_cat","embeddable":true,"href":"https:\/\/satisfybot.com\/pt\/wp-json\/wp\/v2\/product_cat?post=2801"},{"taxonomy":"product_tag","embeddable":true,"href":"https:\/\/satisfybot.com\/pt\/wp-json\/wp\/v2\/product_tag?post=2801"}],"curies":[{"name":"wp","href":"https:\/\/api.w.org\/{rel}","templated":true}]}}