{"id":2839,"date":"2023-08-24T09:56:00","date_gmt":"2023-08-24T09:56:00","guid":{"rendered":"https:\/\/satisfybot.com\/?post_type=product&#038;p=2839"},"modified":"2023-08-25T01:48:17","modified_gmt":"2023-08-25T01:48:17","slug":"pc56-pc60-8-pc70-pc78us-series-used-komatsu-small-excavator-compact-excavator-mini-excavator","status":"publish","type":"product","link":"https:\/\/satisfybot.com\/pt\/produto\/pc56-pc60-8-pc70-pc78us-series-used-komatsu-small-excavator-compact-excavator-mini-excavator\/","title":{"rendered":"PC56 PC60-8 PC70 PC78US s\u00e9rie usada Komatsu Escavadeira pequena Escavadeira compacta Mini Escavadeira Escavadeira m\u00e9dia"},"content":{"rendered":"<div style=\"width: 720px;\" class=\"wp-video\"><!--[if lt IE 9]><script>document.createElement('video');<\/script><![endif]-->\n<video class=\"wp-video-shortcode\" id=\"video-2839-1\" width=\"720\" height=\"1280\" preload=\"metadata\" controls=\"controls\"><source type=\"video\/mp4\" src=\"https:\/\/satisfybot.com\/wp-content\/uploads\/2023\/08\/komastu-PC78US-\u96c6\u4f53\u505c\u653e\u89c6\u9891.mp4?_=1\" \/><a href=\"https:\/\/satisfybot.com\/wp-content\/uploads\/2023\/08\/komastu-PC78US-\u96c6\u4f53\u505c\u653e\u89c6\u9891.mp4\">https:\/\/satisfybot.com\/wp-content\/uploads\/2023\/08\/komastu-PC78US-\u96c6\u4f53\u505c\u653e\u89c6\u9891.mp4<\/a><\/video><\/div>\n<div style=\"width: 544px;\" class=\"wp-video\"><video class=\"wp-video-shortcode\" id=\"video-2839-2\" width=\"544\" height=\"960\" preload=\"metadata\" controls=\"controls\"><source type=\"video\/mp4\" src=\"https:\/\/satisfybot.com\/wp-content\/uploads\/2023\/08\/komastu-PC70-\u89c6\u9891.mp4?_=2\" \/><a href=\"https:\/\/satisfybot.com\/wp-content\/uploads\/2023\/08\/komastu-PC70-\u89c6\u9891.mp4\">https:\/\/satisfybot.com\/wp-content\/uploads\/2023\/08\/komastu-PC70-\u89c6\u9891.mp4<\/a><\/video><\/div>\n<div style=\"width: 720px;\" class=\"wp-video\"><video class=\"wp-video-shortcode\" id=\"video-2839-3\" width=\"720\" height=\"1280\" preload=\"metadata\" controls=\"controls\"><source type=\"video\/mp4\" src=\"https:\/\/satisfybot.com\/wp-content\/uploads\/2023\/08\/komastu-PC60-\u89c6\u9891.mp4?_=3\" \/><a href=\"https:\/\/satisfybot.com\/wp-content\/uploads\/2023\/08\/komastu-PC60-\u89c6\u9891.mp4\">https:\/\/satisfybot.com\/wp-content\/uploads\/2023\/08\/komastu-PC60-\u89c6\u9891.mp4<\/a><\/video><\/div>\n<div style=\"width: 960px;\" class=\"wp-video\"><video class=\"wp-video-shortcode\" id=\"video-2839-4\" width=\"960\" height=\"544\" preload=\"metadata\" controls=\"controls\"><source type=\"video\/mp4\" src=\"https:\/\/satisfybot.com\/wp-content\/uploads\/2023\/08\/komastu-PC56-\u89c6\u9891.mp4?_=4\" \/><a href=\"https:\/\/satisfybot.com\/wp-content\/uploads\/2023\/08\/komastu-PC56-\u89c6\u9891.mp4\">https:\/\/satisfybot.com\/wp-content\/uploads\/2023\/08\/komastu-PC56-\u89c6\u9891.mp4<\/a><\/video><\/div>\n<h3>Especifica\u00e7\u00e3o Komatsu PC70-8<\/h3>\n<div class=\"container-tech-specs\">\n<ul class=\"tech-data-list\">\n<li><span class=\"tech-data-name\">Peso <\/span><span class=\"tech-data-value\">6,59 toneladas<\/span><\/li>\n<li><span class=\"tech-data-name\">Comprimento de transporte <\/span><span class=\"tech-data-value\">6,08m<\/span><\/li>\n<li><span class=\"tech-data-name\">Largura de transporte <\/span><span class=\"tech-data-value\">2,225 m<\/span><\/li>\n<li><span class=\"tech-data-name\">Altura de transporte <\/span><span class=\"tech-data-value\">2,5 metros<\/span><\/li>\n<li><span class=\"tech-data-name\">Capacidade do balde m\u00edn. <\/span><span class=\"tech-data-value\">0,3m\u00b3<\/span><\/li>\n<li><span class=\"tech-data-name\">Capacidade da ca\u00e7amba m\u00e1x. <\/span><span class=\"tech-data-value\">0,37m\u00b3<\/span><\/li>\n<li><span class=\"tech-data-name\">Largura da trilha <\/span><span class=\"tech-data-value\">450 mil\u00edmetros<\/span><\/li>\n<li><span class=\"tech-data-name\">M\u00e1x. Alcance horizontal <\/span><span class=\"tech-data-value\">6,22 m<\/span><\/li>\n<li><span class=\"tech-data-name\">Profundidade de dragagem <\/span><span class=\"tech-data-value\">4,1m<\/span><\/li>\n<li><span class=\"tech-data-name\">For\u00e7a de arrancamento <\/span><span class=\"tech-data-value\">54,8 kN<\/span><\/li>\n<li><span class=\"tech-data-name\">Largura do balde <\/span><span class=\"tech-data-value\">0,655m<\/span><\/li>\n<li><span class=\"tech-data-name\">Fabricante de motores. <\/span><span class=\"tech-data-value\">Komatsu<\/span><\/li>\n<li><span class=\"tech-data-name\">Tipo de motor <\/span><span class=\"tech-data-value\">SAA4D95LE-5<\/span><\/li>\n<li><span class=\"tech-data-name\">Poder do motor <\/span><span class=\"tech-data-value\">50,7 kW<\/span><\/li>\n<li><span class=\"tech-data-name\">Deslocamento <\/span><span class=\"tech-data-value\">3,26 litros<\/span><\/li>\n<li><span class=\"tech-data-name\">N\u00ba de cilindros <\/span><span class=\"tech-data-value\">4<\/span><\/li>\n<li><span class=\"tech-data-name\">Di\u00e2metro do cilindro x curso <\/span><span class=\"tech-data-value\">95\u00d7115mm<\/span><\/li>\n<li><span class=\"tech-data-name\">N\u00edvel de emiss\u00e3o: <\/span><span class=\"tech-data-value\">N\u00edvel 3\/Est\u00e1gio IIIA<\/span><\/li>\n<\/ul>\n<div class=\"ng-star-inserted\">\n<h2>&#8212;&#8212;&#8212;&#8212;&#8212;&#8212;&#8212;&#8212;&#8212;&#8212;&#8212;&#8212;&#8212;&#8212;&#8212;&#8212;&#8212;&#8212;&#8212;&#8212;&#8212;&#8212;&#8212;&#8212;&#8212;&#8212;&#8212;&#8212;&#8212;&#8212;<\/h2>\n<h2><img fetchpriority=\"high\" decoding=\"async\" class=\"aligncenter size-large wp-image-2860\" src=\"https:\/\/satisfybot.com\/wp-content\/uploads\/2023\/08\/komastu-PC55MR-3-\u4e09\u56fe-1024x746.png\" alt=\"\" width=\"1024\" height=\"746\" srcset=\"https:\/\/satisfybot.com\/wp-content\/uploads\/2023\/08\/komastu-PC55MR-3-\u4e09\u56fe-1024x746.png 1024w, https:\/\/satisfybot.com\/wp-content\/uploads\/2023\/08\/komastu-PC55MR-3-\u4e09\u56fe-300x218.png 300w, https:\/\/satisfybot.com\/wp-content\/uploads\/2023\/08\/komastu-PC55MR-3-\u4e09\u56fe-768x559.png 768w, https:\/\/satisfybot.com\/wp-content\/uploads\/2023\/08\/komastu-PC55MR-3-\u4e09\u56fe-16x12.png 16w, https:\/\/satisfybot.com\/wp-content\/uploads\/2023\/08\/komastu-PC55MR-3-\u4e09\u56fe-600x437.png 600w, https:\/\/satisfybot.com\/wp-content\/uploads\/2023\/08\/komastu-PC55MR-3-\u4e09\u56fe.png 1152w\" sizes=\"(max-width: 1024px) 100vw, 1024px\" \/><\/h2>\n<h2><\/h2>\n<h2>Dimens\u00f5es para komastu PC55MR-3<\/h2>\n<div class=\"two-grid dimensions ng-star-inserted\">\n<div class=\"row\">\n<h3 class=\"col-md-12\">Op\u00e7\u00e3o de lan\u00e7a\/bra\u00e7o (Hex) 1<\/h3>\n<\/div>\n<div class=\"ng-star-inserted\">\n<div class=\"row\">\n<div class=\"col-md-8\">\n<p><span class=\"label ng-star-inserted\">A<\/span><\/p>\n<h4>Comprimento de envio da unidade<\/h4>\n<\/div>\n<div class=\"col-md-4\">\n<div class=\"ng-star-inserted\">\n<p><span class=\"space\">18.21<\/span>p\u00e9s dentro<\/p>\n<\/div>\n<\/div>\n<\/div>\n<\/div>\n<div class=\"ng-star-inserted\">\n<div class=\"row\">\n<div class=\"col-md-8\">\n<p><span class=\"label ng-star-inserted\">C<\/span><\/p>\n<h4>Altura de envio da unidade<\/h4>\n<\/div>\n<div class=\"col-md-4\">\n<div class=\"ng-star-inserted\">\n<p><span class=\"space\">8.37<\/span>p\u00e9s dentro<\/p>\n<\/div>\n<\/div>\n<\/div>\n<\/div>\n<div class=\"ng-star-inserted\">\n<div class=\"row\">\n<div class=\"col-md-8\">\n<p><span class=\"label ng-star-inserted\">EU<\/span><\/p>\n<h4>Altura m\u00e1xima de corte<\/h4>\n<\/div>\n<div class=\"col-md-4\">\n<div class=\"ng-star-inserted\">\n<p><span class=\"space\">19.51<\/span>p\u00e9s dentro<\/p>\n<\/div>\n<\/div>\n<\/div>\n<\/div>\n<div class=\"ng-star-inserted\">\n<div class=\"row\">\n<div class=\"col-md-8\">\n<p><span class=\"label ng-star-inserted\">J.<\/span><\/p>\n<h4>Altura m\u00e1xima de carregamento<\/h4>\n<\/div>\n<div class=\"col-md-4\">\n<div class=\"ng-star-inserted\">\n<p><span class=\"space\">13.88<\/span>p\u00e9s dentro<\/p>\n<\/div>\n<\/div>\n<\/div>\n<\/div>\n<div class=\"ng-star-inserted\">\n<div class=\"row\">\n<div class=\"col-md-8\">\n<p><span class=\"label ng-star-inserted\">K<\/span><\/p>\n<h4>Alcance m\u00e1ximo ao longo do solo<\/h4>\n<\/div>\n<div class=\"col-md-4\">\n<div class=\"ng-star-inserted\">\n<p><span class=\"space\">19.92<\/span>p\u00e9s dentro<\/p>\n<\/div>\n<\/div>\n<\/div>\n<\/div>\n<div class=\"ng-star-inserted\">\n<div class=\"row\">\n<div class=\"col-md-8\">\n<p><span class=\"label ng-star-inserted\">eu<\/span><\/p>\n<h4>Profundidade m\u00e1xima de escava\u00e7\u00e3o de parede vertical<\/h4>\n<\/div>\n<div class=\"col-md-4\">\n<div class=\"ng-star-inserted\">\n<p><span class=\"space\">9.91<\/span>p\u00e9s dentro<\/p>\n<\/div>\n<\/div>\n<\/div>\n<\/div>\n<div class=\"ng-star-inserted\">\n<div class=\"row\">\n<div class=\"col-md-8\">\n<p><span class=\"label ng-star-inserted\">M<\/span><\/p>\n<h4>Profundidade m\u00e1xima de escava\u00e7\u00e3o<\/h4>\n<\/div>\n<div class=\"col-md-4\">\n<div class=\"ng-star-inserted\">\n<p><span class=\"space\">12.47<\/span>p\u00e9s dentro<\/p>\n<\/div>\n<\/div>\n<\/div>\n<\/div>\n<div class=\"ng-star-inserted\">\n<div class=\"row\">\n<div class=\"col-md-8\">\n<h4>Op\u00e7\u00e3o de lan\u00e7a\/bra\u00e7o (Hex) 1<\/h4>\n<\/div>\n<div class=\"col-md-4\">\n<div class=\"ng-star-inserted\">\n<p><span class=\"space\">Bra\u00e7o 1640mm 5\\&#039;4\\\u201d<\/span><\/p>\n<\/div>\n<\/div>\n<\/div>\n<\/div>\n<\/div>\n<div class=\"two-grid dimensions ng-star-inserted\">\n<div class=\"row\">\n<h3 class=\"col-md-12\">Dimens\u00f5es<\/h3>\n<\/div>\n<div class=\"ng-star-inserted\">\n<div class=\"row\">\n<div class=\"col-md-8\">\n<p><span class=\"label ng-star-inserted\">B<\/span><\/p>\n<h4>Largura fora dos trilhos<\/h4>\n<\/div>\n<div class=\"col-md-4\">\n<div class=\"ng-star-inserted\">\n<p><span class=\"space\">6.44<\/span>p\u00e9s dentro<\/p>\n<\/div>\n<\/div>\n<\/div>\n<\/div>\n<div class=\"ng-star-inserted\">\n<div class=\"row\">\n<div class=\"col-md-8\">\n<p><span class=\"label ng-star-inserted\">G<\/span><\/p>\n<h4>Altura at\u00e9 o topo da cabine<\/h4>\n<\/div>\n<div class=\"col-md-4\">\n<div class=\"ng-star-inserted\">\n<p><span class=\"space\">8.37<\/span>p\u00e9s dentro<\/p>\n<\/div>\n<\/div>\n<\/div>\n<\/div>\n<div class=\"ng-star-inserted\">\n<div class=\"row\">\n<div class=\"col-md-8\">\n<p><span class=\"label ng-star-inserted\">H<\/span><\/p>\n<h4>Raio de balan\u00e7o da cauda<\/h4>\n<\/div>\n<div class=\"col-md-4\">\n<div class=\"ng-star-inserted\">\n<p><span class=\"space\">3.48<\/span>p\u00e9s dentro<\/p>\n<\/div>\n<\/div>\n<\/div>\n<\/div>\n<\/div>\n<div class=\"two-grid dimensions ng-star-inserted\">\n<div class=\"row\">\n<h3 class=\"col-md-12\">Material rodante<\/h3>\n<\/div>\n<div class=\"ng-star-inserted\">\n<div class=\"row\">\n<div class=\"col-md-8\">\n<p><span class=\"label ng-star-inserted\">N<\/span><\/p>\n<h4>Tamanho de sapato<\/h4>\n<\/div>\n<div class=\"col-md-4\">\n<div class=\"ng-star-inserted\">\n<p><span class=\"space\">15.75<\/span>em<\/p>\n<\/div>\n<\/div>\n<\/div>\n<\/div>\n<div class=\"ng-star-inserted\">\n<div class=\"row\">\n<div class=\"col-md-8\">\n<p><span class=\"label ng-star-inserted\">F<\/span><\/p>\n<h4>Bitola<\/h4>\n<\/div>\n<div class=\"col-md-4\">\n<div class=\"ng-star-inserted\">\n<p><span class=\"space\">5.12<\/span>p\u00e9s dentro<\/p>\n<\/div>\n<\/div>\n<\/div>\n<\/div>\n<div class=\"ng-star-inserted\">\n<div class=\"row\">\n<div class=\"col-md-8\">\n<h4>For\u00e7a de trac\u00e7\u00e3o<\/h4>\n<\/div>\n<div class=\"col-md-4\">\n<div class=\"ng-star-inserted\">\n<p><span class=\"space\">8770<\/span>Libra<\/p>\n<\/div>\n<\/div>\n<\/div>\n<\/div>\n<div class=\"ng-star-inserted\">\n<div class=\"row\">\n<div class=\"col-md-8\">\n<h4>N\u00famero de rolos transportadores por lado<\/h4>\n<\/div>\n<div class=\"col-md-4\">\n<div class=\"ng-star-inserted\">\n<p><span class=\"space\">1<\/span><\/p>\n<\/div>\n<\/div>\n<\/div>\n<\/div>\n<div class=\"ng-star-inserted\">\n<div class=\"row\">\n<div class=\"col-md-8\">\n<h4>N\u00famero de rolos de esteira por lado<\/h4>\n<\/div>\n<div class=\"col-md-4\">\n<div class=\"ng-star-inserted\">\n<p><span class=\"space\">4<\/span><\/p>\n<\/div>\n<\/div>\n<\/div>\n<\/div>\n<div class=\"ng-star-inserted\">\n<div class=\"row\">\n<div class=\"col-md-8\">\n<h4>Press\u00e3o sobre o solo<\/h4>\n<\/div>\n<div class=\"col-md-4\">\n<div class=\"ng-star-inserted\">\n<p><span class=\"space\">4.41<\/span>psi<\/p>\n<\/div>\n<\/div>\n<\/div>\n<\/div>\n<div class=\"ng-star-inserted\">\n<div class=\"row\">\n<div class=\"col-md-8\">\n<h4>Velocidade m\u00e1xima de viagem<\/h4>\n<\/div>\n<div class=\"col-md-4\">\n<div class=\"ng-star-inserted\">\n<p><span class=\"space\">2.86<\/span>km\/h<\/p>\n<\/div>\n<\/div>\n<\/div>\n<\/div>\n<\/div>\n<\/div>\n<div class=\"dimension-block specification ng-star-inserted\">\n<hr class=\"ng-star-inserted\" \/>\n<div>\n<h2>Especifica\u00e7\u00f5es<\/h2>\n<div class=\"two-grid dimensions ng-star-inserted\">\n<div class=\"row\">\n<h3 class=\"col-md-12\">Motor<\/h3>\n<\/div>\n<div class=\"ng-star-inserted\">\n<div class=\"row\">\n<div class=\"col-md-8\">\n<h4>Marca do motor<\/h4>\n<\/div>\n<div class=\"col-md-4\">\n<div class=\"ng-star-inserted\">\n<p><span class=\"space\">2238<\/span><\/p>\n<\/div>\n<\/div>\n<\/div>\n<\/div>\n<div class=\"ng-star-inserted\">\n<div class=\"row\">\n<div class=\"col-md-8\">\n<h4>Modelo de motor<\/h4>\n<\/div>\n<div class=\"col-md-4\">\n<div class=\"ng-star-inserted\">\n<p><span class=\"space\">4D88E-6<\/span><\/p>\n<\/div>\n<\/div>\n<\/div>\n<\/div>\n<div class=\"ng-star-inserted\">\n<div class=\"row\">\n<div class=\"col-md-8\">\n<h4>Pot\u00eancia L\u00edquida<\/h4>\n<\/div>\n<div class=\"col-md-4\">\n<div class=\"ng-star-inserted\">\n<p><span class=\"space\">38.2<\/span>HP<\/p>\n<\/div>\n<\/div>\n<\/div>\n<\/div>\n<div class=\"ng-star-inserted\">\n<div class=\"row\">\n<div class=\"col-md-8\">\n<h4>Pot\u00eancia medida @<\/h4>\n<\/div>\n<div class=\"col-md-4\">\n<div class=\"ng-star-inserted\">\n<p><span class=\"space\">2400<\/span>rpm<\/p>\n<\/div>\n<\/div>\n<\/div>\n<\/div>\n<div class=\"ng-star-inserted\">\n<div class=\"row\">\n<div class=\"col-md-8\">\n<h4>Deslocamento<\/h4>\n<\/div>\n<div class=\"col-md-4\">\n<div class=\"ng-star-inserted\">\n<p><span class=\"space\">134<\/span>cu em<\/p>\n<\/div>\n<\/div>\n<\/div>\n<\/div>\n<\/div>\n<div class=\"two-grid dimensions ng-star-inserted\">\n<div class=\"row\">\n<h3 class=\"col-md-12\">Operacional<\/h3>\n<\/div>\n<div class=\"ng-star-inserted\">\n<div class=\"row\">\n<div class=\"col-md-8\">\n<h4>Peso operacional<\/h4>\n<\/div>\n<div class=\"col-md-4\">\n<div class=\"ng-star-inserted\">\n<p><span class=\"space\">11375.9<\/span>Libra<\/p>\n<\/div>\n<\/div>\n<\/div>\n<\/div>\n<div class=\"ng-star-inserted\">\n<div class=\"row\">\n<div class=\"col-md-8\">\n<h4>Capacidade de combust\u00edvel<\/h4>\n<\/div>\n<div class=\"col-md-4\">\n<div class=\"ng-star-inserted\">\n<p><span class=\"space\">17.2<\/span>garota<\/p>\n<\/div>\n<\/div>\n<\/div>\n<\/div>\n<div class=\"ng-star-inserted\">\n<div class=\"row\">\n<div class=\"col-md-8\">\n<h4>Capacidade de fluido do sistema de resfriamento<\/h4>\n<\/div>\n<div class=\"col-md-4\">\n<div class=\"ng-star-inserted\">\n<p><span class=\"space\">2.3<\/span>garota<\/p>\n<\/div>\n<\/div>\n<\/div>\n<\/div>\n<div class=\"ng-star-inserted\">\n<div class=\"row\">\n<div class=\"col-md-8\">\n<h4>Capacidade de Fluidos do Sistema Hidr\u00e1ulico<\/h4>\n<\/div>\n<div class=\"col-md-4\">\n<div class=\"ng-star-inserted\">\n<p><span class=\"space\">5.3<\/span>garota<\/p>\n<\/div>\n<\/div>\n<\/div>\n<\/div>\n<div class=\"ng-star-inserted\">\n<div class=\"row\">\n<div class=\"col-md-8\">\n<h4>Capacidade de \u00f3leo do motor<\/h4>\n<\/div>\n<div class=\"col-md-4\">\n<div class=\"ng-star-inserted\">\n<p><span class=\"space\">2<\/span>garota<\/p>\n<\/div>\n<\/div>\n<\/div>\n<\/div>\n<div class=\"ng-star-inserted\">\n<div class=\"row\">\n<div class=\"col-md-8\">\n<h4>Tens\u00e3o Operacional<\/h4>\n<\/div>\n<div class=\"col-md-4\">\n<div class=\"ng-star-inserted\">\n<p><span class=\"space\">12<\/span>V<\/p>\n<\/div>\n<\/div>\n<\/div>\n<\/div>\n<div class=\"ng-star-inserted\">\n<div class=\"row\">\n<div class=\"col-md-8\">\n<h4>Amperagem fornecida pelo alternador<\/h4>\n<\/div>\n<div class=\"col-md-4\">\n<div class=\"ng-star-inserted\">\n<p><span class=\"space\">40<\/span>amplificadores<\/p>\n<\/div>\n<\/div>\n<\/div>\n<\/div>\n<div class=\"ng-star-inserted\">\n<div class=\"row\">\n<div class=\"col-md-8\">\n<h4>Press\u00e3o da v\u00e1lvula de al\u00edvio do sistema hidr\u00e1ulico<\/h4>\n<\/div>\n<div class=\"col-md-4\">\n<div class=\"ng-star-inserted\">\n<p><span class=\"space\">3840<\/span>psi<\/p>\n<\/div>\n<\/div>\n<\/div>\n<\/div>\n<div class=\"ng-star-inserted\">\n<div class=\"row\">\n<div class=\"col-md-8\">\n<h4>Capacidade de fluxo da bomba hidr\u00e1ulica<\/h4>\n<\/div>\n<div class=\"col-md-4\">\n<div class=\"ng-star-inserted\">\n<p><span class=\"space\">37.2<\/span>gal\/min<\/p>\n<\/div>\n<\/div>\n<\/div>\n<\/div>\n<\/div>\n<div class=\"two-grid dimensions ng-star-inserted\">\n<div class=\"row\">\n<h3 class=\"col-md-12\">Mecanismo de balan\u00e7o<\/h3>\n<\/div>\n<div class=\"ng-star-inserted\">\n<div class=\"row\">\n<div class=\"col-md-8\">\n<h4>Velocidade de balan\u00e7o<\/h4>\n<\/div>\n<div class=\"col-md-4\">\n<div class=\"ng-star-inserted\">\n<p><span class=\"space\">9<\/span>rpm<\/p>\n<\/div>\n<\/div>\n<\/div>\n<\/div>\n<\/div>\n<\/div>\n<\/div>\n<\/div>","protected":false},"excerpt":{"rendered":"<p>Specification Komatsu PC70-8 Weight 6.59\u00a0t Transport length 6.08\u00a0m Transport width 2.225\u00a0m Transport height 2.5\u00a0m Bucket capacity min. 0.3\u00a0m\u00b3 Bucket capacity max. 0.37\u00a0m\u00b3 Track width 450\u00a0mm Max. Reach horizontal 6.22\u00a0m Dredging depth 4.1\u00a0m Tear-out force 54.8\u00a0kN Bucket width 0.655\u00a0m Engine manuf. Komatsu Engine type SAA4D95LE-5 Engine power 50.7\u00a0kW Displacement 3.26\u00a0l No. of cylinders 4 Cylinder bore [&hellip;]<\/p>","protected":false},"featured_media":2846,"template":"","meta":{"site-sidebar-layout":"default","site-content-layout":"default","ast-site-content-layout":"default","site-content-style":"default","site-sidebar-style":"default","ast-global-header-display":"","ast-banner-title-visibility":"","ast-main-header-display":"","ast-hfb-above-header-display":"","ast-hfb-below-header-display":"","ast-hfb-mobile-header-display":"","site-post-title":"","ast-breadcrumbs-content":"","ast-featured-img":"","footer-sml-layout":"","ast-disable-related-posts":"","theme-transparent-header-meta":"default","adv-header-id-meta":"","stick-header-meta":"","header-above-stick-meta":"","header-main-stick-meta":"","header-below-stick-meta":"","astra-migrate-meta-layouts":"default","ast-page-background-enabled":"default","ast-page-background-meta":{"desktop":{"background-color":"","background-image":"","background-repeat":"repeat","background-position":"center center","background-size":"auto","background-attachment":"scroll","background-type":"","background-media":"","overlay-type":"","overlay-color":"","overlay-opacity":"","overlay-gradient":""},"tablet":{"background-color":"","background-image":"","background-repeat":"repeat","background-position":"center center","background-size":"auto","background-attachment":"scroll","background-type":"","background-media":"","overlay-type":"","overlay-color":"","overlay-opacity":"","overlay-gradient":""},"mobile":{"background-color":"","background-image":"","background-repeat":"repeat","background-position":"center center","background-size":"auto","background-attachment":"scroll","background-type":"","background-media":"","overlay-type":"","overlay-color":"","overlay-opacity":"","overlay-gradient":""}},"ast-content-background-meta":{"desktop":{"background-color":"var(--ast-global-color-5)","background-image":"","background-repeat":"repeat","background-position":"center center","background-size":"auto","background-attachment":"scroll","background-type":"","background-media":"","overlay-type":"","overlay-color":"","overlay-opacity":"","overlay-gradient":""},"tablet":{"background-color":"var(--ast-global-color-5)","background-image":"","background-repeat":"repeat","background-position":"center center","background-size":"auto","background-attachment":"scroll","background-type":"","background-media":"","overlay-type":"","overlay-color":"","overlay-opacity":"","overlay-gradient":""},"mobile":{"background-color":"var(--ast-global-color-5)","background-image":"","background-repeat":"repeat","background-position":"center center","background-size":"auto","background-attachment":"scroll","background-type":"","background-media":"","overlay-type":"","overlay-color":"","overlay-opacity":"","overlay-gradient":""}}},"product_brand":[],"product_cat":[28],"product_tag":[],"class_list":{"0":"post-2839","1":"product","2":"type-product","3":"status-publish","4":"has-post-thumbnail","6":"product_cat-excavator","7":"desktop-align-left","8":"tablet-align-left","9":"mobile-align-left","11":"first","12":"instock","13":"shipping-taxable","14":"product-type-simple"},"_links":{"self":[{"href":"https:\/\/satisfybot.com\/pt\/wp-json\/wp\/v2\/product\/2839","targetHints":{"allow":["GET"]}}],"collection":[{"href":"https:\/\/satisfybot.com\/pt\/wp-json\/wp\/v2\/product"}],"about":[{"href":"https:\/\/satisfybot.com\/pt\/wp-json\/wp\/v2\/types\/product"}],"version-history":[{"count":0,"href":"https:\/\/satisfybot.com\/pt\/wp-json\/wp\/v2\/product\/2839\/revisions"}],"wp:featuredmedia":[{"embeddable":true,"href":"https:\/\/satisfybot.com\/pt\/wp-json\/wp\/v2\/media\/2846"}],"wp:attachment":[{"href":"https:\/\/satisfybot.com\/pt\/wp-json\/wp\/v2\/media?parent=2839"}],"wp:term":[{"taxonomy":"product_brand","embeddable":true,"href":"https:\/\/satisfybot.com\/pt\/wp-json\/wp\/v2\/product_brand?post=2839"},{"taxonomy":"product_cat","embeddable":true,"href":"https:\/\/satisfybot.com\/pt\/wp-json\/wp\/v2\/product_cat?post=2839"},{"taxonomy":"product_tag","embeddable":true,"href":"https:\/\/satisfybot.com\/pt\/wp-json\/wp\/v2\/product_tag?post=2839"}],"curies":[{"name":"wp","href":"https:\/\/api.w.org\/{rel}","templated":true}]}}