{"id":2864,"date":"2023-08-25T06:53:21","date_gmt":"2023-08-25T06:53:21","guid":{"rendered":"https:\/\/satisfybot.com\/?post_type=product&#038;p=2864"},"modified":"2023-08-25T07:04:18","modified_gmt":"2023-08-25T07:04:18","slug":"pc200-7-pc160-pc138us-pc130-pc128us-pc128pw-series-used-komatsu-small-excavator-compact-excavator-mini-excavator-medium-excavator","status":"publish","type":"product","link":"https:\/\/satisfybot.com\/pt\/produto\/pc200-7-pc160-pc138us-pc130-pc128us-pc128pw-series-used-komatsu-small-excavator-compact-excavator-mini-excavator-medium-excavator\/","title":{"rendered":"PC200-7 PC160 PC138US PC130 PC128US PC128PW S\u00e9rie Usada Komatsu Escavadeira Pequena Escavadeira Compacta Mini Escavadeira Escavadeira M\u00e9dia"},"content":{"rendered":"<div style=\"width: 720px;\" class=\"wp-video\"><!--[if lt IE 9]><script>document.createElement('video');<\/script><![endif]-->\n<video class=\"wp-video-shortcode\" id=\"video-2864-1\" width=\"720\" height=\"1280\" preload=\"metadata\" controls=\"controls\"><source type=\"video\/mp4\" src=\"https:\/\/satisfybot.com\/wp-content\/uploads\/2023\/08\/PC-200-\u89c6\u9891.mp4?_=1\" \/><a href=\"https:\/\/satisfybot.com\/wp-content\/uploads\/2023\/08\/PC-200-\u89c6\u9891.mp4\">https:\/\/satisfybot.com\/wp-content\/uploads\/2023\/08\/PC-200-\u89c6\u9891.mp4<\/a><\/video><\/div>\n<div style=\"width: 1280px;\" class=\"wp-video\"><video class=\"wp-video-shortcode\" id=\"video-2864-2\" width=\"1280\" height=\"720\" preload=\"metadata\" controls=\"controls\"><source type=\"video\/mp4\" src=\"https:\/\/satisfybot.com\/wp-content\/uploads\/2023\/08\/PC138US.mp4?_=2\" \/><a href=\"https:\/\/satisfybot.com\/wp-content\/uploads\/2023\/08\/PC138US.mp4\">https:\/\/satisfybot.com\/wp-content\/uploads\/2023\/08\/PC138US.mp4<\/a><\/video><\/div>\n<h3>Especifica\u00e7\u00e3o<\/h3>\n<p>&nbsp;<\/p>\n<p>Por favor clique: \u00a0<a href=\"https:\/\/satisfybot.com\/wp-content\/uploads\/2023\/08\/PC200_200LC-8MO_ZESSP208M0EP-01.pdf\">PC200_200LC-8MO_ZESSP208M0EP-01<\/a><\/p>\n<p>Informa\u00e7\u00f5es PC160: <a href=\"https:\/\/www.komatsu.jp\/en\/worldwide\/PDF\/PC160LC-8_CEN00344-02.pdf\" target=\"_blank\" rel=\"noopener\">https:\/\/www.komatsu.jp\/en\/worldwide\/PDF\/PC160LC-8_CEN00344-02.pdf<\/a><\/p>\n<p>&nbsp;<\/p>\n<h1 class=\"upper\">Escavadeira Komatsu PC200-6<\/h1>\n<div class=\"container-tech-specs\">\n<h4>Op\u00e7\u00e3o 1 de escavadeira de lan\u00e7a\/bra\u00e7o<\/h4>\n<table class=\"category-specs\">\n<tbody>\n<tr>\n<td>Altura m\u00e1xima de corte<\/td>\n<td>29,2 p\u00e9s (9 m)<\/td>\n<\/tr>\n<tr>\n<td>Profundidade m\u00e1xima de escava\u00e7\u00e3o<\/td>\n<td>18,2 p\u00e9s (5 m)<\/td>\n<\/tr>\n<tr>\n<td>Altura m\u00e1xima de carregamento<\/td>\n<td>19,9 p\u00e9s (6 m)<\/td>\n<\/tr>\n<tr>\n<td>Alcance m\u00e1ximo ao longo do solo<\/td>\n<td>28,7 p\u00e9s (9 m)<\/td>\n<\/tr>\n<tr>\n<td>Profundidade m\u00e1xima de escava\u00e7\u00e3o de parede vertical<\/td>\n<td>16,3 p\u00e9s (5 m)<\/td>\n<\/tr>\n<tr>\n<td>Altura de envio da unidade<\/td>\n<td>9,8 p\u00e9s (3 m)<\/td>\n<\/tr>\n<tr>\n<td>Comprimento de envio da unidade<\/td>\n<td>31,3 p\u00e9s (9 m)<\/td>\n<\/tr>\n<\/tbody>\n<\/table>\n<h4>Balde<\/h4>\n<table class=\"category-specs\">\n<tbody>\n<tr>\n<td>Capacidade m\u00e1xima do balde<\/td>\n<td>1,6 jardas c\u00fabicas (1 m)<\/td>\n<\/tr>\n<tr>\n<td>Capacidade m\u00ednima do balde<\/td>\n<td>0,7 jardas c\u00fabicas (0 m)<\/td>\n<\/tr>\n<tr>\n<td>Capacidade de refer\u00eancia do balde<\/td>\n<td>1,1 jardas c\u00fabicas (1 m)<\/td>\n<\/tr>\n<\/tbody>\n<\/table>\n<h4>Dimens\u00f5es<\/h4>\n<table class=\"category-specs\">\n<tbody>\n<tr>\n<td>Dist\u00e2ncia ao solo<\/td>\n<td>1,5 p\u00e9s (0 m)<\/td>\n<\/tr>\n<tr>\n<td>Altura \u2013 Parte superior da cabine<\/td>\n<td>9,6 p\u00e9s (3 m)<\/td>\n<\/tr>\n<tr>\n<td>Comprimento da pista no solo<\/td>\n<td>3 m (10,8 p\u00e9s)<\/td>\n<\/tr>\n<tr>\n<td>Folga do contrapeso de remo\u00e7\u00e3o<\/td>\n<td>3,6 p\u00e9s (1 m)<\/td>\n<\/tr>\n<tr>\n<td>Raio de balan\u00e7o da cauda<\/td>\n<td>9,1 p\u00e9s (3 m)<\/td>\n<\/tr>\n<tr>\n<td>Largura para fora dos trilhos<\/td>\n<td>9,2 p\u00e9s (3 m)<\/td>\n<\/tr>\n<\/tbody>\n<\/table>\n<h4>Motor<\/h4>\n<table class=\"category-specs\">\n<tbody>\n<tr>\n<td>Deslocamento<\/td>\n<td>358,9 pol. c\u00fabicos (0 m)<\/td>\n<\/tr>\n<tr>\n<td>Modelo de motor<\/td>\n<td>S6D102E<\/td>\n<\/tr>\n<tr>\n<td>Pot\u00eancia L\u00edquida<\/td>\n<td>132,8 cv (98 kW)<\/td>\n<\/tr>\n<tr>\n<td>Pot\u00eancia medida @<\/td>\n<td>2.200 rpm<\/td>\n<\/tr>\n<\/tbody>\n<\/table>\n<h4>Especifica\u00e7\u00f5es operacionais<\/h4>\n<table class=\"category-specs\">\n<tbody>\n<tr>\n<td>Capacidade de combust\u00edvel<\/td>\n<td>89,9 gal\u00f5es (337 l)<\/td>\n<\/tr>\n<tr>\n<td>Capacidade de fluxo da bomba hidr\u00e1ulica<\/td>\n<td>108,9 gal\/min (409 l\/min)<\/td>\n<\/tr>\n<tr>\n<td>Capacidade de Fluidos do Sistema Hidr\u00e1ulico<\/td>\n<td>43,9 gal\u00f5es (163 l)<\/td>\n<\/tr>\n<tr>\n<td>Press\u00e3o da v\u00e1lvula de al\u00edvio do sistema hidr\u00e1ulico<\/td>\n<td>5.050 psi<\/td>\n<\/tr>\n<tr>\n<td>Peso operacional<\/td>\n<td>42.284,7 libras (19.180 kg)<\/td>\n<\/tr>\n<\/tbody>\n<\/table>\n<h4>Mecanismo de balan\u00e7o<\/h4>\n<table class=\"category-specs\">\n<tbody>\n<tr>\n<td>Velocidade de balan\u00e7o<\/td>\n<td>12,4rpm<\/td>\n<\/tr>\n<\/tbody>\n<\/table>\n<h4>Material rodante<\/h4>\n<table class=\"category-specs\">\n<tbody>\n<tr>\n<td>Press\u00e3o sobre o solo<\/td>\n<td>6,4psi<\/td>\n<\/tr>\n<tr>\n<td>Velocidade m\u00e1xima de viagem<\/td>\n<td>3,5 mph (5 km\/h)<\/td>\n<\/tr>\n<tr>\n<td>Tamanho de sapato<\/td>\n<td>58 cm (23,7 pol.)<\/td>\n<\/tr>\n<tr>\n<td>Bitola<\/td>\n<td>7,3 p\u00e9s (2 m)<\/td>\n<\/tr>\n<\/tbody>\n<\/table>\n<p>&nbsp;<\/p>\n<\/div>","protected":false},"excerpt":{"rendered":"<p>Specification &nbsp; Please click: \u00a0PC200_200LC-8MO_ZESSP208M0EP-01 PC160 information\uff1a https:\/\/www.komatsu.jp\/en\/worldwide\/PDF\/PC160LC-8_CEN00344-02.pdf &nbsp; Komatsu PC200-6 Excavator Boom\/Stick Excavator Option 1 Max Cutting Height 29.2 ft (9 m) Max Digging Depth 18.2 ft (5 m) Max Loading Height 19.9 ft (6 m) Max Reach Along Ground 28.7 ft (9 m) Max Vertical Wall Digging Depth 16.3 ft (5 m) Shipping [&hellip;]<\/p>","protected":false},"featured_media":2866,"template":"","meta":{"site-sidebar-layout":"default","site-content-layout":"default","ast-site-content-layout":"default","site-content-style":"default","site-sidebar-style":"default","ast-global-header-display":"","ast-banner-title-visibility":"","ast-main-header-display":"","ast-hfb-above-header-display":"","ast-hfb-below-header-display":"","ast-hfb-mobile-header-display":"","site-post-title":"","ast-breadcrumbs-content":"","ast-featured-img":"","footer-sml-layout":"","ast-disable-related-posts":"","theme-transparent-header-meta":"default","adv-header-id-meta":"","stick-header-meta":"","header-above-stick-meta":"","header-main-stick-meta":"","header-below-stick-meta":"","astra-migrate-meta-layouts":"default","ast-page-background-enabled":"default","ast-page-background-meta":{"desktop":{"background-color":"","background-image":"","background-repeat":"repeat","background-position":"center center","background-size":"auto","background-attachment":"scroll","background-type":"","background-media":"","overlay-type":"","overlay-color":"","overlay-opacity":"","overlay-gradient":""},"tablet":{"background-color":"","background-image":"","background-repeat":"repeat","background-position":"center center","background-size":"auto","background-attachment":"scroll","background-type":"","background-media":"","overlay-type":"","overlay-color":"","overlay-opacity":"","overlay-gradient":""},"mobile":{"background-color":"","background-image":"","background-repeat":"repeat","background-position":"center center","background-size":"auto","background-attachment":"scroll","background-type":"","background-media":"","overlay-type":"","overlay-color":"","overlay-opacity":"","overlay-gradient":""}},"ast-content-background-meta":{"desktop":{"background-color":"var(--ast-global-color-5)","background-image":"","background-repeat":"repeat","background-position":"center center","background-size":"auto","background-attachment":"scroll","background-type":"","background-media":"","overlay-type":"","overlay-color":"","overlay-opacity":"","overlay-gradient":""},"tablet":{"background-color":"var(--ast-global-color-5)","background-image":"","background-repeat":"repeat","background-position":"center center","background-size":"auto","background-attachment":"scroll","background-type":"","background-media":"","overlay-type":"","overlay-color":"","overlay-opacity":"","overlay-gradient":""},"mobile":{"background-color":"var(--ast-global-color-5)","background-image":"","background-repeat":"repeat","background-position":"center center","background-size":"auto","background-attachment":"scroll","background-type":"","background-media":"","overlay-type":"","overlay-color":"","overlay-opacity":"","overlay-gradient":""}}},"product_brand":[],"product_cat":[28],"product_tag":[],"class_list":{"0":"post-2864","1":"product","2":"type-product","3":"status-publish","4":"has-post-thumbnail","6":"product_cat-excavator","7":"desktop-align-left","8":"tablet-align-left","9":"mobile-align-left","11":"first","12":"instock","13":"shipping-taxable","14":"product-type-simple"},"_links":{"self":[{"href":"https:\/\/satisfybot.com\/pt\/wp-json\/wp\/v2\/product\/2864","targetHints":{"allow":["GET"]}}],"collection":[{"href":"https:\/\/satisfybot.com\/pt\/wp-json\/wp\/v2\/product"}],"about":[{"href":"https:\/\/satisfybot.com\/pt\/wp-json\/wp\/v2\/types\/product"}],"version-history":[{"count":0,"href":"https:\/\/satisfybot.com\/pt\/wp-json\/wp\/v2\/product\/2864\/revisions"}],"wp:featuredmedia":[{"embeddable":true,"href":"https:\/\/satisfybot.com\/pt\/wp-json\/wp\/v2\/media\/2866"}],"wp:attachment":[{"href":"https:\/\/satisfybot.com\/pt\/wp-json\/wp\/v2\/media?parent=2864"}],"wp:term":[{"taxonomy":"product_brand","embeddable":true,"href":"https:\/\/satisfybot.com\/pt\/wp-json\/wp\/v2\/product_brand?post=2864"},{"taxonomy":"product_cat","embeddable":true,"href":"https:\/\/satisfybot.com\/pt\/wp-json\/wp\/v2\/product_cat?post=2864"},{"taxonomy":"product_tag","embeddable":true,"href":"https:\/\/satisfybot.com\/pt\/wp-json\/wp\/v2\/product_tag?post=2864"}],"curies":[{"name":"wp","href":"https:\/\/api.w.org\/{rel}","templated":true}]}}