{"id":2924,"date":"2023-09-04T02:46:41","date_gmt":"2023-09-04T02:46:41","guid":{"rendered":"https:\/\/satisfybot.com\/?post_type=product&#038;p=2924"},"modified":"2023-09-04T03:16:02","modified_gmt":"2023-09-04T03:16:02","slug":"lonking-6ton-excavator-cdm6060-earthmoving-machinery-crawler-excavator-6ton-mini-excavator-cdm6060","status":"publish","type":"product","link":"https:\/\/satisfybot.com\/pt\/produto\/lonking-6ton-excavator-cdm6060-earthmoving-machinery-crawler-excavator-6ton-mini-excavator-cdm6060\/","title":{"rendered":"Escavadeira LONKING 6Ton CDM6060 M\u00e1quinas de terraplenagem Escavadeira de esteira 6ton Mini Escavadeira CDM6060"},"content":{"rendered":"<p><img decoding=\"async\" class=\"aligncenter size-full wp-image-2919\" src=\"https:\/\/satisfybot.com\/wp-content\/uploads\/2023\/09\/IMG_20230811_150035.heic\" alt=\"\" \/> <img decoding=\"async\" class=\"aligncenter size-full wp-image-2918\" src=\"https:\/\/satisfybot.com\/wp-content\/uploads\/2023\/09\/IMG_20230811_145909.heic\" alt=\"\" \/><\/p>\n<h3>Escavadeira LONKING 6Ton CDM6060W M\u00e1quinas de terraplenagem Escavadeira de esteira Miniescavadeira de 6ton<\/h3>\n<p>&nbsp;<\/p>\n<p><img fetchpriority=\"high\" decoding=\"async\" class=\"aligncenter size-full wp-image-2922\" src=\"https:\/\/satisfybot.com\/wp-content\/uploads\/2023\/09\/6060W-4.webp\" alt=\"\" width=\"960\" height=\"948\" srcset=\"https:\/\/satisfybot.com\/wp-content\/uploads\/2023\/09\/6060W-4.webp 960w, https:\/\/satisfybot.com\/wp-content\/uploads\/2023\/09\/6060W-4-300x296.webp 300w, https:\/\/satisfybot.com\/wp-content\/uploads\/2023\/09\/6060W-4-768x758.webp 768w, https:\/\/satisfybot.com\/wp-content\/uploads\/2023\/09\/6060W-4-12x12.webp 12w, https:\/\/satisfybot.com\/wp-content\/uploads\/2023\/09\/6060W-4-600x593.webp 600w, https:\/\/satisfybot.com\/wp-content\/uploads\/2023\/09\/6060W-4-100x100.webp 100w\" sizes=\"(max-width: 960px) 100vw, 960px\" \/><\/p>\n<p><img decoding=\"async\" class=\"aligncenter size-large wp-image-2927\" src=\"https:\/\/satisfybot.com\/wp-content\/uploads\/2023\/09\/IMG_20230811_145624-1024x768.jpg\" alt=\"\" width=\"1024\" height=\"768\" srcset=\"https:\/\/satisfybot.com\/wp-content\/uploads\/2023\/09\/IMG_20230811_145624-1024x768.jpg 1024w, https:\/\/satisfybot.com\/wp-content\/uploads\/2023\/09\/IMG_20230811_145624-300x225.jpg 300w, https:\/\/satisfybot.com\/wp-content\/uploads\/2023\/09\/IMG_20230811_145624-768x576.jpg 768w, https:\/\/satisfybot.com\/wp-content\/uploads\/2023\/09\/IMG_20230811_145624-1536x1152.jpg 1536w, https:\/\/satisfybot.com\/wp-content\/uploads\/2023\/09\/IMG_20230811_145624-16x12.jpg 16w, https:\/\/satisfybot.com\/wp-content\/uploads\/2023\/09\/IMG_20230811_145624-600x450.jpg 600w, https:\/\/satisfybot.com\/wp-content\/uploads\/2023\/09\/IMG_20230811_145624.jpg 1920w\" sizes=\"(max-width: 1024px) 100vw, 1024px\" \/><\/p>\n<h4>Atributos espec\u00edficos do setor<\/h4>\n<div class=\"structure-table\">\n<div class=\"structure-row\">\n<div class=\"col-left\">Peso operacional<\/div>\n<div class=\"col-right\">6.050 kg<\/div>\n<\/div>\n<div class=\"structure-row\">\n<div class=\"col-left\">Capacidade do balde<\/div>\n<div class=\"col-right\">0,25m\u00b3<\/div>\n<\/div>\n<div class=\"structure-row\">\n<div class=\"col-left\">Marca do motor<\/div>\n<div class=\"col-right\">YANMAR<\/div>\n<\/div>\n<div class=\"structure-row\">\n<div class=\"col-left\">Poder<\/div>\n<div class=\"col-right\">36,5 kW<\/div>\n<\/div>\n<\/div>\n<h4>Outros atributos<\/h4>\n<div class=\"structure-table\">\n<div class=\"structure-row\">\n<div class=\"col-left\">Ind\u00fastrias Aplic\u00e1veis<\/div>\n<div class=\"col-right\">Lojas de roupas, lojas de materiais de constru\u00e7\u00e3o, oficinas de conserto de m\u00e1quinas, f\u00e1bricas, fazendas, uso dom\u00e9stico, varejo, gr\u00e1ficas, obras de constru\u00e7\u00e3o, energia e minera\u00e7\u00e3o<\/div>\n<\/div>\n<div class=\"structure-row\">\n<div class=\"col-left\">Localiza\u00e7\u00e3o do showroom<\/div>\n<div class=\"col-right\">Nenhum<\/div>\n<\/div>\n<div class=\"structure-row\">\n<div class=\"col-left\">Lugar de origem<\/div>\n<div class=\"col-right\">Xangai, China<\/div>\n<\/div>\n<div class=\"structure-row\">\n<div class=\"col-left\">Doen\u00e7a<\/div>\n<div class=\"col-right\">Novo<\/div>\n<\/div>\n<div class=\"structure-row\">\n<div class=\"col-left\">garantia<\/div>\n<div class=\"col-right\">1,5 anos<\/div>\n<\/div>\n<div class=\"structure-row\">\n<div class=\"col-left\">Marca de cilindro hidr\u00e1ulico<\/div>\n<div class=\"col-right\">Lonking<\/div>\n<\/div>\n<div class=\"structure-row\">\n<div class=\"col-left\">Marca de bomba hidr\u00e1ulica<\/div>\n<div class=\"col-right\">Lonking<\/div>\n<\/div>\n<div class=\"structure-row\">\n<div class=\"col-left\">Marca de v\u00e1lvula hidr\u00e1ulica<\/div>\n<div class=\"col-right\">Lonking<\/div>\n<\/div>\n<div class=\"structure-row\">\n<div class=\"col-left\">PONTO DE VENDA \u00daNICO<\/div>\n<div class=\"col-right\">Alta efici\u00eancia operacional<\/div>\n<\/div>\n<div class=\"structure-row\">\n<div class=\"col-left\">Relat\u00f3rio de teste de m\u00e1quinas<\/div>\n<div class=\"col-right\">Oferecido<\/div>\n<\/div>\n<div class=\"structure-row\">\n<div class=\"col-left\">Inspe\u00e7\u00e3o de sa\u00edda de v\u00eddeo<\/div>\n<div class=\"col-right\">Oferecido<\/div>\n<\/div>\n<div class=\"structure-row\">\n<div class=\"col-left\">Tipo de marketing<\/div>\n<div class=\"col-right\">Novo produto 2020<\/div>\n<\/div>\n<div class=\"structure-row\">\n<div class=\"col-left\">Garantia dos componentes principais<\/div>\n<div class=\"col-right\">1,5 anos<\/div>\n<\/div>\n<div class=\"structure-row\">\n<div class=\"col-left\" data-spm-anchor-id=\"a2700.details.0.i23.78297110CYTFKu\">Componentes do n\u00facleo<\/div>\n<div class=\"col-right\">Vaso de press\u00e3o, motor, engrenagem, motor, bomba, rolamento, caixa de engrenagens<\/div>\n<\/div>\n<div class=\"structure-row\">\n<div class=\"col-left\">Marca<\/div>\n<div class=\"col-right\">Lonking<\/div>\n<\/div>\n<div class=\"structure-row\">\n<div class=\"col-left\">Tipo m\u00f3vel<\/div>\n<div class=\"col-right\">Escavadeira de esteira<\/div>\n<\/div>\n<div class=\"structure-row\">\n<div class=\"col-left\">Altura m\u00e1xima de escava\u00e7\u00e3o<\/div>\n<div class=\"col-right\">5.965 mm<\/div>\n<\/div>\n<div class=\"structure-row\">\n<div class=\"col-left\">Profundidade m\u00e1xima de escava\u00e7\u00e3o<\/div>\n<div class=\"col-right\">3762 mm<\/div>\n<\/div>\n<div class=\"structure-row\">\n<div class=\"col-left\">Raio m\u00e1ximo de escava\u00e7\u00e3o<\/div>\n<div class=\"col-right\">5.965 milh\u00f5es<\/div>\n<\/div>\n<div class=\"structure-row\">\n<div class=\"col-left\">Velocidade nominal<\/div>\n<div class=\"col-right\">5,5\/2,0 km\/h<\/div>\n<\/div>\n<div class=\"structure-row\">\n<div class=\"col-left\">Servi\u00e7o p\u00f3s-venda fornecido<\/div>\n<div class=\"col-right\">Engenheiros dispon\u00edveis para fazer manuten\u00e7\u00e3o em m\u00e1quinas no exterior<\/div>\n<\/div>\n<div class=\"structure-row\">\n<div class=\"col-left\">Cor<\/div>\n<div class=\"col-right\">Personalizado<\/div>\n<\/div>\n<div class=\"structure-row\">\n<div class=\"col-left\">garantia<\/div>\n<div class=\"col-right\" data-spm-anchor-id=\"a2700.details.0.i24.78297110CYTFKu\">12 meses<\/div>\n<\/div>\n<\/div>\n<p><img decoding=\"async\" class=\"aligncenter size-full wp-image-2917\" src=\"https:\/\/satisfybot.com\/wp-content\/uploads\/2023\/09\/IMG_20230811_150041.heic\" alt=\"\" \/> <img decoding=\"async\" class=\"aligncenter size-full wp-image-2918\" src=\"https:\/\/satisfybot.com\/wp-content\/uploads\/2023\/09\/IMG_20230811_145909.heic\" alt=\"\" \/> <img decoding=\"async\" class=\"aligncenter size-large wp-image-2915\" src=\"https:\/\/satisfybot.com\/wp-content\/uploads\/2023\/09\/IMG_20230811_145722-762x1024.jpg\" alt=\"\" width=\"762\" height=\"1024\" srcset=\"https:\/\/satisfybot.com\/wp-content\/uploads\/2023\/09\/IMG_20230811_145722-762x1024.jpg 762w, https:\/\/satisfybot.com\/wp-content\/uploads\/2023\/09\/IMG_20230811_145722-223x300.jpg 223w, https:\/\/satisfybot.com\/wp-content\/uploads\/2023\/09\/IMG_20230811_145722-768x1032.jpg 768w, https:\/\/satisfybot.com\/wp-content\/uploads\/2023\/09\/IMG_20230811_145722-9x12.jpg 9w, https:\/\/satisfybot.com\/wp-content\/uploads\/2023\/09\/IMG_20230811_145722-600x806.jpg 600w, https:\/\/satisfybot.com\/wp-content\/uploads\/2023\/09\/IMG_20230811_145722.jpg 1072w\" sizes=\"(max-width: 762px) 100vw, 762px\" \/> <img decoding=\"async\" class=\"aligncenter size-full wp-image-2916\" src=\"https:\/\/satisfybot.com\/wp-content\/uploads\/2023\/09\/IMG_20230811_145829.heic\" alt=\"\" \/><\/p>\n<p><img decoding=\"async\" class=\"aligncenter size-large wp-image-2915\" src=\"https:\/\/satisfybot.com\/wp-content\/uploads\/2023\/09\/IMG_20230811_145722-762x1024.jpg\" alt=\"\" width=\"762\" height=\"1024\" srcset=\"https:\/\/satisfybot.com\/wp-content\/uploads\/2023\/09\/IMG_20230811_145722-762x1024.jpg 762w, https:\/\/satisfybot.com\/wp-content\/uploads\/2023\/09\/IMG_20230811_145722-223x300.jpg 223w, https:\/\/satisfybot.com\/wp-content\/uploads\/2023\/09\/IMG_20230811_145722-768x1032.jpg 768w, https:\/\/satisfybot.com\/wp-content\/uploads\/2023\/09\/IMG_20230811_145722-9x12.jpg 9w, https:\/\/satisfybot.com\/wp-content\/uploads\/2023\/09\/IMG_20230811_145722-600x806.jpg 600w, https:\/\/satisfybot.com\/wp-content\/uploads\/2023\/09\/IMG_20230811_145722.jpg 1072w\" sizes=\"(max-width: 762px) 100vw, 762px\" \/><\/p>","protected":false},"excerpt":{"rendered":"<p>LONKING 6Ton Excavator CDM6060W Earthmoving Machinery Crawler Excavator 6ton Mini Excavator &nbsp; Industry-specific attributes Operating Weight 6050kg Bucket capacity 0.25m\u00b3 Engine Brand YANMAR Power 36.5kw Other attributes Applicable Industries Garment Shops, Building Material Shops, Machinery Repair Shops, Manufacturing Plant, Farms, Home Use, Retail, Printing Shops, Construction works\u00a0, Energy &amp; Mining Showroom Location None Place of [&hellip;]<\/p>","protected":false},"featured_media":2920,"template":"","meta":{"site-sidebar-layout":"default","site-content-layout":"default","ast-site-content-layout":"default","site-content-style":"default","site-sidebar-style":"default","ast-global-header-display":"","ast-banner-title-visibility":"","ast-main-header-display":"","ast-hfb-above-header-display":"","ast-hfb-below-header-display":"","ast-hfb-mobile-header-display":"","site-post-title":"","ast-breadcrumbs-content":"","ast-featured-img":"","footer-sml-layout":"","ast-disable-related-posts":"","theme-transparent-header-meta":"default","adv-header-id-meta":"","stick-header-meta":"","header-above-stick-meta":"","header-main-stick-meta":"","header-below-stick-meta":"","astra-migrate-meta-layouts":"default","ast-page-background-enabled":"default","ast-page-background-meta":{"desktop":{"background-color":"","background-image":"","background-repeat":"repeat","background-position":"center center","background-size":"auto","background-attachment":"scroll","background-type":"","background-media":"","overlay-type":"","overlay-color":"","overlay-opacity":"","overlay-gradient":""},"tablet":{"background-color":"","background-image":"","background-repeat":"repeat","background-position":"center center","background-size":"auto","background-attachment":"scroll","background-type":"","background-media":"","overlay-type":"","overlay-color":"","overlay-opacity":"","overlay-gradient":""},"mobile":{"background-color":"","background-image":"","background-repeat":"repeat","background-position":"center center","background-size":"auto","background-attachment":"scroll","background-type":"","background-media":"","overlay-type":"","overlay-color":"","overlay-opacity":"","overlay-gradient":""}},"ast-content-background-meta":{"desktop":{"background-color":"var(--ast-global-color-5)","background-image":"","background-repeat":"repeat","background-position":"center center","background-size":"auto","background-attachment":"scroll","background-type":"","background-media":"","overlay-type":"","overlay-color":"","overlay-opacity":"","overlay-gradient":""},"tablet":{"background-color":"var(--ast-global-color-5)","background-image":"","background-repeat":"repeat","background-position":"center center","background-size":"auto","background-attachment":"scroll","background-type":"","background-media":"","overlay-type":"","overlay-color":"","overlay-opacity":"","overlay-gradient":""},"mobile":{"background-color":"var(--ast-global-color-5)","background-image":"","background-repeat":"repeat","background-position":"center center","background-size":"auto","background-attachment":"scroll","background-type":"","background-media":"","overlay-type":"","overlay-color":"","overlay-opacity":"","overlay-gradient":""}}},"product_brand":[],"product_cat":[28],"product_tag":[],"class_list":{"0":"post-2924","1":"product","2":"type-product","3":"status-publish","4":"has-post-thumbnail","6":"product_cat-excavator","7":"desktop-align-left","8":"tablet-align-left","9":"mobile-align-left","11":"first","12":"instock","13":"shipping-taxable","14":"product-type-simple"},"_links":{"self":[{"href":"https:\/\/satisfybot.com\/pt\/wp-json\/wp\/v2\/product\/2924","targetHints":{"allow":["GET"]}}],"collection":[{"href":"https:\/\/satisfybot.com\/pt\/wp-json\/wp\/v2\/product"}],"about":[{"href":"https:\/\/satisfybot.com\/pt\/wp-json\/wp\/v2\/types\/product"}],"version-history":[{"count":3,"href":"https:\/\/satisfybot.com\/pt\/wp-json\/wp\/v2\/product\/2924\/revisions"}],"predecessor-version":[{"id":2931,"href":"https:\/\/satisfybot.com\/pt\/wp-json\/wp\/v2\/product\/2924\/revisions\/2931"}],"wp:featuredmedia":[{"embeddable":true,"href":"https:\/\/satisfybot.com\/pt\/wp-json\/wp\/v2\/media\/2920"}],"wp:attachment":[{"href":"https:\/\/satisfybot.com\/pt\/wp-json\/wp\/v2\/media?parent=2924"}],"wp:term":[{"taxonomy":"product_brand","embeddable":true,"href":"https:\/\/satisfybot.com\/pt\/wp-json\/wp\/v2\/product_brand?post=2924"},{"taxonomy":"product_cat","embeddable":true,"href":"https:\/\/satisfybot.com\/pt\/wp-json\/wp\/v2\/product_cat?post=2924"},{"taxonomy":"product_tag","embeddable":true,"href":"https:\/\/satisfybot.com\/pt\/wp-json\/wp\/v2\/product_tag?post=2924"}],"curies":[{"name":"wp","href":"https:\/\/api.w.org\/{rel}","templated":true}]}}