{"id":2933,"date":"2023-09-04T08:56:03","date_gmt":"2023-09-04T08:56:03","guid":{"rendered":"https:\/\/satisfybot.com\/?post_type=product&#038;p=2933"},"modified":"2023-09-04T08:56:04","modified_gmt":"2023-09-04T08:56:04","slug":"used-komatsu-excavator-medium-excavator-large-excavator-pc220-8-pc210-pc228us-pc240-pc300-medium-excavator","status":"publish","type":"product","link":"https:\/\/satisfybot.com\/pt\/produto\/used-komatsu-excavator-medium-excavator-large-excavator-pc220-8-pc210-pc228us-pc240-pc300-medium-excavator\/","title":{"rendered":"Escavadeira Komatsu usada Escavadeira m\u00e9dia Escavadeira grande PC220-8 PC210 PC228us PC240 PC300 Escavadeira m\u00e9dia"},"content":{"rendered":"<h3>Escavadeira Komatsu usada Escavadeira m\u00e9dia Escavadeira grande PC220-8 PC210 PC228us PC240 PC300 Escavadeira m\u00e9dia<\/h3>\n<p><img fetchpriority=\"high\" decoding=\"async\" class=\"aligncenter size-large wp-image-2937\" src=\"https:\/\/satisfybot.com\/wp-content\/uploads\/2023\/09\/1e36dba780d1549bfaa048f562423a3-1024x768.jpg\" alt=\"\" width=\"1024\" height=\"768\" srcset=\"https:\/\/satisfybot.com\/wp-content\/uploads\/2023\/09\/1e36dba780d1549bfaa048f562423a3-1024x768.jpg 1024w, https:\/\/satisfybot.com\/wp-content\/uploads\/2023\/09\/1e36dba780d1549bfaa048f562423a3-300x225.jpg 300w, https:\/\/satisfybot.com\/wp-content\/uploads\/2023\/09\/1e36dba780d1549bfaa048f562423a3-768x576.jpg 768w, https:\/\/satisfybot.com\/wp-content\/uploads\/2023\/09\/1e36dba780d1549bfaa048f562423a3-16x12.jpg 16w, https:\/\/satisfybot.com\/wp-content\/uploads\/2023\/09\/1e36dba780d1549bfaa048f562423a3-600x450.jpg 600w, https:\/\/satisfybot.com\/wp-content\/uploads\/2023\/09\/1e36dba780d1549bfaa048f562423a3.jpg 1440w\" sizes=\"(max-width: 1024px) 100vw, 1024px\" \/><\/p>\n<div style=\"width: 720px;\" class=\"wp-video\"><!--[if lt IE 9]><script>document.createElement('video');<\/script><![endif]-->\n<video class=\"wp-video-shortcode\" id=\"video-2933-1\" width=\"720\" height=\"1280\" preload=\"metadata\" controls=\"controls\"><source type=\"video\/mp4\" src=\"https:\/\/satisfybot.com\/wp-content\/uploads\/2023\/09\/29826c194a9666e83cd723bb3ec7a535.mp4?_=1\" \/><a href=\"https:\/\/satisfybot.com\/wp-content\/uploads\/2023\/09\/29826c194a9666e83cd723bb3ec7a535.mp4\">https:\/\/satisfybot.com\/wp-content\/uploads\/2023\/09\/29826c194a9666e83cd723bb3ec7a535.mp4<\/a><\/video><\/div>\n<div style=\"width: 544px;\" class=\"wp-video\"><video class=\"wp-video-shortcode\" id=\"video-2933-2\" width=\"544\" height=\"960\" preload=\"metadata\" controls=\"controls\"><source type=\"video\/mp4\" src=\"https:\/\/satisfybot.com\/wp-content\/uploads\/2023\/09\/284e3787c684e0f0aa42e18693fbaa1a.mp4?_=2\" \/><a href=\"https:\/\/satisfybot.com\/wp-content\/uploads\/2023\/09\/284e3787c684e0f0aa42e18693fbaa1a.mp4\">https:\/\/satisfybot.com\/wp-content\/uploads\/2023\/09\/284e3787c684e0f0aa42e18693fbaa1a.mp4<\/a><\/video><\/div>\n<div style=\"width: 1280px;\" class=\"wp-video\"><video class=\"wp-video-shortcode\" id=\"video-2933-3\" width=\"1280\" height=\"720\" preload=\"metadata\" controls=\"controls\"><source type=\"video\/mp4\" src=\"https:\/\/satisfybot.com\/wp-content\/uploads\/2023\/09\/fdd3732292058952aac9badb97435b70.mp4?_=3\" \/><a href=\"https:\/\/satisfybot.com\/wp-content\/uploads\/2023\/09\/fdd3732292058952aac9badb97435b70.mp4\">https:\/\/satisfybot.com\/wp-content\/uploads\/2023\/09\/fdd3732292058952aac9badb97435b70.mp4<\/a><\/video><\/div>\n<p>escavadeira Komastu usada, bom estado Escavadeira Komastu m\u00e9dia, escavadeira grande, escavadeira hidr\u00e1ulica de esteira usada\/m\u00e1quina de escava\u00e7\u00e3o usada<\/p>\n<div class=\"J_module\">\n<div id=\"ali-anchor-AliMagic-6abw5q\" class=\"magic-0\" data-section=\"AliMagic-6abw5q\" data-section-title=\"Product Paramenters\">Par\u00e2metros do produto<\/div>\n<\/div>\n<div class=\"J_module\">\n<div class=\"ife-detail-decorate-table\">\n<table class=\"all magic-8\">\n<tbody>\n<tr>\n<td colspan=\"2\" rowspan=\"1\">\n<div class=\"magic-9\">\n<div class=\"magic-10\" data-spm-anchor-id=\"a2700.custom-template.0.i36.5a2c3333PjyoT1\"><b data-spm-anchor-id=\"a2700.custom-template.0.i80.5a2c3333PjyoT1\"><span class=\"magic-7\">Marca\u00a0<\/span><\/b><\/div>\n<\/div>\n<\/td>\n<td colspan=\"3\" rowspan=\"1\">\n<div class=\"magic-14\">\n<div class=\"magic-10\" data-spm-anchor-id=\"0.0.0.i2.28f44f05mlrOnv\">KOMATSU<\/div>\n<\/div>\n<\/td>\n<\/tr>\n<tr>\n<td colspan=\"2\" rowspan=\"1\">\n<div class=\"magic-9\"><b><span class=\"magic-7\">Modelo<\/span><\/b><\/div>\n<\/td>\n<td colspan=\"3\" rowspan=\"1\">\n<div class=\"magic-14\">PC220-8<\/div>\n<\/td>\n<\/tr>\n<tr>\n<td colspan=\"2\" rowspan=\"1\">\n<div class=\"magic-9\"><b><span class=\"magic-7\">Ano<\/span><\/b><\/div>\n<\/td>\n<td colspan=\"3\" rowspan=\"1\">\n<div class=\"magic-14\">2020<\/div>\n<\/td>\n<\/tr>\n<tr>\n<td colspan=\"2\" rowspan=\"1\">\n<div class=\"magic-16\"><b><span class=\"magic-7\">Origem<\/span><\/b><\/div>\n<\/td>\n<td colspan=\"3\" rowspan=\"1\">\n<div class=\"magic-17\">JAP\u00c3O<\/div>\n<\/td>\n<\/tr>\n<tr>\n<td colspan=\"2\" rowspan=\"1\">\n<div class=\"magic-16\"><b data-spm-anchor-id=\"a2700.custom-template.0.i95.5a2c3333PjyoT1\"><span class=\"magic-7\">Jornada de trabalho<\/span><\/b><\/div>\n<\/td>\n<td colspan=\"3\" rowspan=\"1\">\n<div class=\"magic-17\">3 horas<\/div>\n<\/td>\n<\/tr>\n<tr>\n<td colspan=\"2\" rowspan=\"1\">\n<div class=\"magic-16\"><b data-spm-anchor-id=\"a2700.custom-template.0.i98.5a2c3333PjyoT1\"><span class=\"magic-7\">Peso operacional<\/span><\/b><\/div>\n<\/td>\n<td colspan=\"3\" rowspan=\"1\">\n<div class=\"magic-17\">23100kg<\/div>\n<\/td>\n<\/tr>\n<tr>\n<td colspan=\"2\" rowspan=\"1\">\n<div class=\"magic-16\"><span class=\"magic-7\"><b>Tamanho<\/b><\/span><\/div>\n<\/td>\n<td colspan=\"3\" rowspan=\"1\">\n<div class=\"magic-17\">9885*5190*3185mm<\/div>\n<\/td>\n<\/tr>\n<tr>\n<td colspan=\"2\" rowspan=\"1\">\n<div class=\"magic-16\"><b data-spm-anchor-id=\"a2700.custom-template.0.i107.5a2c3333PjyoT1\"><span class=\"magic-7\">Altura m\u00e1xima de escava\u00e7\u00e3o<\/span><\/b><\/div>\n<\/td>\n<td colspan=\"3\" rowspan=\"1\">\n<div class=\"magic-17\">10.000 mm<\/div>\n<\/td>\n<\/tr>\n<tr>\n<td colspan=\"2\" rowspan=\"1\">\n<div class=\"magic-16\"><b data-spm-anchor-id=\"a2700.custom-template.0.i110.5a2c3333PjyoT1\"><span class=\"magic-7\">Profundidade m\u00e1xima de escava\u00e7\u00e3o<\/span><\/b><\/div>\n<\/td>\n<td colspan=\"3\" rowspan=\"1\">\n<div class=\"magic-17\">6.920 mm<\/div>\n<\/td>\n<\/tr>\n<tr>\n<td colspan=\"2\" rowspan=\"1\">\n<div class=\"magic-16\"><b data-spm-anchor-id=\"a2700.custom-template.0.i113.5a2c3333PjyoT1\"><span class=\"magic-7\">Capacidade do balde<\/span><\/b><\/div>\n<\/td>\n<td colspan=\"3\" rowspan=\"1\">\n<div class=\"magic-17\">1m3<\/div>\n<\/td>\n<\/tr>\n<tr>\n<td colspan=\"2\" rowspan=\"1\">\n<div class=\"magic-16\"><b data-spm-anchor-id=\"a2700.custom-template.0.i116.5a2c3333PjyoT1\"><span class=\"magic-7\">Deslocamento do motor<\/span><\/b><\/div>\n<\/td>\n<td colspan=\"3\" rowspan=\"1\">\n<div class=\"magic-17\">6,6L<\/div>\n<\/td>\n<\/tr>\n<tr>\n<td colspan=\"2\" rowspan=\"1\">\n<div class=\"magic-16\"><b data-spm-anchor-id=\"a2700.custom-template.0.i122.5a2c3333PjyoT1\"><span class=\"magic-7\">Poder do motor<\/span><\/b><\/div>\n<\/td>\n<td colspan=\"3\" rowspan=\"1\">\n<div class=\"magic-17\">110 kW<\/div>\n<\/td>\n<\/tr>\n<tr>\n<td colspan=\"2\" rowspan=\"1\">\n<div class=\"magic-16\"><b data-spm-anchor-id=\"a2700.custom-template.0.i125.5a2c3333PjyoT1\"><span class=\"magic-7\">Tanque de combust\u00edvel<\/span><\/b><\/div>\n<\/td>\n<td colspan=\"3\" rowspan=\"1\">\n<div class=\"magic-17\">400L<\/div>\n<\/td>\n<\/tr>\n<\/tbody>\n<\/table>\n<\/div>\n<\/div>\n<p><img decoding=\"async\" class=\"aligncenter size-large wp-image-2934\" src=\"https:\/\/satisfybot.com\/wp-content\/uploads\/2023\/09\/\u5fae\u4fe1\u56fe\u7247_202302271015202-1024x768.jpg\" alt=\"\" width=\"1024\" height=\"768\" srcset=\"https:\/\/satisfybot.com\/wp-content\/uploads\/2023\/09\/\u5fae\u4fe1\u56fe\u7247_202302271015202-1024x768.jpg 1024w, https:\/\/satisfybot.com\/wp-content\/uploads\/2023\/09\/\u5fae\u4fe1\u56fe\u7247_202302271015202-300x225.jpg 300w, https:\/\/satisfybot.com\/wp-content\/uploads\/2023\/09\/\u5fae\u4fe1\u56fe\u7247_202302271015202-768x576.jpg 768w, https:\/\/satisfybot.com\/wp-content\/uploads\/2023\/09\/\u5fae\u4fe1\u56fe\u7247_202302271015202-1536x1152.jpg 1536w, https:\/\/satisfybot.com\/wp-content\/uploads\/2023\/09\/\u5fae\u4fe1\u56fe\u7247_202302271015202-16x12.jpg 16w, https:\/\/satisfybot.com\/wp-content\/uploads\/2023\/09\/\u5fae\u4fe1\u56fe\u7247_202302271015202-600x450.jpg 600w, https:\/\/satisfybot.com\/wp-content\/uploads\/2023\/09\/\u5fae\u4fe1\u56fe\u7247_202302271015202.jpg 1702w\" sizes=\"(max-width: 1024px) 100vw, 1024px\" \/> <img decoding=\"async\" class=\"aligncenter size-full wp-image-2939\" src=\"https:\/\/satisfybot.com\/wp-content\/uploads\/2023\/09\/PC220-8-1.jpg\" alt=\"\" width=\"1000\" height=\"1000\" srcset=\"https:\/\/satisfybot.com\/wp-content\/uploads\/2023\/09\/PC220-8-1.jpg 1000w, https:\/\/satisfybot.com\/wp-content\/uploads\/2023\/09\/PC220-8-1-300x300.jpg 300w, https:\/\/satisfybot.com\/wp-content\/uploads\/2023\/09\/PC220-8-1-150x150.jpg 150w, https:\/\/satisfybot.com\/wp-content\/uploads\/2023\/09\/PC220-8-1-768x768.jpg 768w, https:\/\/satisfybot.com\/wp-content\/uploads\/2023\/09\/PC220-8-1-12x12.jpg 12w, https:\/\/satisfybot.com\/wp-content\/uploads\/2023\/09\/PC220-8-1-600x600.jpg 600w, https:\/\/satisfybot.com\/wp-content\/uploads\/2023\/09\/PC220-8-1-100x100.jpg 100w\" sizes=\"(max-width: 1000px) 100vw, 1000px\" \/> <img loading=\"lazy\" decoding=\"async\" class=\"aligncenter size-large wp-image-2944\" src=\"https:\/\/satisfybot.com\/wp-content\/uploads\/2023\/09\/3c50f77cc8f072f8e64c86500f05ec6-1024x768.jpg\" alt=\"\" width=\"1024\" height=\"768\" srcset=\"https:\/\/satisfybot.com\/wp-content\/uploads\/2023\/09\/3c50f77cc8f072f8e64c86500f05ec6-1024x768.jpg 1024w, https:\/\/satisfybot.com\/wp-content\/uploads\/2023\/09\/3c50f77cc8f072f8e64c86500f05ec6-300x225.jpg 300w, https:\/\/satisfybot.com\/wp-content\/uploads\/2023\/09\/3c50f77cc8f072f8e64c86500f05ec6-768x576.jpg 768w, https:\/\/satisfybot.com\/wp-content\/uploads\/2023\/09\/3c50f77cc8f072f8e64c86500f05ec6-1536x1152.jpg 1536w, https:\/\/satisfybot.com\/wp-content\/uploads\/2023\/09\/3c50f77cc8f072f8e64c86500f05ec6-16x12.jpg 16w, https:\/\/satisfybot.com\/wp-content\/uploads\/2023\/09\/3c50f77cc8f072f8e64c86500f05ec6-600x450.jpg 600w, https:\/\/satisfybot.com\/wp-content\/uploads\/2023\/09\/3c50f77cc8f072f8e64c86500f05ec6.jpg 1702w\" sizes=\"(max-width: 1024px) 100vw, 1024px\" \/><\/p>","protected":false},"excerpt":{"rendered":"<p>Used Komatsu excavator medium Excavator large excavator PC220-8 PC210 PC228us PC240 PC300 Medium Excavator used Komastu excavator, good condition Komastu medium excavator,\u00a0 large excavator\uff0csecond hand Hydraulic crawler excavator\/Used digging machine Product Paramenters Brand\u00a0 KOMATSU Model PC220-8 Year 2020 Origin JAPAN Working Hours 3hours Operating Weight 23100KG Size 9885*5190*3185mm Maximum Digging Height 10000mm Maximum Digging Depth [&hellip;]<\/p>","protected":false},"featured_media":2934,"template":"","meta":{"site-sidebar-layout":"default","site-content-layout":"default","ast-site-content-layout":"default","site-content-style":"default","site-sidebar-style":"default","ast-global-header-display":"","ast-banner-title-visibility":"","ast-main-header-display":"","ast-hfb-above-header-display":"","ast-hfb-below-header-display":"","ast-hfb-mobile-header-display":"","site-post-title":"","ast-breadcrumbs-content":"","ast-featured-img":"","footer-sml-layout":"","ast-disable-related-posts":"","theme-transparent-header-meta":"default","adv-header-id-meta":"","stick-header-meta":"","header-above-stick-meta":"","header-main-stick-meta":"","header-below-stick-meta":"","astra-migrate-meta-layouts":"default","ast-page-background-enabled":"default","ast-page-background-meta":{"desktop":{"background-color":"","background-image":"","background-repeat":"repeat","background-position":"center center","background-size":"auto","background-attachment":"scroll","background-type":"","background-media":"","overlay-type":"","overlay-color":"","overlay-opacity":"","overlay-gradient":""},"tablet":{"background-color":"","background-image":"","background-repeat":"repeat","background-position":"center center","background-size":"auto","background-attachment":"scroll","background-type":"","background-media":"","overlay-type":"","overlay-color":"","overlay-opacity":"","overlay-gradient":""},"mobile":{"background-color":"","background-image":"","background-repeat":"repeat","background-position":"center center","background-size":"auto","background-attachment":"scroll","background-type":"","background-media":"","overlay-type":"","overlay-color":"","overlay-opacity":"","overlay-gradient":""}},"ast-content-background-meta":{"desktop":{"background-color":"var(--ast-global-color-5)","background-image":"","background-repeat":"repeat","background-position":"center center","background-size":"auto","background-attachment":"scroll","background-type":"","background-media":"","overlay-type":"","overlay-color":"","overlay-opacity":"","overlay-gradient":""},"tablet":{"background-color":"var(--ast-global-color-5)","background-image":"","background-repeat":"repeat","background-position":"center center","background-size":"auto","background-attachment":"scroll","background-type":"","background-media":"","overlay-type":"","overlay-color":"","overlay-opacity":"","overlay-gradient":""},"mobile":{"background-color":"var(--ast-global-color-5)","background-image":"","background-repeat":"repeat","background-position":"center center","background-size":"auto","background-attachment":"scroll","background-type":"","background-media":"","overlay-type":"","overlay-color":"","overlay-opacity":"","overlay-gradient":""}}},"product_brand":[],"product_cat":[28],"product_tag":[],"class_list":{"0":"post-2933","1":"product","2":"type-product","3":"status-publish","4":"has-post-thumbnail","6":"product_cat-excavator","7":"desktop-align-left","8":"tablet-align-left","9":"mobile-align-left","11":"first","12":"instock","13":"shipping-taxable","14":"product-type-simple"},"_links":{"self":[{"href":"https:\/\/satisfybot.com\/pt\/wp-json\/wp\/v2\/product\/2933","targetHints":{"allow":["GET"]}}],"collection":[{"href":"https:\/\/satisfybot.com\/pt\/wp-json\/wp\/v2\/product"}],"about":[{"href":"https:\/\/satisfybot.com\/pt\/wp-json\/wp\/v2\/types\/product"}],"version-history":[{"count":2,"href":"https:\/\/satisfybot.com\/pt\/wp-json\/wp\/v2\/product\/2933\/revisions"}],"predecessor-version":[{"id":2952,"href":"https:\/\/satisfybot.com\/pt\/wp-json\/wp\/v2\/product\/2933\/revisions\/2952"}],"wp:featuredmedia":[{"embeddable":true,"href":"https:\/\/satisfybot.com\/pt\/wp-json\/wp\/v2\/media\/2934"}],"wp:attachment":[{"href":"https:\/\/satisfybot.com\/pt\/wp-json\/wp\/v2\/media?parent=2933"}],"wp:term":[{"taxonomy":"product_brand","embeddable":true,"href":"https:\/\/satisfybot.com\/pt\/wp-json\/wp\/v2\/product_brand?post=2933"},{"taxonomy":"product_cat","embeddable":true,"href":"https:\/\/satisfybot.com\/pt\/wp-json\/wp\/v2\/product_cat?post=2933"},{"taxonomy":"product_tag","embeddable":true,"href":"https:\/\/satisfybot.com\/pt\/wp-json\/wp\/v2\/product_tag?post=2933"}],"curies":[{"name":"wp","href":"https:\/\/api.w.org\/{rel}","templated":true}]}}