{"id":2992,"date":"2023-09-05T02:52:31","date_gmt":"2023-09-05T02:52:31","guid":{"rendered":"https:\/\/satisfybot.com\/?post_type=product&#038;p=2992"},"modified":"2023-09-08T08:30:50","modified_gmt":"2023-09-08T08:30:50","slug":"used-kobelco-excavator-for-sale-medium-excavator-sk115sr-sk130-sk135sr-sk200-sk210-8-sksrx-kobelco-sk-lc-second-hand-kobelco-medium-excavator","status":"publish","type":"product","link":"https:\/\/satisfybot.com\/pt\/produto\/used-kobelco-excavator-for-sale-medium-excavator-sk115sr-sk130-sk135sr-sk200-sk210-8-sksrx-kobelco-sk-lc-second-hand-kobelco-medium-excavator\/","title":{"rendered":"Escavadeira Kobelco usada para venda Escavadeira m\u00e9dia SK115sr SK130 SK135sr SK200 SK210-8 Sksrx Kobelco Sk Lc Escavadeira m\u00e9dia Kobelco de segunda m\u00e3o"},"content":{"rendered":"<p>&nbsp;<\/p>\n<p>Escavadeira Kobelco usada para venda Escavadeira m\u00e9dia SK115sr SK130 SK135sr SK200 SK210-8 Sksrx Kobelco Sk Lc Escavadeira m\u00e9dia Kobelco de segunda m\u00e3o<\/p>\n<p><strong data-key=\"kobelco used excavator\">escavadora usada kobelco<\/strong><\/p>\n<p><strong data-key=\"sk crawler excavator\">escavadeira de esteira sk<\/strong><\/p>\n<p><strong data-key=\"sk lc kobelco sksrx\">sk lc kobelco sksrx<\/strong><\/p>\n<div style=\"width: 720px;\" class=\"wp-video\"><!--[if lt IE 9]><script>document.createElement('video');<\/script><![endif]-->\n<video class=\"wp-video-shortcode\" id=\"video-2992-1\" width=\"720\" height=\"1280\" preload=\"metadata\" controls=\"controls\"><source type=\"video\/mp4\" src=\"https:\/\/satisfybot.com\/wp-content\/uploads\/2023\/09\/kobelco-SK200.mp4?_=1\" \/><a href=\"https:\/\/satisfybot.com\/wp-content\/uploads\/2023\/09\/kobelco-SK200.mp4\">https:\/\/satisfybot.com\/wp-content\/uploads\/2023\/09\/kobelco-SK200.mp4<\/a><\/video><\/div>\n<div style=\"width: 720px;\" class=\"wp-video\"><video class=\"wp-video-shortcode\" id=\"video-2992-2\" width=\"720\" height=\"1280\" preload=\"metadata\" controls=\"controls\"><source type=\"video\/mp4\" src=\"https:\/\/satisfybot.com\/wp-content\/uploads\/2023\/09\/Kobelco-SK200-8-\u89c6\u9891.mp4?_=2\" \/><a href=\"https:\/\/satisfybot.com\/wp-content\/uploads\/2023\/09\/Kobelco-SK200-8-\u89c6\u9891.mp4\">https:\/\/satisfybot.com\/wp-content\/uploads\/2023\/09\/Kobelco-SK200-8-\u89c6\u9891.mp4<\/a><\/video><\/div>\n<p>Escavadeira Kobelco usada, bom estado Escavadeira m\u00e9dia Kobelco, miniescavadeira, escavadeira hidr\u00e1ulica de esteira usada\/m\u00e1quina de escava\u00e7\u00e3o usada<\/p>\n<p><img fetchpriority=\"high\" decoding=\"async\" class=\"aligncenter size-large wp-image-2995\" src=\"https:\/\/satisfybot.com\/wp-content\/uploads\/2023\/09\/\u5fae\u4fe1\u56fe\u7247_20210507230725-\u526f\u672c-1024x476.jpg\" alt=\"\" width=\"1024\" height=\"476\" srcset=\"https:\/\/satisfybot.com\/wp-content\/uploads\/2023\/09\/\u5fae\u4fe1\u56fe\u7247_20210507230725-\u526f\u672c-1024x476.jpg 1024w, https:\/\/satisfybot.com\/wp-content\/uploads\/2023\/09\/\u5fae\u4fe1\u56fe\u7247_20210507230725-\u526f\u672c-300x139.jpg 300w, https:\/\/satisfybot.com\/wp-content\/uploads\/2023\/09\/\u5fae\u4fe1\u56fe\u7247_20210507230725-\u526f\u672c-768x357.jpg 768w, https:\/\/satisfybot.com\/wp-content\/uploads\/2023\/09\/\u5fae\u4fe1\u56fe\u7247_20210507230725-\u526f\u672c-1536x713.jpg 1536w, https:\/\/satisfybot.com\/wp-content\/uploads\/2023\/09\/\u5fae\u4fe1\u56fe\u7247_20210507230725-\u526f\u672c-2048x951.jpg 2048w, https:\/\/satisfybot.com\/wp-content\/uploads\/2023\/09\/\u5fae\u4fe1\u56fe\u7247_20210507230725-\u526f\u672c-18x8.jpg 18w, https:\/\/satisfybot.com\/wp-content\/uploads\/2023\/09\/\u5fae\u4fe1\u56fe\u7247_20210507230725-\u526f\u672c-600x279.jpg 600w\" sizes=\"(max-width: 1024px) 100vw, 1024px\" \/> <img decoding=\"async\" class=\"aligncenter size-large wp-image-2994\" src=\"https:\/\/satisfybot.com\/wp-content\/uploads\/2023\/09\/\u5fae\u4fe1\u56fe\u7247_20201119140717-768x1024.jpg\" alt=\"\" width=\"768\" height=\"1024\" srcset=\"https:\/\/satisfybot.com\/wp-content\/uploads\/2023\/09\/\u5fae\u4fe1\u56fe\u7247_20201119140717-768x1024.jpg 768w, https:\/\/satisfybot.com\/wp-content\/uploads\/2023\/09\/\u5fae\u4fe1\u56fe\u7247_20201119140717-225x300.jpg 225w, https:\/\/satisfybot.com\/wp-content\/uploads\/2023\/09\/\u5fae\u4fe1\u56fe\u7247_20201119140717-1152x1536.jpg 1152w, https:\/\/satisfybot.com\/wp-content\/uploads\/2023\/09\/\u5fae\u4fe1\u56fe\u7247_20201119140717-9x12.jpg 9w, https:\/\/satisfybot.com\/wp-content\/uploads\/2023\/09\/\u5fae\u4fe1\u56fe\u7247_20201119140717-600x800.jpg 600w, https:\/\/satisfybot.com\/wp-content\/uploads\/2023\/09\/\u5fae\u4fe1\u56fe\u7247_20201119140717.jpg 1440w\" sizes=\"(max-width: 768px) 100vw, 768px\" \/> <img decoding=\"async\" class=\"aligncenter size-full wp-image-3002\" src=\"https:\/\/satisfybot.com\/wp-content\/uploads\/2023\/09\/d74fe40c374565c09132d696583ea5c.jpg\" alt=\"\" width=\"960\" height=\"720\" srcset=\"https:\/\/satisfybot.com\/wp-content\/uploads\/2023\/09\/d74fe40c374565c09132d696583ea5c.jpg 960w, https:\/\/satisfybot.com\/wp-content\/uploads\/2023\/09\/d74fe40c374565c09132d696583ea5c-300x225.jpg 300w, https:\/\/satisfybot.com\/wp-content\/uploads\/2023\/09\/d74fe40c374565c09132d696583ea5c-768x576.jpg 768w, https:\/\/satisfybot.com\/wp-content\/uploads\/2023\/09\/d74fe40c374565c09132d696583ea5c-16x12.jpg 16w, https:\/\/satisfybot.com\/wp-content\/uploads\/2023\/09\/d74fe40c374565c09132d696583ea5c-600x450.jpg 600w\" sizes=\"(max-width: 960px) 100vw, 960px\" \/><\/p>\n<p><img loading=\"lazy\" decoding=\"async\" class=\"aligncenter size-large wp-image-2996\" src=\"https:\/\/satisfybot.com\/wp-content\/uploads\/2023\/09\/32fa90966b4cff8dd5d030b892a5438-768x1024.jpg\" alt=\"\" width=\"768\" height=\"1024\" srcset=\"https:\/\/satisfybot.com\/wp-content\/uploads\/2023\/09\/32fa90966b4cff8dd5d030b892a5438-768x1024.jpg 768w, https:\/\/satisfybot.com\/wp-content\/uploads\/2023\/09\/32fa90966b4cff8dd5d030b892a5438-225x300.jpg 225w, https:\/\/satisfybot.com\/wp-content\/uploads\/2023\/09\/32fa90966b4cff8dd5d030b892a5438-1152x1536.jpg 1152w, https:\/\/satisfybot.com\/wp-content\/uploads\/2023\/09\/32fa90966b4cff8dd5d030b892a5438-9x12.jpg 9w, https:\/\/satisfybot.com\/wp-content\/uploads\/2023\/09\/32fa90966b4cff8dd5d030b892a5438-600x800.jpg 600w, https:\/\/satisfybot.com\/wp-content\/uploads\/2023\/09\/32fa90966b4cff8dd5d030b892a5438.jpg 1276w\" sizes=\"(max-width: 768px) 100vw, 768px\" \/> <img loading=\"lazy\" decoding=\"async\" class=\"aligncenter size-large wp-image-2998\" src=\"https:\/\/satisfybot.com\/wp-content\/uploads\/2023\/09\/b823139532a5df3fc69782b3ef38d37-768x1024.jpg\" alt=\"\" width=\"768\" height=\"1024\" srcset=\"https:\/\/satisfybot.com\/wp-content\/uploads\/2023\/09\/b823139532a5df3fc69782b3ef38d37-768x1024.jpg 768w, https:\/\/satisfybot.com\/wp-content\/uploads\/2023\/09\/b823139532a5df3fc69782b3ef38d37-225x300.jpg 225w, https:\/\/satisfybot.com\/wp-content\/uploads\/2023\/09\/b823139532a5df3fc69782b3ef38d37-1152x1536.jpg 1152w, https:\/\/satisfybot.com\/wp-content\/uploads\/2023\/09\/b823139532a5df3fc69782b3ef38d37-9x12.jpg 9w, https:\/\/satisfybot.com\/wp-content\/uploads\/2023\/09\/b823139532a5df3fc69782b3ef38d37-600x800.jpg 600w, https:\/\/satisfybot.com\/wp-content\/uploads\/2023\/09\/b823139532a5df3fc69782b3ef38d37.jpg 1276w\" sizes=\"(max-width: 768px) 100vw, 768px\" \/> <img loading=\"lazy\" decoding=\"async\" class=\"aligncenter size-large wp-image-3001\" src=\"https:\/\/satisfybot.com\/wp-content\/uploads\/2023\/09\/e9d4e307e5a3e0026f5293c53e9600b-1024x768.jpg\" alt=\"\" width=\"1024\" height=\"768\" srcset=\"https:\/\/satisfybot.com\/wp-content\/uploads\/2023\/09\/e9d4e307e5a3e0026f5293c53e9600b-1024x768.jpg 1024w, https:\/\/satisfybot.com\/wp-content\/uploads\/2023\/09\/e9d4e307e5a3e0026f5293c53e9600b-300x225.jpg 300w, https:\/\/satisfybot.com\/wp-content\/uploads\/2023\/09\/e9d4e307e5a3e0026f5293c53e9600b-768x576.jpg 768w, https:\/\/satisfybot.com\/wp-content\/uploads\/2023\/09\/e9d4e307e5a3e0026f5293c53e9600b-16x12.jpg 16w, https:\/\/satisfybot.com\/wp-content\/uploads\/2023\/09\/e9d4e307e5a3e0026f5293c53e9600b-600x450.jpg 600w, https:\/\/satisfybot.com\/wp-content\/uploads\/2023\/09\/e9d4e307e5a3e0026f5293c53e9600b.jpg 1440w\" sizes=\"(max-width: 1024px) 100vw, 1024px\" \/><\/p>","protected":false},"excerpt":{"rendered":"<p>&nbsp; Escavadeira Kobelco usada \u00e0 venda Escavadeira m\u00e9dia SK115sr SK130 SK135sr SK200 SK210-8 Sksrx Kobelco Sk Lc Escavadeira m\u00e9dia Kobelco usada escavadeira Kobelco escavadeira de esteira SK SK LC Kobelco sksrx escavadeira Kobelco usada, bom estado Escavadeira m\u00e9dia Kobelco, mini escavadeira, escavadeira hidr\u00e1ulica de esteira usada\/M\u00e1quina de escava\u00e7\u00e3o usada<\/p>","protected":false},"featured_media":2993,"template":"","meta":{"site-sidebar-layout":"default","site-content-layout":"default","ast-site-content-layout":"default","site-content-style":"default","site-sidebar-style":"default","ast-global-header-display":"","ast-banner-title-visibility":"","ast-main-header-display":"","ast-hfb-above-header-display":"","ast-hfb-below-header-display":"","ast-hfb-mobile-header-display":"","site-post-title":"","ast-breadcrumbs-content":"","ast-featured-img":"","footer-sml-layout":"","ast-disable-related-posts":"","theme-transparent-header-meta":"default","adv-header-id-meta":"","stick-header-meta":"","header-above-stick-meta":"","header-main-stick-meta":"","header-below-stick-meta":"","astra-migrate-meta-layouts":"set","ast-page-background-enabled":"default","ast-page-background-meta":{"desktop":{"background-color":"","background-image":"","background-repeat":"repeat","background-position":"center center","background-size":"auto","background-attachment":"scroll","background-type":"","background-media":"","overlay-type":"","overlay-color":"","overlay-opacity":"","overlay-gradient":""},"tablet":{"background-color":"","background-image":"","background-repeat":"repeat","background-position":"center center","background-size":"auto","background-attachment":"scroll","background-type":"","background-media":"","overlay-type":"","overlay-color":"","overlay-opacity":"","overlay-gradient":""},"mobile":{"background-color":"","background-image":"","background-repeat":"repeat","background-position":"center center","background-size":"auto","background-attachment":"scroll","background-type":"","background-media":"","overlay-type":"","overlay-color":"","overlay-opacity":"","overlay-gradient":""}},"ast-content-background-meta":{"desktop":{"background-color":"var(--ast-global-color-5)","background-image":"","background-repeat":"repeat","background-position":"center center","background-size":"auto","background-attachment":"scroll","background-type":"","background-media":"","overlay-type":"","overlay-color":"","overlay-opacity":"","overlay-gradient":""},"tablet":{"background-color":"var(--ast-global-color-5)","background-image":"","background-repeat":"repeat","background-position":"center center","background-size":"auto","background-attachment":"scroll","background-type":"","background-media":"","overlay-type":"","overlay-color":"","overlay-opacity":"","overlay-gradient":""},"mobile":{"background-color":"var(--ast-global-color-5)","background-image":"","background-repeat":"repeat","background-position":"center center","background-size":"auto","background-attachment":"scroll","background-type":"","background-media":"","overlay-type":"","overlay-color":"","overlay-opacity":"","overlay-gradient":""}}},"product_brand":[],"product_cat":[28],"product_tag":[],"class_list":{"0":"post-2992","1":"product","2":"type-product","3":"status-publish","4":"has-post-thumbnail","6":"product_cat-excavator","7":"desktop-align-left","8":"tablet-align-left","9":"mobile-align-left","11":"first","12":"instock","13":"shipping-taxable","14":"product-type-simple"},"_links":{"self":[{"href":"https:\/\/satisfybot.com\/pt\/wp-json\/wp\/v2\/product\/2992","targetHints":{"allow":["GET"]}}],"collection":[{"href":"https:\/\/satisfybot.com\/pt\/wp-json\/wp\/v2\/product"}],"about":[{"href":"https:\/\/satisfybot.com\/pt\/wp-json\/wp\/v2\/types\/product"}],"version-history":[{"count":3,"href":"https:\/\/satisfybot.com\/pt\/wp-json\/wp\/v2\/product\/2992\/revisions"}],"predecessor-version":[{"id":3006,"href":"https:\/\/satisfybot.com\/pt\/wp-json\/wp\/v2\/product\/2992\/revisions\/3006"}],"wp:featuredmedia":[{"embeddable":true,"href":"https:\/\/satisfybot.com\/pt\/wp-json\/wp\/v2\/media\/2993"}],"wp:attachment":[{"href":"https:\/\/satisfybot.com\/pt\/wp-json\/wp\/v2\/media?parent=2992"}],"wp:term":[{"taxonomy":"product_brand","embeddable":true,"href":"https:\/\/satisfybot.com\/pt\/wp-json\/wp\/v2\/product_brand?post=2992"},{"taxonomy":"product_cat","embeddable":true,"href":"https:\/\/satisfybot.com\/pt\/wp-json\/wp\/v2\/product_cat?post=2992"},{"taxonomy":"product_tag","embeddable":true,"href":"https:\/\/satisfybot.com\/pt\/wp-json\/wp\/v2\/product_tag?post=2992"}],"curies":[{"name":"wp","href":"https:\/\/api.w.org\/{rel}","templated":true}]}}