{"id":3045,"date":"2023-09-06T02:19:10","date_gmt":"2023-09-06T02:19:10","guid":{"rendered":"https:\/\/satisfybot.com\/?post_type=product&#038;p=3045"},"modified":"2023-09-08T07:46:21","modified_gmt":"2023-09-08T07:46:21","slug":"new-loader-bulldozer-lonking-loader-5-ton-6-ton-backhoe-oem-for-any-brand-cdm853-cdm856-lg855n-zl50nc-cdm936n-lg820dra","status":"publish","type":"product","link":"https:\/\/satisfybot.com\/pt\/produto\/new-loader-bulldozer-lonking-loader-5-ton-6-ton-backhoe-oem-for-any-brand-cdm853-cdm856-lg855n-zl50nc-cdm936n-lg820dra\/","title":{"rendered":"Novo carregador bulldozer lonking loader 5 ton 6 ton retroescavadeira CDM853 CDM856 LG855N ZL50NC CDM936N LG820DRA"},"content":{"rendered":"<h3>Novo carregador bulldozer lonking loader retroescavadeira de 5 toneladas e 6 toneladas carregador usado OEM para qualquer marca famosa CDM853 CDM856 LG855N ZL50NC CDM936N LG820DRA<\/h3>\n<p>&nbsp;<\/p>\n<div style=\"width: 1920px;\" class=\"wp-video\"><!--[if lt IE 9]><script>document.createElement('video');<\/script><![endif]-->\n<video class=\"wp-video-shortcode\" id=\"video-3045-1\" width=\"1920\" height=\"1080\" preload=\"metadata\" controls=\"controls\"><source type=\"video\/mp4\" src=\"https:\/\/satisfybot.com\/wp-content\/uploads\/2023\/09\/Lonking-5-Ton-Front-Wheel-Loader-Cdm855-In-Stock-Fast-Delivery-Buy-Construction-MachineryLonking-5t-LoaderWindows-Loader-Product-on-Alibaba.com-Google-Chrome-2023-09-06-16-46-17-1.mp4?_=1\" \/><a href=\"https:\/\/satisfybot.com\/wp-content\/uploads\/2023\/09\/Lonking-5-Ton-Front-Wheel-Loader-Cdm855-In-Stock-Fast-Delivery-Buy-Construction-MachineryLonking-5t-LoaderWindows-Loader-Product-on-Alibaba.com-Google-Chrome-2023-09-06-16-46-17-1.mp4\">https:\/\/satisfybot.com\/wp-content\/uploads\/2023\/09\/Lonking-5-Ton-Front-Wheel-Loader-Cdm855-In-Stock-Fast-Delivery-Buy-Construction-MachineryLonking-5t-LoaderWindows-Loader-Product-on-Alibaba.com-Google-Chrome-2023-09-06-16-46-17-1.mp4<\/a><\/video><\/div>\n<p>&nbsp;<\/p>\n<h5 class=\"tit\">CDM856Weichai \u2162+Transmiss\u00e3o Planet\u00e1ria<\/h5>\n<div class=\"t_box\">\n<div class=\"con\">\n<ul>\n<li>Pot\u00eancia nominal 154 kW\/2.000 rpm<\/li>\n<li>Capacidade da ca\u00e7amba3m\u00b3<\/li>\n<li>Carga \u00fatil nominal de 5.000 kg<\/li>\n<li>Peso operacional17300kg<\/li>\n<\/ul>\n<\/div>\n<\/div>\n<div class=\"t_box\">\n<div class=\"con\">\n<div class=\"infor\">\n<div class=\"tit\">\n<table class=\"datalist\" width=\"100%\" cellspacing=\"0\" cellpadding=\"0\">\n<tbody>\n<tr>\n<th rowspan=\"9\">MOTOR<\/th>\n<td>Fabricante\/Modelo<\/td>\n<td>WEICHAI\/WP10G210E343<\/td>\n<\/tr>\n<tr>\n<td>Pot\u00eancia nominal<\/td>\n<td>154 kW\/2.000 rpm<\/td>\n<\/tr>\n<tr>\n<td>Torque m\u00e1ximo<\/td>\n<td>980N\u00b7m\/ 1400-1600rpm<\/td>\n<\/tr>\n<tr>\n<td>Di\u00e2metro x curso<\/td>\n<td>126\u00d7130mm<\/td>\n<\/tr>\n<tr>\n<td>N\u00ba de cilindros\/deslocamento<\/td>\n<td>6\/9.726L<\/td>\n<\/tr>\n<tr>\n<td>Filtro de ar<\/td>\n<td>Filtro de ar de tr\u00eas est\u00e1gios<\/td>\n<\/tr>\n<tr>\n<td>Alternador<\/td>\n<td>55Amp<\/td>\n<\/tr>\n<tr>\n<td>Bateria<\/td>\n<td>2-24V\/120Ah<\/td>\n<\/tr>\n<tr>\n<td>Motor de arranque<\/td>\n<td>24 V\/7,5 kW<\/td>\n<\/tr>\n<tr>\n<th rowspan=\"12\">TREM DE CONDU\u00c7\u00c3O<\/th>\n<td>Tipo de transmiss\u00e3o<\/td>\n<td>Mudan\u00e7a de pot\u00eancia planet\u00e1ria<\/td>\n<\/tr>\n<tr>\n<td>Tipo de turno<\/td>\n<td>Controle Powershift Mec\u00e2nico<\/td>\n<\/tr>\n<tr>\n<td>Press\u00e3o de Transmiss\u00e3o<\/td>\n<td>1. 1-1,5 MPa<\/td>\n<\/tr>\n<tr>\n<td>Tipo de conversor de torque<\/td>\n<td>Monoest\u00e1gio, turbina dupla, 4 elementos<\/td>\n<\/tr>\n<tr>\n<td>eixos<\/td>\n<td>R\u00edgido (dianteiro) e oscilante (traseiro)<\/td>\n<\/tr>\n<tr>\n<td>Oscila\u00e7\u00e3o do eixo traseiro<\/td>\n<td>\u00b1 10\u00b0<\/td>\n<\/tr>\n<tr>\n<td>Diferencial<\/td>\n<td>Convencional<\/td>\n<\/tr>\n<tr>\n<td>Redutor Principal<\/td>\n<td>Bisel espiral, redu\u00e7\u00e3o de 1 est\u00e1gio<\/td>\n<\/tr>\n<tr>\n<td>Redutor Final<\/td>\n<td>Redu\u00e7\u00e3o Planet\u00e1ria<\/td>\n<\/tr>\n<tr>\n<td>Pneu<\/td>\n<td>23,5-25 L-3 16PR TT<\/td>\n<\/tr>\n<tr>\n<td>Avan\u00e7o r\u00e1pido da viagem<\/td>\n<td>10,2\/35 km\/h<\/td>\n<\/tr>\n<tr>\n<td>Velocidade de viagem reversa<\/td>\n<td>16 km\/h<\/td>\n<\/tr>\n<\/tbody>\n<\/table>\n<\/div>\n<\/div>\n<div class=\"content\">\n<div class=\"table-responsive\"><\/div>\n<div class=\"table-responsive\">\n<h5 class=\"tit\">ZL50NC<\/h5>\n<div class=\"t_box\">\n<div class=\"con\">\n<ul>\n<li>Pot\u00eancia nominal 162 kW\/2200 rpm<\/li>\n<li>Capacidade da ca\u00e7amba3,6m\u00b3<\/li>\n<li>Carga \u00fatil nominal 5.600 kg<\/li>\n<li>Peso operacional18700(19250)kg<\/li>\n<\/ul>\n<table class=\"datalist\" width=\"100%\" cellspacing=\"0\" cellpadding=\"0\">\n<tbody>\n<tr class=\"firstRow\">\n<th rowspan=\"6\">B\u00c1SICO<\/th>\n<td>Capacidade do balde<\/td>\n<td>3,0m\u00b3<\/td>\n<\/tr>\n<tr>\n<td>Carga \u00fatil nominal<\/td>\n<td>5000kg<\/td>\n<\/tr>\n<tr>\n<td>Peso operacional<\/td>\n<td>17300(HD17700)\u00b1300kg<\/td>\n<\/tr>\n<tr>\n<td>For\u00e7a de tra\u00e7\u00e3o<\/td>\n<td>155\u00b13kN<\/td>\n<\/tr>\n<tr>\n<td>For\u00e7a de rompimento<\/td>\n<td>170\u00b13kN<\/td>\n<\/tr>\n<tr>\n<td>C\u00d7L\u00d7A<\/td>\n<td>8220(8560)\u00d73010\u00d73380mm<\/td>\n<\/tr>\n<tr>\n<th rowspan=\"9\">MOTOR<\/th>\n<td>Fabricante\/Modelo<\/td>\n<td>WEICHAI\/WD10G220E21<\/td>\n<\/tr>\n<tr>\n<td>Pot\u00eancia nominal<\/td>\n<td>162 kW\/2200 rpm<\/td>\n<\/tr>\n<tr>\n<td>Torque m\u00e1ximo<\/td>\n<td>860N\u00b7m\/1400-1600rpm<\/td>\n<\/tr>\n<tr>\n<td>Di\u00e2metro x Curso (mm)<\/td>\n<td>126\u00d7130mm<\/td>\n<\/tr>\n<tr>\n<td>N\u00ba de cilindros<br \/>\n\/ Deslocamento<\/td>\n<td>6\/9.726L<\/td>\n<\/tr>\n<tr>\n<td>Filtro de ar<\/td>\n<td>Filtro de ar de tr\u00eas est\u00e1gios<\/td>\n<\/tr>\n<tr>\n<td>Alternador<\/td>\n<td>70Amp<\/td>\n<\/tr>\n<tr>\n<td>Bateria<\/td>\n<td>2-24V\/120Ah<\/td>\n<\/tr>\n<tr>\n<td>Motor de arranque<\/td>\n<td>24 V\/7,5 kW<\/td>\n<\/tr>\n<tr>\n<th rowspan=\"12\">TREM DE CONDU\u00c7\u00c3O<\/th>\n<td>Tipo de transmiss\u00e3o<\/td>\n<td>Mudan\u00e7a de pot\u00eancia planet\u00e1ria<\/td>\n<\/tr>\n<tr>\n<td>Tipo de turno<\/td>\n<td>Controle Powershift Mec\u00e2nico<\/td>\n<\/tr>\n<tr>\n<td>Press\u00e3o de Transmiss\u00e3o<\/td>\n<td>1. 1-1,5 MPa<\/td>\n<\/tr>\n<tr>\n<td>Tipo de conversor de torque<\/td>\n<td>Monoest\u00e1gio, turbina dupla, 4 elementos<\/td>\n<\/tr>\n<tr>\n<td>eixos<\/td>\n<td>R\u00edgido (dianteiro) e oscilante (traseiro)<\/td>\n<\/tr>\n<tr>\n<td>Oscila\u00e7\u00e3o do eixo traseiro (\u00b0)<\/td>\n<td>\u00b1 10\u00b0<\/td>\n<\/tr>\n<tr>\n<td>Diferencial<\/td>\n<td>Convencional<\/td>\n<\/tr>\n<tr>\n<td>Redutor Principal<\/td>\n<td>Bisel espiral, redu\u00e7\u00e3o de 1 est\u00e1gio<\/td>\n<\/tr>\n<tr>\n<td>Redutor Final<\/td>\n<td>Redu\u00e7\u00e3o Planet\u00e1ria<\/td>\n<\/tr>\n<tr>\n<td>Pneu<\/td>\n<td>23,5-25 L-3 16PR TT<\/td>\n<\/tr>\n<tr>\n<td>Avan\u00e7o r\u00e1pido da viagem<\/td>\n<td>11,5\/36 km\/h<\/td>\n<\/tr>\n<tr>\n<td>Velocidade de viagem reversa<\/td>\n<td>16 km\/h<\/td>\n<\/tr>\n<tr>\n<th rowspan=\"4\">SISTEMA DE TRAVAGEM<\/th>\n<td>freio de servi\u00e7o<\/td>\n<td>Freio de pin\u00e7a de \u00f3leo a g\u00e1s<\/td>\n<\/tr>\n<tr>\n<td>Definir press\u00e3o<\/td>\n<td>0,70-0,78 MPa<\/td>\n<\/tr>\n<tr>\n<td>Trav\u00e3o de m\u00e3o<\/td>\n<td>Freio de pin\u00e7a acionado por ar<\/td>\n<\/tr>\n<tr>\n<td>Freio de Emerg\u00eancia<\/td>\n<td>Freio de pin\u00e7a acionado por ar<\/td>\n<\/tr>\n<tr>\n<th rowspan=\"5\">SISTEMA DE DIRE\u00c7\u00c3O<\/th>\n<td>Tipo<\/td>\n<td>Sistema de detec\u00e7\u00e3o de carga hidr\u00e1ulica<\/td>\n<\/tr>\n<tr>\n<td>Bombear<\/td>\n<td>176L\/min\u00b72200rpm<\/td>\n<\/tr>\n<tr>\n<td>Press\u00e3o do sistema<\/td>\n<td>15 MPa<\/td>\n<\/tr>\n<tr>\n<td>Tipo de cilindro<\/td>\n<td>Dupla a\u00e7ao<\/td>\n<\/tr>\n<tr>\n<td>\u00c2ngulo de viragem<\/td>\n<td>\u00b135\u00b0<\/td>\n<\/tr>\n<tr>\n<th rowspan=\"5\">SISTEMA HIDR\u00c1ULICO<\/th>\n<td>Tipo<\/td>\n<td>Controle por joystick (alavanca \u00fanica)<\/td>\n<\/tr>\n<tr>\n<td>Bombear<\/td>\n<td>220L\/min\u00b72200rpm<\/td>\n<\/tr>\n<tr>\n<td>V\u00e1lvula de controle<\/td>\n<td>2 carretel<\/td>\n<\/tr>\n<tr>\n<td>Press\u00e3o do sistema<\/td>\n<td>16MPa<\/td>\n<\/tr>\n<tr>\n<td>Tempo de ciclo (seg)<\/td>\n<td>11<\/td>\n<\/tr>\n<tr>\n<th rowspan=\"5\">CAPACIDADE DE PREENCHIMENTO DE SERVI\u00c7O<\/th>\n<td>Tanque de Combust\u00edvel (L)<\/td>\n<td>285L<\/td>\n<\/tr>\n<tr>\n<td>Tanque Hidr\u00e1ulico (L)<\/td>\n<td>270\/275(3\u00ba carretel)L<\/td>\n<\/tr>\n<tr>\n<td>Virabrequim (L)<\/td>\n<td>20L<\/td>\n<\/tr>\n<tr>\n<td>Transmiss\u00e3o (L)<\/td>\n<td>46L<\/td>\n<\/tr>\n<tr>\n<td>Eixo dianteiro\/eixo traseiro (L)<\/td>\n<td>28L\/28L<\/td>\n<\/tr>\n<\/tbody>\n<\/table>\n<\/div>\n<\/div>\n<\/div>\n<\/div>\n<\/div>\n<p><img fetchpriority=\"high\" decoding=\"async\" class=\"aligncenter size-large wp-image-3032\" src=\"https:\/\/satisfybot.com\/wp-content\/uploads\/2023\/09\/CDM816D-loader-1024x688.png\" alt=\"\" width=\"1024\" height=\"688\" srcset=\"https:\/\/satisfybot.com\/wp-content\/uploads\/2023\/09\/CDM816D-loader-1024x688.png 1024w, https:\/\/satisfybot.com\/wp-content\/uploads\/2023\/09\/CDM816D-loader-300x202.png 300w, https:\/\/satisfybot.com\/wp-content\/uploads\/2023\/09\/CDM816D-loader-768x516.png 768w, https:\/\/satisfybot.com\/wp-content\/uploads\/2023\/09\/CDM816D-loader-18x12.png 18w, https:\/\/satisfybot.com\/wp-content\/uploads\/2023\/09\/CDM816D-loader-600x403.png 600w, https:\/\/satisfybot.com\/wp-content\/uploads\/2023\/09\/CDM816D-loader.png 1200w\" sizes=\"(max-width: 1024px) 100vw, 1024px\" \/> <img decoding=\"async\" class=\"aligncenter size-full wp-image-3036\" src=\"https:\/\/satisfybot.com\/wp-content\/uploads\/2023\/09\/Hf77c98aeb6c647a8861a84094507b70a2.jpg_960x960.webp\" alt=\"\" width=\"758\" height=\"568\" srcset=\"https:\/\/satisfybot.com\/wp-content\/uploads\/2023\/09\/Hf77c98aeb6c647a8861a84094507b70a2.jpg_960x960.webp 758w, https:\/\/satisfybot.com\/wp-content\/uploads\/2023\/09\/Hf77c98aeb6c647a8861a84094507b70a2.jpg_960x960-300x225.webp 300w, https:\/\/satisfybot.com\/wp-content\/uploads\/2023\/09\/Hf77c98aeb6c647a8861a84094507b70a2.jpg_960x960-16x12.webp 16w, https:\/\/satisfybot.com\/wp-content\/uploads\/2023\/09\/Hf77c98aeb6c647a8861a84094507b70a2.jpg_960x960-600x450.webp 600w\" sizes=\"(max-width: 758px) 100vw, 758px\" \/> <img decoding=\"async\" class=\"aligncenter size-large wp-image-3037\" src=\"https:\/\/satisfybot.com\/wp-content\/uploads\/2023\/09\/LD820DRA\uff08Canopy\uff09-1024x688.png\" alt=\"\" width=\"1024\" height=\"688\" srcset=\"https:\/\/satisfybot.com\/wp-content\/uploads\/2023\/09\/LD820DRA\uff08Canopy\uff09-1024x688.png 1024w, https:\/\/satisfybot.com\/wp-content\/uploads\/2023\/09\/LD820DRA\uff08Canopy\uff09-300x202.png 300w, https:\/\/satisfybot.com\/wp-content\/uploads\/2023\/09\/LD820DRA\uff08Canopy\uff09-768x516.png 768w, https:\/\/satisfybot.com\/wp-content\/uploads\/2023\/09\/LD820DRA\uff08Canopy\uff09-18x12.png 18w, https:\/\/satisfybot.com\/wp-content\/uploads\/2023\/09\/LD820DRA\uff08Canopy\uff09-600x403.png 600w, https:\/\/satisfybot.com\/wp-content\/uploads\/2023\/09\/LD820DRA\uff08Canopy\uff09.png 1200w\" sizes=\"(max-width: 1024px) 100vw, 1024px\" \/><br \/>\n<img loading=\"lazy\" decoding=\"async\" class=\"aligncenter size-full wp-image-3034\" src=\"https:\/\/satisfybot.com\/wp-content\/uploads\/2023\/09\/H3498c1647ea54f6995a654320c14ff3fF.jpg_960x960.webp\" alt=\"\" width=\"960\" height=\"720\" srcset=\"https:\/\/satisfybot.com\/wp-content\/uploads\/2023\/09\/H3498c1647ea54f6995a654320c14ff3fF.jpg_960x960.webp 960w, https:\/\/satisfybot.com\/wp-content\/uploads\/2023\/09\/H3498c1647ea54f6995a654320c14ff3fF.jpg_960x960-300x225.webp 300w, https:\/\/satisfybot.com\/wp-content\/uploads\/2023\/09\/H3498c1647ea54f6995a654320c14ff3fF.jpg_960x960-768x576.webp 768w, https:\/\/satisfybot.com\/wp-content\/uploads\/2023\/09\/H3498c1647ea54f6995a654320c14ff3fF.jpg_960x960-16x12.webp 16w, https:\/\/satisfybot.com\/wp-content\/uploads\/2023\/09\/H3498c1647ea54f6995a654320c14ff3fF.jpg_960x960-600x450.webp 600w\" sizes=\"(max-width: 960px) 100vw, 960px\" \/> <img loading=\"lazy\" decoding=\"async\" class=\"aligncenter size-large wp-image-3033\" src=\"https:\/\/satisfybot.com\/wp-content\/uploads\/2023\/09\/CDM820DA-loader-1024x688.png\" alt=\"\" width=\"1024\" height=\"688\" srcset=\"https:\/\/satisfybot.com\/wp-content\/uploads\/2023\/09\/CDM820DA-loader-1024x688.png 1024w, https:\/\/satisfybot.com\/wp-content\/uploads\/2023\/09\/CDM820DA-loader-300x202.png 300w, https:\/\/satisfybot.com\/wp-content\/uploads\/2023\/09\/CDM820DA-loader-768x516.png 768w, https:\/\/satisfybot.com\/wp-content\/uploads\/2023\/09\/CDM820DA-loader-18x12.png 18w, https:\/\/satisfybot.com\/wp-content\/uploads\/2023\/09\/CDM820DA-loader-600x403.png 600w, https:\/\/satisfybot.com\/wp-content\/uploads\/2023\/09\/CDM820DA-loader.png 1200w\" sizes=\"(max-width: 1024px) 100vw, 1024px\" \/><\/p>\n<p><img loading=\"lazy\" decoding=\"async\" class=\"aligncenter size-full wp-image-3038\" src=\"https:\/\/satisfybot.com\/wp-content\/uploads\/2023\/09\/Ha73082bc32044ad9800c8f96dbd2dc29D.jpg_960x960.webp\" alt=\"\" width=\"511\" height=\"383\" srcset=\"https:\/\/satisfybot.com\/wp-content\/uploads\/2023\/09\/Ha73082bc32044ad9800c8f96dbd2dc29D.jpg_960x960.webp 511w, https:\/\/satisfybot.com\/wp-content\/uploads\/2023\/09\/Ha73082bc32044ad9800c8f96dbd2dc29D.jpg_960x960-300x225.webp 300w, https:\/\/satisfybot.com\/wp-content\/uploads\/2023\/09\/Ha73082bc32044ad9800c8f96dbd2dc29D.jpg_960x960-16x12.webp 16w\" sizes=\"(max-width: 511px) 100vw, 511px\" \/><\/p>\n<p>\u00e9 LONGE; n\u00e3o \u00e9 lince, CASE, lagarta (Cat), Doosan, Dynapac, Hitachi, Hyundai, Kato, Kobelco, Komatsu, Kubota, Lliugong, Motoniveladora, Sany, Sumitomo, Volvo, Sunward,\u2026<\/p>\n<p>&nbsp;<\/p>\n<p>&nbsp;<\/p>\n<\/div>","protected":false},"excerpt":{"rendered":"<p>New loader bulldozer lonking loader 5 ton 6 ton backhoe used loader OEM for any famous brand CDM853 CDM856 LG855N ZL50NC CDM936N\u00a0 LG820DRA &nbsp; &nbsp; CDM856Weichai \u2162+Planetary Transmission Rated Power154kW\/2000rpm Bucket Capacity3m\u00b3 Rated Payload5000kg Operating Weight17300kg ENGINE Maker\/Model WEICHAI\/WP10G210E343 Rated Power 154kW\/2000rpm Maximum Torque 980N\u00b7m\/ 1400-1600rpm Bore x Stroke 126\u00d7130mm No. of Cylinders \/Displacement 6\/9.726L [&hellip;]<\/p>","protected":false},"featured_media":3031,"template":"","meta":{"site-sidebar-layout":"default","site-content-layout":"default","ast-site-content-layout":"default","site-content-style":"default","site-sidebar-style":"default","ast-global-header-display":"","ast-banner-title-visibility":"","ast-main-header-display":"","ast-hfb-above-header-display":"","ast-hfb-below-header-display":"","ast-hfb-mobile-header-display":"","site-post-title":"","ast-breadcrumbs-content":"","ast-featured-img":"","footer-sml-layout":"","ast-disable-related-posts":"","theme-transparent-header-meta":"default","adv-header-id-meta":"","stick-header-meta":"","header-above-stick-meta":"","header-main-stick-meta":"","header-below-stick-meta":"","astra-migrate-meta-layouts":"set","ast-page-background-enabled":"default","ast-page-background-meta":{"desktop":{"background-color":"","background-image":"","background-repeat":"repeat","background-position":"center center","background-size":"auto","background-attachment":"scroll","background-type":"","background-media":"","overlay-type":"","overlay-color":"","overlay-opacity":"","overlay-gradient":""},"tablet":{"background-color":"","background-image":"","background-repeat":"repeat","background-position":"center center","background-size":"auto","background-attachment":"scroll","background-type":"","background-media":"","overlay-type":"","overlay-color":"","overlay-opacity":"","overlay-gradient":""},"mobile":{"background-color":"","background-image":"","background-repeat":"repeat","background-position":"center center","background-size":"auto","background-attachment":"scroll","background-type":"","background-media":"","overlay-type":"","overlay-color":"","overlay-opacity":"","overlay-gradient":""}},"ast-content-background-meta":{"desktop":{"background-color":"var(--ast-global-color-5)","background-image":"","background-repeat":"repeat","background-position":"center center","background-size":"auto","background-attachment":"scroll","background-type":"","background-media":"","overlay-type":"","overlay-color":"","overlay-opacity":"","overlay-gradient":""},"tablet":{"background-color":"var(--ast-global-color-5)","background-image":"","background-repeat":"repeat","background-position":"center center","background-size":"auto","background-attachment":"scroll","background-type":"","background-media":"","overlay-type":"","overlay-color":"","overlay-opacity":"","overlay-gradient":""},"mobile":{"background-color":"var(--ast-global-color-5)","background-image":"","background-repeat":"repeat","background-position":"center center","background-size":"auto","background-attachment":"scroll","background-type":"","background-media":"","overlay-type":"","overlay-color":"","overlay-opacity":"","overlay-gradient":""}}},"product_brand":[],"product_cat":[36],"product_tag":[],"class_list":{"0":"post-3045","1":"product","2":"type-product","3":"status-publish","4":"has-post-thumbnail","6":"product_cat-machinery","7":"desktop-align-left","8":"tablet-align-left","9":"mobile-align-left","11":"first","12":"instock","13":"shipping-taxable","14":"product-type-simple"},"_links":{"self":[{"href":"https:\/\/satisfybot.com\/pt\/wp-json\/wp\/v2\/product\/3045","targetHints":{"allow":["GET"]}}],"collection":[{"href":"https:\/\/satisfybot.com\/pt\/wp-json\/wp\/v2\/product"}],"about":[{"href":"https:\/\/satisfybot.com\/pt\/wp-json\/wp\/v2\/types\/product"}],"version-history":[{"count":16,"href":"https:\/\/satisfybot.com\/pt\/wp-json\/wp\/v2\/product\/3045\/revisions"}],"predecessor-version":[{"id":3098,"href":"https:\/\/satisfybot.com\/pt\/wp-json\/wp\/v2\/product\/3045\/revisions\/3098"}],"wp:featuredmedia":[{"embeddable":true,"href":"https:\/\/satisfybot.com\/pt\/wp-json\/wp\/v2\/media\/3031"}],"wp:attachment":[{"href":"https:\/\/satisfybot.com\/pt\/wp-json\/wp\/v2\/media?parent=3045"}],"wp:term":[{"taxonomy":"product_brand","embeddable":true,"href":"https:\/\/satisfybot.com\/pt\/wp-json\/wp\/v2\/product_brand?post=3045"},{"taxonomy":"product_cat","embeddable":true,"href":"https:\/\/satisfybot.com\/pt\/wp-json\/wp\/v2\/product_cat?post=3045"},{"taxonomy":"product_tag","embeddable":true,"href":"https:\/\/satisfybot.com\/pt\/wp-json\/wp\/v2\/product_tag?post=3045"}],"curies":[{"name":"wp","href":"https:\/\/api.w.org\/{rel}","templated":true}]}}