{"id":3081,"date":"2023-09-07T08:14:52","date_gmt":"2023-09-07T08:14:52","guid":{"rendered":"https:\/\/satisfybot.com\/?post_type=product&#038;p=3081"},"modified":"2023-09-08T07:49:47","modified_gmt":"2023-09-08T07:49:47","slug":"lonking-forklift-for-sale-6-ton-7-ton-oem-for-any-famous-brand-cdm932nyc-cdm936nyc-lgft18-lgft28","status":"publish","type":"product","link":"https:\/\/satisfybot.com\/pt\/produto\/lonking-forklift-for-sale-6-ton-7-ton-oem-for-any-famous-brand-cdm932nyc-cdm936nyc-lgft18-lgft28\/","title":{"rendered":"Empilhadeira Lonking para venda 6 toneladas 7 toneladas CDM932NYC CDM936NYC LGFT18 LGFT28"},"content":{"rendered":"<p>Empilhadeira Lonking para venda 6 toneladas 7 toneladas CDM932NYC CDM936NYC LGFT18 LGFT28 OEM para qualquer marca famosa<\/p>\n<p>&nbsp;<\/p>\n<h6 class=\"tit\">Empilhadeira para terreno \u00e1spero CDM932NYC<\/h6>\n<div class=\"t_box\">\n<div class=\"con\">\n<ul>\n<li>Pot\u00eancia nominal 60 kW\/2400 rpm<\/li>\n<li>Centro de Carga 550mm<\/li>\n<li>Carga \u00fatil nominal 2500kg<\/li>\n<li>Peso operacional 5130kg<\/li>\n<\/ul>\n<h6 class=\"tit\">Empilhadeira para terreno \u00e1spero CDM936NYC<\/h6>\n<div class=\"t_box\">\n<div class=\"con\">\n<ul>\n<li>Pot\u00eancia nominal 85 kW\/2400 rpm<\/li>\n<li>Centro de Carga 550mm<\/li>\n<li>Carga \u00fatil nominal 3.000 kg<\/li>\n<li>Peso operacional 6990kg<\/li>\n<\/ul>\n<div>\n<table class=\"datalist\" width=\"100%\" cellspacing=\"0\" cellpadding=\"0\">\n<tbody>\n<tr class=\"firstRow\">\n<th rowspan=\"9\">B\u00c1SICO<\/th>\n<td>Carga \u00fatil nominal<\/td>\n<td>3.000 kg<\/td>\n<\/tr>\n<tr>\n<td>Peso operacional<\/td>\n<td>6990kg<\/td>\n<\/tr>\n<tr>\n<td>For\u00e7a de tra\u00e7\u00e3o<\/td>\n<td>6100 mm<\/td>\n<\/tr>\n<tr>\n<td>For\u00e7a de rompimento<\/td>\n<td>2130 mm<\/td>\n<\/tr>\n<tr>\n<td>L1\u00d7L2\u00d7H1<\/td>\n<td>5500 mm<\/td>\n<\/tr>\n<tr>\n<td>dist\u00e2ncia entre eixos<\/td>\n<td>2.670 mm<\/td>\n<\/tr>\n<tr>\n<td>Envergadura<\/td>\n<td>1700 mm<\/td>\n<\/tr>\n<tr>\n<td>Dist\u00e2ncia m\u00ednima ao solo (H4)<\/td>\n<td>300mm<\/td>\n<\/tr>\n<tr>\n<td>Centro de Carga (Q)<\/td>\n<td>550mm<\/td>\n<\/tr>\n<tr>\n<th rowspan=\"5\">MOTOR<\/th>\n<td>Fabricante\/Modelo<\/td>\n<td>YN4EL120 (Na\u00e7\u00e3o III)<\/td>\n<\/tr>\n<tr>\n<td>Pot\u00eancia nominal<\/td>\n<td>85 kW\/2.400 rpm<\/td>\n<\/tr>\n<tr>\n<td>Torque nominal<\/td>\n<td>414N\u00b7m\/1800-1600rpm<\/td>\n<\/tr>\n<tr>\n<td>Deslocamento (L)<\/td>\n<td>3,8L<\/td>\n<\/tr>\n<tr>\n<td>Consumo de combust\u00edvel<\/td>\n<td>238g\/kW\u00b7h<\/td>\n<\/tr>\n<tr>\n<th rowspan=\"11\">TREM DE CONDU\u00c7\u00c3O<\/th>\n<td>Tipo de transmiss\u00e3o<\/td>\n<td>Powershift do contraeixo<\/td>\n<\/tr>\n<tr>\n<td>Tipo de turno<\/td>\n<td>Engrenagem de dente reto de mudan\u00e7a hidr\u00e1ulica de eixo fixo<\/td>\n<\/tr>\n<tr>\n<td>Press\u00e3o de Transmiss\u00e3o<\/td>\n<td>1,1-1,5MPa<\/td>\n<\/tr>\n<tr>\n<td>Engrenagem<\/td>\n<td>2F\/2R<\/td>\n<\/tr>\n<tr>\n<td>Conversor de torque<\/td>\n<td>Monoest\u00e1gio, Turbina \u00fanica, 3 elementos<\/td>\n<\/tr>\n<tr>\n<td>Taxa de Torque<\/td>\n<td>3.13<\/td>\n<\/tr>\n<tr>\n<td>Redutor Principal<\/td>\n<td>Redu\u00e7\u00e3o de est\u00e1gio \u00fanico de engrenagem c\u00f4nica espiral<\/td>\n<\/tr>\n<tr>\n<td>Redutor Final<\/td>\n<td>Redu\u00e7\u00e3o Planet\u00e1ria<\/td>\n<\/tr>\n<tr>\n<td>Pneu<\/td>\n<td>16\/70-24<\/td>\n<\/tr>\n<tr>\n<td>Velocidade de viagem para frente<\/td>\n<td>8\/25km\/h<\/td>\n<\/tr>\n<tr>\n<td>Velocidade de viagem-Reversa<\/td>\n<td>8\/25km\/h<\/td>\n<\/tr>\n<tr>\n<th rowspan=\"3\">SISTEMA DE TRAVAGEM<\/th>\n<td>freio de servi\u00e7o<\/td>\n<td>Acionamento pneum\u00e1tico, freio nas quatro rodas (seco)<\/td>\n<\/tr>\n<tr>\n<td>Definir press\u00e3o<\/td>\n<td>0,78 MPa<\/td>\n<\/tr>\n<tr>\n<td>Trav\u00e3o de m\u00e3o<\/td>\n<td>Compasso de calibre controlado por eixo flex\u00edvel<\/td>\n<\/tr>\n<tr>\n<th rowspan=\"4\">SISTEMA DE DIRE\u00c7\u00c3O<\/th>\n<td>Tipo<\/td>\n<td>Sistema de Sensor de Carga Hidr\u00e1ulica<\/td>\n<\/tr>\n<tr>\n<td>Bomba de dire\u00e7\u00e3o<\/td>\n<td>Compartilhado com bomba de trabalho<\/td>\n<\/tr>\n<tr>\n<td>Press\u00e3o do sistema<\/td>\n<td>14Mpa<\/td>\n<\/tr>\n<tr>\n<td>\u00c2ngulo de viragem<\/td>\n<td>32\u00b13\u00b0<\/td>\n<\/tr>\n<tr>\n<th rowspan=\"5\">SISTEMA HIDR\u00c1ULICO<\/th>\n<td>Tipo<\/td>\n<td>Controle piloto<\/td>\n<\/tr>\n<tr>\n<td>Bomba de trabalho<\/td>\n<td>Bomba de engrenagem<\/td>\n<\/tr>\n<tr>\n<td>Quociente de vaz\u00e3o<\/td>\n<td>160L\/min\u00b72400rpm<\/td>\n<\/tr>\n<tr>\n<td>V\u00e1lvula de controle<\/td>\n<td>2 carretel<\/td>\n<\/tr>\n<tr>\n<td>Press\u00e3o do sistema<\/td>\n<td>16MPa<\/td>\n<\/tr>\n<tr>\n<th rowspan=\"4\">SISTEMA DE MASTRO<\/th>\n<td>Altura do mastro<\/td>\n<td>2185 (altura de eleva\u00e7\u00e3o: 5500 mm)<\/td>\n<\/tr>\n<tr>\n<td>Velocidade m\u00e1xima de levantamento<\/td>\n<td>6s<\/td>\n<\/tr>\n<tr>\n<td>Faixa de ajuste do garfo (externo)<\/td>\n<td>1055mm<\/td>\n<\/tr>\n<tr>\n<td>Tamanho do garfo STD (L5*W*T)<\/td>\n<td>125X45X1220(mil\u00edmetro)<\/td>\n<\/tr>\n<tr>\n<th rowspan=\"2\">SISTEMA EL\u00c9TRICO<\/th>\n<td>Tens\u00e3o do sistema<\/td>\n<td>24V<\/td>\n<\/tr>\n<tr>\n<td>Bateria (2 em s\u00e9rie)<\/td>\n<td>90L<\/td>\n<\/tr>\n<tr>\n<th rowspan=\"4\">CAPACIDADE DE RECARGA DE SERVI\u00c7O<\/th>\n<td>Tanque de combust\u00edvel<\/td>\n<td>70L<\/td>\n<\/tr>\n<tr>\n<td>Tanque Hidr\u00e1ulico<\/td>\n<td>22,5L<\/td>\n<\/tr>\n<tr>\n<td>Transmiss\u00e3o<\/td>\n<td>24L<\/td>\n<\/tr>\n<tr>\n<td>Eixo dianteiro\/eixo traseiro<\/td>\n<td>2x80Ah<\/td>\n<\/tr>\n<\/tbody>\n<\/table>\n<\/div>\n<div><\/div>\n<h6 class=\"tit\">LGFT18<\/h6>\n<div class=\"t_box\">\n<div class=\"con\">\n<ul>\n<li>Pot\u00eancia nominal 162 kW\/2200 rpm<\/li>\n<li>Capacidade da ca\u00e7amba 1400\u00d7200\u00d7120mm<\/li>\n<li>Carga \u00fatil nominal 18.000 kg<\/li>\n<li>Peso operacional 23900kg<\/li>\n<\/ul>\n<h6 class=\"tit\">LGFT28<\/h6>\n<div class=\"t_box\">\n<div class=\"con\">\n<ul>\n<li>Pot\u00eancia nominal 178 kW\/2200 rpm<\/li>\n<li>Capacidade da ca\u00e7amba 1520\u00d7240\u00d7140mm<\/li>\n<li>Carga \u00fatil nominal 28.000 kg<\/li>\n<li>Peso operacional 30100kg<\/li>\n<\/ul>\n<table class=\"datalist\" width=\"100%\" cellspacing=\"0\" cellpadding=\"0\">\n<tbody>\n<tr class=\"firstRow\">\n<th rowspan=\"12\">B\u00e1sico<\/th>\n<td>Dimens\u00f5es do garfo<\/td>\n<td>1520\u00d7240\u00d7140<\/td>\n<\/tr>\n<tr>\n<td>Carga \u00fatil nominal<\/td>\n<td>28.000kg (\u00e2ngulo de dire\u00e7\u00e3o de 10\u00b0)<\/td>\n<\/tr>\n<tr>\n<td>Peso operacional<\/td>\n<td>30100\u00b1300kg<\/td>\n<\/tr>\n<tr>\n<td>For\u00e7a de tra\u00e7\u00e3o<\/td>\n<td>239\u00b13kN<\/td>\n<\/tr>\n<tr>\n<td>For\u00e7a de rompimento<\/td>\n<td>320\u00b13kN<\/td>\n<\/tr>\n<tr>\n<td>Dimens\u00f5es totais (C\u00d7L\u00d7A)<\/td>\n<td>8663\u00d73025\u00d73601mm<\/td>\n<\/tr>\n<tr>\n<td>Altura m\u00e1xima de eleva\u00e7\u00e3o horizontal<\/td>\n<td>3200 mm<\/td>\n<\/tr>\n<tr>\n<td>Centro de carga<\/td>\n<td>800mm<\/td>\n<\/tr>\n<tr>\n<td>Base do calcanhar<\/td>\n<td>3.965 mm<\/td>\n<\/tr>\n<tr>\n<td>Piso<\/td>\n<td>2350 mm<\/td>\n<\/tr>\n<tr>\n<td>\u00c2ngulo de viragem<\/td>\n<td>30\u00b0<\/td>\n<\/tr>\n<tr>\n<td>Gradeability<\/td>\n<td>26\u00b0<\/td>\n<\/tr>\n<tr>\n<th rowspan=\"9\">Motor<\/th>\n<td>Fabricante\/Modelo<\/td>\n<td>WEICHAI\/WP10G240E341<\/td>\n<\/tr>\n<tr>\n<td>Pot\u00eancia nominal<\/td>\n<td>178 kW\/2200 rpm<\/td>\n<\/tr>\n<tr>\n<td>Torque m\u00e1ximo<\/td>\n<td>1100N\u00b7m\/1400-1600rpm<\/td>\n<\/tr>\n<tr>\n<td>Di\u00e2metro x Curso (mm)<\/td>\n<td>126\u00d7130mm<\/td>\n<\/tr>\n<tr>\n<td>N\u00ba de cilindros\/deslocamento<\/td>\n<td>6\/9.726L<\/td>\n<\/tr>\n<tr>\n<td>Filtro de ar<\/td>\n<td>Filtro de 3 est\u00e1gios<\/td>\n<\/tr>\n<tr>\n<td>Alternador<\/td>\n<td>55Amp<\/td>\n<\/tr>\n<tr>\n<td>Bateria<\/td>\n<td>2-24V\/120Ah<\/td>\n<\/tr>\n<tr>\n<td>Motor de arranque<\/td>\n<td>24 V\/7,5 kW<\/td>\n<\/tr>\n<tr>\n<th rowspan=\"12\">DIRIGIR<br \/>\nTREM<\/th>\n<td>Tipo de transmiss\u00e3o<\/td>\n<td>Mudan\u00e7a de pot\u00eancia planet\u00e1ria<\/td>\n<\/tr>\n<tr>\n<td>Tipo de turno<\/td>\n<td>Controle Powershift Mec\u00e2nico<\/td>\n<\/tr>\n<tr>\n<td>Press\u00e3o de Transmiss\u00e3o<\/td>\n<td>1,2-1,5MPa<\/td>\n<\/tr>\n<tr>\n<td>Tipo de conversor de torque<\/td>\n<td>Monoest\u00e1gio, turbina dupla, 4 elementos<\/td>\n<\/tr>\n<tr>\n<td>eixos<\/td>\n<td>R\u00edgido (dianteiro) e oscilante (traseiro)<\/td>\n<\/tr>\n<tr>\n<td>Oscila\u00e7\u00e3o do eixo traseiro (\u00b0)<\/td>\n<td>\u00b1 10\u00b0<\/td>\n<\/tr>\n<tr>\n<td>Diferencial<\/td>\n<td>Convencional<\/td>\n<\/tr>\n<tr>\n<td>Redutor Principal<\/td>\n<td>Bisel espiral, redu\u00e7\u00e3o de 1 est\u00e1gio<\/td>\n<\/tr>\n<tr>\n<td>Redutor Final<\/td>\n<td>Redu\u00e7\u00e3o Planet\u00e1ria<\/td>\n<\/tr>\n<tr>\n<td>pneus<\/td>\n<td>Frente: 26,5-25-36PR TL<br \/>\nTraseira 26 5 25 28PR TL<\/td>\n<\/tr>\n<tr>\n<td>Avan\u00e7o r\u00e1pido da viagem<\/td>\n<td>0,45\/34km\/h<\/td>\n<\/tr>\n<tr>\n<td>Velocidade de viagem reversa<\/td>\n<td>12,49 km\/h<\/td>\n<\/tr>\n<tr>\n<th rowspan=\"4\">FREIO<br \/>\nSISTEMA<\/th>\n<td>freio de servi\u00e7o<\/td>\n<td>Freio a seco de linha dupla<\/td>\n<\/tr>\n<tr>\n<td>Definir press\u00e3o<\/td>\n<td>0,70-0,78 MPa<\/td>\n<\/tr>\n<tr>\n<td>Trav\u00e3o de m\u00e3o<\/td>\n<td>Freio de pin\u00e7a acionado por ar<\/td>\n<\/tr>\n<tr>\n<td>Freio de Emerg\u00eancia<\/td>\n<td>Freio de pin\u00e7a acionado por ar<\/td>\n<\/tr>\n<tr>\n<th rowspan=\"5\">DIRE\u00c7\u00c3O<br \/>\nSISTEMA<\/th>\n<td>Tipo<\/td>\n<td>Sistema de detec\u00e7\u00e3o de carga hidr\u00e1ulica<\/td>\n<\/tr>\n<tr>\n<td>Bombear<\/td>\n<td>158L\/min\u00b72200rpm<\/td>\n<\/tr>\n<tr>\n<td>Press\u00e3o do sistema<\/td>\n<td>16MPa<\/td>\n<\/tr>\n<tr>\n<td>Tipo de cilindro<\/td>\n<td>Dupla a\u00e7ao<\/td>\n<\/tr>\n<tr>\n<td>\u00c2ngulo de viragem<\/td>\n<td>\u00b130\u00b0<\/td>\n<\/tr>\n<tr>\n<th rowspan=\"5\">HIDRAU<br \/>\nLIC<br \/>\nSISTEMA<\/th>\n<td>Tipo<\/td>\n<td>Controle por joystick (alavanca \u00fanica)<\/td>\n<\/tr>\n<tr>\n<td>Bombear<\/td>\n<td>356L\/min\u00b72200rpm<\/td>\n<\/tr>\n<tr>\n<td>V\u00e1lvula de controle<\/td>\n<td>2 carretel<\/td>\n<\/tr>\n<tr>\n<td>Press\u00e3o do sistema<\/td>\n<td>23 MPa<\/td>\n<\/tr>\n<tr>\n<td>Tempo de ciclo (seg)<\/td>\n<td>17.9<\/td>\n<\/tr>\n<tr>\n<th rowspan=\"5\">SERVI\u00c7O<br \/>\nRECARREGAR<br \/>\nCAPACIDADE<br \/>\nS<\/th>\n<td>Tanque de Combust\u00edvel (L)<\/td>\n<td>285L<\/td>\n<\/tr>\n<tr>\n<td>Tanque Hidr\u00e1ulico (L)<\/td>\n<td>270L<\/td>\n<\/tr>\n<tr>\n<td>Virabrequim (L)<\/td>\n<td>20L<\/td>\n<\/tr>\n<tr>\n<td>Transmiss\u00e3o (L)<\/td>\n<td>52L<\/td>\n<\/tr>\n<tr>\n<td>Eixo dianteiro\/eixo traseiro (L)<\/td>\n<td>31L\/31L<\/td>\n<\/tr>\n<\/tbody>\n<\/table>\n<p>\u00e9 LONGE; n\u00e3o \u00e9 lince, CASE, lagarta (Cat), Doosan, Dynapac, Hitachi, Hyundai, Kato, Kobelco, Komatsu, Kubota, Lliugong, Motoniveladora, Sany, Sumitomo, Volvo, Sunward,\u2026<\/p>\n<\/div>\n<\/div>\n<\/div>\n<\/div>\n<\/div>\n<\/div>\n<\/div>\n<\/div>","protected":false},"excerpt":{"rendered":"<p>Lonking Forklift for sale 6 ton 7 ton CDM932NYC CDM936NYC LGFT18 LGFT28 OEM for any famous brand &nbsp; CDM932NYC Rough Terain Forklift Rated Power 60kW\/2400rpm Load Center 550mm Rated Payload 2500kg Operating Weight 5130kg CDM936NYC Rough Terain Forklift Rated Power 85kW\/2400rpm Load Center 550mm Rated Payload 3000kg Operating Weight 6990kg BASIC Rated Payload 3000kg Operating [&hellip;]<\/p>","protected":false},"featured_media":3085,"template":"","meta":{"site-sidebar-layout":"default","site-content-layout":"","ast-site-content-layout":"default","site-content-style":"default","site-sidebar-style":"default","ast-global-header-display":"","ast-banner-title-visibility":"","ast-main-header-display":"","ast-hfb-above-header-display":"","ast-hfb-below-header-display":"","ast-hfb-mobile-header-display":"","site-post-title":"","ast-breadcrumbs-content":"","ast-featured-img":"","footer-sml-layout":"","ast-disable-related-posts":"","theme-transparent-header-meta":"default","adv-header-id-meta":"","stick-header-meta":"","header-above-stick-meta":"","header-main-stick-meta":"","header-below-stick-meta":"","astra-migrate-meta-layouts":"set","ast-page-background-enabled":"default","ast-page-background-meta":{"desktop":{"background-color":"","background-image":"","background-repeat":"repeat","background-position":"center center","background-size":"auto","background-attachment":"scroll","background-type":"","background-media":"","overlay-type":"","overlay-color":"","overlay-opacity":"","overlay-gradient":""},"tablet":{"background-color":"","background-image":"","background-repeat":"repeat","background-position":"center center","background-size":"auto","background-attachment":"scroll","background-type":"","background-media":"","overlay-type":"","overlay-color":"","overlay-opacity":"","overlay-gradient":""},"mobile":{"background-color":"","background-image":"","background-repeat":"repeat","background-position":"center center","background-size":"auto","background-attachment":"scroll","background-type":"","background-media":"","overlay-type":"","overlay-color":"","overlay-opacity":"","overlay-gradient":""}},"ast-content-background-meta":{"desktop":{"background-color":"var(--ast-global-color-5)","background-image":"","background-repeat":"repeat","background-position":"center center","background-size":"auto","background-attachment":"scroll","background-type":"","background-media":"","overlay-type":"","overlay-color":"","overlay-opacity":"","overlay-gradient":""},"tablet":{"background-color":"var(--ast-global-color-5)","background-image":"","background-repeat":"repeat","background-position":"center center","background-size":"auto","background-attachment":"scroll","background-type":"","background-media":"","overlay-type":"","overlay-color":"","overlay-opacity":"","overlay-gradient":""},"mobile":{"background-color":"var(--ast-global-color-5)","background-image":"","background-repeat":"repeat","background-position":"center center","background-size":"auto","background-attachment":"scroll","background-type":"","background-media":"","overlay-type":"","overlay-color":"","overlay-opacity":"","overlay-gradient":""}}},"product_brand":[],"product_cat":[36],"product_tag":[],"class_list":{"0":"post-3081","1":"product","2":"type-product","3":"status-publish","4":"has-post-thumbnail","6":"product_cat-machinery","7":"desktop-align-left","8":"tablet-align-left","9":"mobile-align-left","11":"first","12":"instock","13":"shipping-taxable","14":"product-type-simple"},"_links":{"self":[{"href":"https:\/\/satisfybot.com\/pt\/wp-json\/wp\/v2\/product\/3081","targetHints":{"allow":["GET"]}}],"collection":[{"href":"https:\/\/satisfybot.com\/pt\/wp-json\/wp\/v2\/product"}],"about":[{"href":"https:\/\/satisfybot.com\/pt\/wp-json\/wp\/v2\/types\/product"}],"version-history":[{"count":5,"href":"https:\/\/satisfybot.com\/pt\/wp-json\/wp\/v2\/product\/3081\/revisions"}],"predecessor-version":[{"id":3099,"href":"https:\/\/satisfybot.com\/pt\/wp-json\/wp\/v2\/product\/3081\/revisions\/3099"}],"wp:featuredmedia":[{"embeddable":true,"href":"https:\/\/satisfybot.com\/pt\/wp-json\/wp\/v2\/media\/3085"}],"wp:attachment":[{"href":"https:\/\/satisfybot.com\/pt\/wp-json\/wp\/v2\/media?parent=3081"}],"wp:term":[{"taxonomy":"product_brand","embeddable":true,"href":"https:\/\/satisfybot.com\/pt\/wp-json\/wp\/v2\/product_brand?post=3081"},{"taxonomy":"product_cat","embeddable":true,"href":"https:\/\/satisfybot.com\/pt\/wp-json\/wp\/v2\/product_cat?post=3081"},{"taxonomy":"product_tag","embeddable":true,"href":"https:\/\/satisfybot.com\/pt\/wp-json\/wp\/v2\/product_tag?post=3081"}],"curies":[{"name":"wp","href":"https:\/\/api.w.org\/{rel}","templated":true}]}}