{"id":3104,"date":"2023-09-11T05:20:13","date_gmt":"2023-09-11T05:20:13","guid":{"rendered":"https:\/\/satisfybot.com\/?post_type=product&#038;p=3104"},"modified":"2023-09-15T06:20:23","modified_gmt":"2023-09-15T06:20:23","slug":"mini-excavator-mini-digger-bagger-0-8ton-1ton-2ton-small-excavator-3-5ton-compact-excavator-epa-ce-euro-5-pellet-crawler-mini-excavator","status":"publish","type":"product","link":"https:\/\/satisfybot.com\/pt\/produto\/mini-excavator-mini-digger-bagger-0-8ton-1ton-2ton-small-excavator-3-5ton-compact-excavator-epa-ce-euro-5-pellet-crawler-mini-excavator\/","title":{"rendered":"Mini escavadeira para venda pequena escavadeira compacta de 0,8 ton 1 ton Mini escavadeira ensacadora EPA CE EURO 5 escavadeira de esteira"},"content":{"rendered":"<h3><b class=\"magic-10\"><span class=\"magic-25\">Caracter\u00edsticas da MINI ESCAVADORA Satisfybot:<\/span><\/b><\/h3>\n<p><span class=\"magic-9\" style=\"color: #000000;\"><span class=\"magic-15\">1. Escavadeiras com dimens\u00f5es compactas podem facilmente passar por passagens e portas estreitas. <\/span><\/span><\/p>\n<p><span class=\"magic-9\" style=\"color: #000000;\"><span class=\"magic-15\">2. O material rodante retr\u00e1til e a l\u00e2mina niveladora permitem que as escavadeiras sejam configuradas para excelente estabilidade de trabalho e \u00f3timo desempenho. <\/span><\/span><\/p>\n<p><span class=\"magic-9\" style=\"color: #000000;\"><span class=\"magic-15\">3. Motor potente e sistema hidr\u00e1ulico perfeitamente combinado proporcionam desempenho eficiente, econ\u00f4mico e confi\u00e1vel para os trabalhos mais dif\u00edceis. <\/span><\/span><\/p>\n<p><span class=\"magic-9\" style=\"color: #000000;\"><span class=\"magic-15\">4. As mangueiras da ca\u00e7amba est\u00e3o bem protegidas dentro da lan\u00e7a e o cilindro \u00e9 montado acima da estrutura. <\/span><\/span><\/p>\n<p><span class=\"magic-9\" style=\"color: #000000;\"><span class=\"magic-15\">5. A \u00e1rea do operador \u00e9 espa\u00e7osa e projetada para proporcionar conforto e facilidade de opera\u00e7\u00e3o. <\/span><\/span><\/p>\n<p><span class=\"magic-9\" style=\"color: #000000;\"><span class=\"magic-15\">6. Excelente motor (Jap\u00e3o, It\u00e1lia e fabrica\u00e7\u00e3o nacional) fornece excelente pot\u00eancia com uso m\u00ednimo de combust\u00edvel para maior produtividade por tanque. Miniescavadeira de esteira chinesa de 0,8 ton-3,5 ton<\/span><\/span><\/p>\n<p>&nbsp;<\/p>\n<h3>V\u00eddeo de miniescavadeira de 0,8 tonelada e 1 tonelada<\/h3>\n<div style=\"width: 1280px;\" class=\"wp-video\"><!--[if lt IE 9]><script>document.createElement('video');<\/script><![endif]-->\n<video class=\"wp-video-shortcode\" id=\"video-3104-1\" width=\"1280\" height=\"720\" preload=\"metadata\" controls=\"controls\"><source type=\"video\/mp4\" src=\"https:\/\/satisfybot.com\/wp-content\/uploads\/2023\/09\/0.8-ton.mp4?_=1\" \/><a href=\"https:\/\/satisfybot.com\/wp-content\/uploads\/2023\/09\/0.8-ton.mp4\">https:\/\/satisfybot.com\/wp-content\/uploads\/2023\/09\/0.8-ton.mp4<\/a><\/video><\/div>\n<div style=\"width: 1280px;\" class=\"wp-video\"><video class=\"wp-video-shortcode\" id=\"video-3104-2\" width=\"1280\" height=\"720\" preload=\"metadata\" controls=\"controls\"><source type=\"video\/mp4\" src=\"https:\/\/satisfybot.com\/wp-content\/uploads\/2023\/09\/1.0-ton.mp4?_=2\" \/><a href=\"https:\/\/satisfybot.com\/wp-content\/uploads\/2023\/09\/1.0-ton.mp4\">https:\/\/satisfybot.com\/wp-content\/uploads\/2023\/09\/1.0-ton.mp4<\/a><\/video><\/div>\n<p><img fetchpriority=\"high\" decoding=\"async\" class=\"aligncenter wp-image-3115\" src=\"https:\/\/satisfybot.com\/wp-content\/uploads\/2023\/09\/\u53c2\u6570.png\" alt=\"\" width=\"668\" height=\"663\" srcset=\"https:\/\/satisfybot.com\/wp-content\/uploads\/2023\/09\/\u53c2\u6570.png 554w, https:\/\/satisfybot.com\/wp-content\/uploads\/2023\/09\/\u53c2\u6570-300x298.png 300w, https:\/\/satisfybot.com\/wp-content\/uploads\/2023\/09\/\u53c2\u6570-150x150.png 150w, https:\/\/satisfybot.com\/wp-content\/uploads\/2023\/09\/\u53c2\u6570-12x12.png 12w, https:\/\/satisfybot.com\/wp-content\/uploads\/2023\/09\/\u53c2\u6570-100x100.png 100w\" sizes=\"(max-width: 668px) 100vw, 668px\" \/><img decoding=\"async\" class=\"aligncenter size-large wp-image-3118\" src=\"https:\/\/satisfybot.com\/wp-content\/uploads\/2023\/09\/multi-accessories-666x1024.jpg\" alt=\"\" width=\"666\" height=\"1024\" srcset=\"https:\/\/satisfybot.com\/wp-content\/uploads\/2023\/09\/multi-accessories-666x1024.jpg 666w, https:\/\/satisfybot.com\/wp-content\/uploads\/2023\/09\/multi-accessories-195x300.jpg 195w, https:\/\/satisfybot.com\/wp-content\/uploads\/2023\/09\/multi-accessories-768x1181.jpg 768w, https:\/\/satisfybot.com\/wp-content\/uploads\/2023\/09\/multi-accessories-8x12.jpg 8w, https:\/\/satisfybot.com\/wp-content\/uploads\/2023\/09\/multi-accessories-600x923.jpg 600w, https:\/\/satisfybot.com\/wp-content\/uploads\/2023\/09\/multi-accessories.jpg 790w\" sizes=\"(max-width: 666px) 100vw, 666px\" \/><\/p>\n<h3>Vantagem da miniescavadeira HT08 0.8T<\/h3>\n<p style=\"font-weight: 400;\">1.Design exclusivo de estrutura de bra\u00e7o grande<\/p>\n<p style=\"font-weight: 400;\">2. O pipeline frontal da opera\u00e7\u00e3o est\u00e1 claro.<\/p>\n<p style=\"font-weight: 400;\">A capa protetora protege o gasoduto de ser destru\u00eddo.<\/p>\n<p style=\"font-weight: 400;\">3. O cilindro da lan\u00e7a adota a marca bem conhecida<\/p>\n<p style=\"font-weight: 400;\">O cilindro \u00e9 projetado integrado, o que \u00e9 mais avan\u00e7ado que a tecnologia de soldagem.<\/p>\n<p style=\"font-weight: 400;\">4.Todas as pe\u00e7as estruturais s\u00e3o finamente processadas.<\/p>\n<p style=\"font-weight: 400;\">Todas as pe\u00e7as estruturais s\u00e3o finamente processadas.<\/p>\n<p style=\"font-weight: 400;\">S\u00e3o adotados processos de jateamento, decapagem e acabamento de cozimento.<\/p>\n<p style=\"font-weight: 400;\">A superf\u00edcie possui alto brilho e alta ader\u00eancia de tinta.<\/p>\n<p><img decoding=\"async\" class=\"aligncenter size-full wp-image-3220\" src=\"https:\/\/satisfybot.com\/wp-content\/uploads\/2023\/09\/20210618152805_6742.jpg\" alt=\"\" width=\"1000\" height=\"1000\" srcset=\"https:\/\/satisfybot.com\/wp-content\/uploads\/2023\/09\/20210618152805_6742.jpg 1000w, https:\/\/satisfybot.com\/wp-content\/uploads\/2023\/09\/20210618152805_6742-300x300.jpg 300w, https:\/\/satisfybot.com\/wp-content\/uploads\/2023\/09\/20210618152805_6742-150x150.jpg 150w, https:\/\/satisfybot.com\/wp-content\/uploads\/2023\/09\/20210618152805_6742-768x768.jpg 768w, https:\/\/satisfybot.com\/wp-content\/uploads\/2023\/09\/20210618152805_6742-12x12.jpg 12w, https:\/\/satisfybot.com\/wp-content\/uploads\/2023\/09\/20210618152805_6742-600x600.jpg 600w, https:\/\/satisfybot.com\/wp-content\/uploads\/2023\/09\/20210618152805_6742-100x100.jpg 100w\" sizes=\"(max-width: 1000px) 100vw, 1000px\" \/><\/p>\n<h2>Par\u00e2metro da miniescavadeira HT08 0.8T<\/h2>\n<table style=\"font-weight: 400;\">\n<tbody>\n<tr>\n<td width=\"284\">Par\u00e2metro de desempenho<\/td>\n<td width=\"284\"><\/td>\n<\/tr>\n<tr>\n<td width=\"284\">pot\u00eancia nominal<\/td>\n<td width=\"284\">12 CV<\/td>\n<\/tr>\n<tr>\n<td width=\"284\">Capacidade do balde<\/td>\n<td width=\"284\">0,025 m3<\/td>\n<\/tr>\n<tr>\n<td width=\"284\">Modelo de motor<\/td>\n<td width=\"284\">Chang Chai 192<\/td>\n<\/tr>\n<tr>\n<td width=\"284\">Peso<\/td>\n<td width=\"284\">650kg<\/td>\n<\/tr>\n<tr>\n<td width=\"284\">M\u00e1x. for\u00e7a de escava\u00e7\u00e3o<\/td>\n<td width=\"284\">7,5 KN<\/td>\n<\/tr>\n<tr>\n<td width=\"284\">Forma de bomba<\/td>\n<td width=\"284\">Bomba de engrenagem \u00fanica<\/td>\n<\/tr>\n<tr>\n<td width=\"284\">Definir press\u00e3o de trabalho<\/td>\n<td width=\"284\">14Mpa<\/td>\n<\/tr>\n<tr>\n<td width=\"284\">Velocidade de balan\u00e7o<\/td>\n<td width=\"284\">12 rpm<\/td>\n<\/tr>\n<tr>\n<td width=\"284\">Velocidade de viagem<\/td>\n<td width=\"284\">2,2 km\/h<\/td>\n<\/tr>\n<tr>\n<td width=\"284\">Gradeability<\/td>\n<td width=\"284\">30\u00b0<\/td>\n<\/tr>\n<tr>\n<td width=\"284\">Press\u00e3o sobre o solo<\/td>\n<td width=\"284\">19Kpa<\/td>\n<\/tr>\n<tr>\n<td width=\"284\">\u00c1rea de trabalho<\/td>\n<td width=\"284\"><\/td>\n<\/tr>\n<tr>\n<td width=\"284\">M\u00e1x. dist\u00e2ncia de avan\u00e7o<\/td>\n<td width=\"284\">2.450 mm<\/td>\n<\/tr>\n<tr>\n<td width=\"284\">Profundidade m\u00e1xima de escava\u00e7\u00e3o<\/td>\n<td width=\"284\">1200 mm<\/td>\n<\/tr>\n<tr>\n<td width=\"284\">Altura m\u00e1xima de escava\u00e7\u00e3o<\/td>\n<td width=\"284\">2350 mm<\/td>\n<\/tr>\n<tr>\n<td width=\"284\">Altura m\u00e1x. de despejo<\/td>\n<td width=\"284\">1600mm<\/td>\n<\/tr>\n<tr>\n<td width=\"284\">Raio m\u00ednimo de oscila\u00e7\u00e3o<\/td>\n<td width=\"284\">1100 mm<\/td>\n<\/tr>\n<tr>\n<td width=\"284\">M\u00e1x. Atualizar a altura da l\u00e2mina do blldozer<\/td>\n<td width=\"284\">120 mm<\/td>\n<\/tr>\n<tr>\n<td width=\"284\">M\u00e1x. Profundidade de escava\u00e7\u00e3o da l\u00e2mina do blldozer<\/td>\n<td width=\"284\">200 mm<\/td>\n<\/tr>\n<tr>\n<td width=\"284\">Dimens\u00f5es<\/td>\n<td width=\"284\"><\/td>\n<\/tr>\n<tr>\n<td width=\"284\">Largura total<\/td>\n<td width=\"284\">720-780 mm<\/td>\n<\/tr>\n<tr>\n<td width=\"284\">Altura total<\/td>\n<td width=\"284\">1300 mm<\/td>\n<\/tr>\n<tr>\n<td width=\"284\">Comprimento total<\/td>\n<td width=\"284\">2.430 mm<\/td>\n<\/tr>\n<tr>\n<td width=\"284\">Min. dist\u00e2ncia ao solo<\/td>\n<td width=\"284\">80mm<\/td>\n<\/tr>\n<tr>\n<td width=\"284\">Comprimento do solo da trilha<\/td>\n<td width=\"284\">1140 mm<\/td>\n<\/tr>\n<tr>\n<td width=\"284\">Largura da trilha<\/td>\n<td width=\"284\">150 mm<\/td>\n<\/tr>\n<\/tbody>\n<\/table>\n<p>mini escavadeira Mini Digger bagger 1ton 2ton 3ton escavadeira pequena escavadeira compacta de 3,5 ton EPA CE EURO 5 miniescavadeira pellet<\/p>\n<p>CE EPA CE EURO5 ISO<\/p>","protected":false},"excerpt":{"rendered":"<p><img loading=\"lazy\" decoding=\"async\" class=\"aligncenter size-full wp-image-3119\" src=\"https:\/\/satisfybot.com\/wp-content\/uploads\/2023\/09\/importantimport-components.jpg\" alt=\"\" width=\"790\" height=\"842\" srcset=\"https:\/\/satisfybot.com\/wp-content\/uploads\/2023\/09\/importantimport-components.jpg 790w, https:\/\/satisfybot.com\/wp-content\/uploads\/2023\/09\/importantimport-components-281x300.jpg 281w, https:\/\/satisfybot.com\/wp-content\/uploads\/2023\/09\/importantimport-components-768x819.jpg 768w, https:\/\/satisfybot.com\/wp-content\/uploads\/2023\/09\/importantimport-components-11x12.jpg 11w, https:\/\/satisfybot.com\/wp-content\/uploads\/2023\/09\/importantimport-components-600x639.jpg 600w\" sizes=\"(max-width: 790px) 100vw, 790px\" \/><\/p>","protected":false},"featured_media":3105,"template":"","meta":{"site-sidebar-layout":"default","site-content-layout":"","ast-site-content-layout":"default","site-content-style":"default","site-sidebar-style":"default","ast-global-header-display":"","ast-banner-title-visibility":"","ast-main-header-display":"","ast-hfb-above-header-display":"","ast-hfb-below-header-display":"","ast-hfb-mobile-header-display":"","site-post-title":"","ast-breadcrumbs-content":"","ast-featured-img":"","footer-sml-layout":"","ast-disable-related-posts":"","theme-transparent-header-meta":"default","adv-header-id-meta":"","stick-header-meta":"","header-above-stick-meta":"","header-main-stick-meta":"","header-below-stick-meta":"","astra-migrate-meta-layouts":"set","ast-page-background-enabled":"default","ast-page-background-meta":{"desktop":{"background-color":"","background-image":"","background-repeat":"repeat","background-position":"center center","background-size":"auto","background-attachment":"scroll","background-type":"","background-media":"","overlay-type":"","overlay-color":"","overlay-opacity":"","overlay-gradient":""},"tablet":{"background-color":"","background-image":"","background-repeat":"repeat","background-position":"center center","background-size":"auto","background-attachment":"scroll","background-type":"","background-media":"","overlay-type":"","overlay-color":"","overlay-opacity":"","overlay-gradient":""},"mobile":{"background-color":"","background-image":"","background-repeat":"repeat","background-position":"center center","background-size":"auto","background-attachment":"scroll","background-type":"","background-media":"","overlay-type":"","overlay-color":"","overlay-opacity":"","overlay-gradient":""}},"ast-content-background-meta":{"desktop":{"background-color":"var(--ast-global-color-5)","background-image":"","background-repeat":"repeat","background-position":"center center","background-size":"auto","background-attachment":"scroll","background-type":"","background-media":"","overlay-type":"","overlay-color":"","overlay-opacity":"","overlay-gradient":""},"tablet":{"background-color":"var(--ast-global-color-5)","background-image":"","background-repeat":"repeat","background-position":"center center","background-size":"auto","background-attachment":"scroll","background-type":"","background-media":"","overlay-type":"","overlay-color":"","overlay-opacity":"","overlay-gradient":""},"mobile":{"background-color":"var(--ast-global-color-5)","background-image":"","background-repeat":"repeat","background-position":"center center","background-size":"auto","background-attachment":"scroll","background-type":"","background-media":"","overlay-type":"","overlay-color":"","overlay-opacity":"","overlay-gradient":""}}},"product_brand":[],"product_cat":[28],"product_tag":[],"class_list":{"0":"post-3104","1":"product","2":"type-product","3":"status-publish","4":"has-post-thumbnail","6":"product_cat-excavator","7":"desktop-align-left","8":"tablet-align-left","9":"mobile-align-left","11":"first","12":"instock","13":"shipping-taxable","14":"product-type-simple"},"_links":{"self":[{"href":"https:\/\/satisfybot.com\/pt\/wp-json\/wp\/v2\/product\/3104","targetHints":{"allow":["GET"]}}],"collection":[{"href":"https:\/\/satisfybot.com\/pt\/wp-json\/wp\/v2\/product"}],"about":[{"href":"https:\/\/satisfybot.com\/pt\/wp-json\/wp\/v2\/types\/product"}],"version-history":[{"count":11,"href":"https:\/\/satisfybot.com\/pt\/wp-json\/wp\/v2\/product\/3104\/revisions"}],"predecessor-version":[{"id":3231,"href":"https:\/\/satisfybot.com\/pt\/wp-json\/wp\/v2\/product\/3104\/revisions\/3231"}],"wp:featuredmedia":[{"embeddable":true,"href":"https:\/\/satisfybot.com\/pt\/wp-json\/wp\/v2\/media\/3105"}],"wp:attachment":[{"href":"https:\/\/satisfybot.com\/pt\/wp-json\/wp\/v2\/media?parent=3104"}],"wp:term":[{"taxonomy":"product_brand","embeddable":true,"href":"https:\/\/satisfybot.com\/pt\/wp-json\/wp\/v2\/product_brand?post=3104"},{"taxonomy":"product_cat","embeddable":true,"href":"https:\/\/satisfybot.com\/pt\/wp-json\/wp\/v2\/product_cat?post=3104"},{"taxonomy":"product_tag","embeddable":true,"href":"https:\/\/satisfybot.com\/pt\/wp-json\/wp\/v2\/product_tag?post=3104"}],"curies":[{"name":"wp","href":"https:\/\/api.w.org\/{rel}","templated":true}]}}