{"id":3140,"date":"2023-09-11T06:14:27","date_gmt":"2023-09-11T06:14:27","guid":{"rendered":"https:\/\/satisfybot.com\/?post_type=product&#038;p=3140"},"modified":"2023-09-13T07:20:12","modified_gmt":"2023-09-13T07:20:12","slug":"mini-excavator-for-sale-mini-digger-bagger-0-8ton-1ton-2ton-small-excavator-3-5ton-compact-excavator-epa-ce-euro-5-pellet-crawler-mini-excavator-%e5%a4%8d%e5%88%b6","status":"publish","type":"product","link":"https:\/\/satisfybot.com\/pt\/produto\/mini-excavator-for-sale-mini-digger-bagger-0-8ton-1ton-2ton-small-excavator-3-5ton-compact-excavator-epa-ce-euro-5-pellet-crawler-mini-excavator-%e5%a4%8d%e5%88%b6\/","title":{"rendered":"Mini escavadeira para venda Mini Digger bagger 1.3ton pequena escavadeira escavadeira compacta EPA CE EURO 5 miniescavadeira de esteira"},"content":{"rendered":"<h3><b class=\"magic-10\"><span class=\"magic-25\">Caracter\u00edsticas da MINI ESCAVADORA Satisfybot:<\/span><\/b><\/h3>\n<p><span class=\"magic-9\"><span class=\"magic-15\">1. Escavadeiras com dimens\u00f5es compactas podem facilmente passar por passagens e portas estreitas.<\/span><\/span><\/p>\n<p><span class=\"magic-9\"><span class=\"magic-15\">2. O material rodante retr\u00e1til e a l\u00e2mina niveladora permitem que as escavadeiras sejam configuradas para excelente estabilidade de trabalho e \u00f3timo desempenho.<\/span><\/span><\/p>\n<p><span class=\"magic-9\"><span class=\"magic-15\">3. Motor potente e sistema hidr\u00e1ulico perfeitamente combinado proporcionam desempenho eficiente, econ\u00f4mico e confi\u00e1vel para os trabalhos mais dif\u00edceis.<\/span><\/span><\/p>\n<p><span class=\"magic-9\"><span class=\"magic-15\">4. As mangueiras da ca\u00e7amba est\u00e3o bem protegidas dentro da lan\u00e7a e o cilindro \u00e9 montado acima da estrutura.<\/span><\/span><\/p>\n<p><span class=\"magic-9\"><span class=\"magic-15\">5. A \u00e1rea do operador \u00e9 espa\u00e7osa e projetada para proporcionar conforto e facilidade de opera\u00e7\u00e3o.<\/span><\/span><\/p>\n<p><span class=\"magic-9\"><span class=\"magic-15\">6. Excelente motor (Jap\u00e3o, It\u00e1lia e fabrica\u00e7\u00e3o nacional) fornece excelente pot\u00eancia com uso m\u00ednimo de combust\u00edvel para maior produtividade por tanque. Miniescavadeira de esteira chinesa de 0,8 ton-3,5 ton<\/span><\/span><\/p>\n<h3>Demonstra\u00e7\u00e3o em v\u00eddeo de escavadeira de 1,3 toneladas (feitos personalizados est\u00e3o dispon\u00edveis: cabine do motorista, acess\u00f3rios, etc.)<\/h3>\n<div style=\"width: 1280px;\" class=\"wp-video\"><!--[if lt IE 9]><script>document.createElement('video');<\/script><![endif]-->\n<video class=\"wp-video-shortcode\" id=\"video-3140-1\" width=\"1280\" height=\"720\" preload=\"metadata\" controls=\"controls\"><source type=\"video\/mp4\" src=\"https:\/\/satisfybot.com\/wp-content\/uploads\/2023\/09\/1.3ton.mp4?_=1\" \/><a href=\"https:\/\/satisfybot.com\/wp-content\/uploads\/2023\/09\/1.3ton.mp4\">https:\/\/satisfybot.com\/wp-content\/uploads\/2023\/09\/1.3ton.mp4<\/a><\/video><\/div>\n<p><img fetchpriority=\"high\" decoding=\"async\" class=\"aligncenter  wp-image-3207\" src=\"https:\/\/satisfybot.com\/wp-content\/uploads\/2023\/09\/HT10-driver-cabin.jpg\" alt=\"\" width=\"687\" height=\"687\" srcset=\"https:\/\/satisfybot.com\/wp-content\/uploads\/2023\/09\/HT10-driver-cabin.jpg 800w, https:\/\/satisfybot.com\/wp-content\/uploads\/2023\/09\/HT10-driver-cabin-300x300.jpg 300w, https:\/\/satisfybot.com\/wp-content\/uploads\/2023\/09\/HT10-driver-cabin-150x150.jpg 150w, https:\/\/satisfybot.com\/wp-content\/uploads\/2023\/09\/HT10-driver-cabin-768x768.jpg 768w, https:\/\/satisfybot.com\/wp-content\/uploads\/2023\/09\/HT10-driver-cabin-12x12.jpg 12w, https:\/\/satisfybot.com\/wp-content\/uploads\/2023\/09\/HT10-driver-cabin-600x600.jpg 600w, https:\/\/satisfybot.com\/wp-content\/uploads\/2023\/09\/HT10-driver-cabin-100x100.jpg 100w\" sizes=\"(max-width: 687px) 100vw, 687px\" \/><img decoding=\"async\" class=\"aligncenter  wp-image-3118\" src=\"https:\/\/satisfybot.com\/wp-content\/uploads\/2023\/09\/multi-accessories-666x1024.jpg\" alt=\"\" width=\"686\" height=\"1055\" srcset=\"https:\/\/satisfybot.com\/wp-content\/uploads\/2023\/09\/multi-accessories-666x1024.jpg 666w, https:\/\/satisfybot.com\/wp-content\/uploads\/2023\/09\/multi-accessories-195x300.jpg 195w, https:\/\/satisfybot.com\/wp-content\/uploads\/2023\/09\/multi-accessories-768x1181.jpg 768w, https:\/\/satisfybot.com\/wp-content\/uploads\/2023\/09\/multi-accessories-8x12.jpg 8w, https:\/\/satisfybot.com\/wp-content\/uploads\/2023\/09\/multi-accessories-600x923.jpg 600w, https:\/\/satisfybot.com\/wp-content\/uploads\/2023\/09\/multi-accessories.jpg 790w\" sizes=\"(max-width: 686px) 100vw, 686px\" \/><\/p>\n<p>&nbsp;<\/p>\n<p><img decoding=\"async\" class=\"aligncenter  wp-image-3119\" src=\"https:\/\/satisfybot.com\/wp-content\/uploads\/2023\/09\/importantimport-components.jpg\" alt=\"\" width=\"696\" height=\"742\" srcset=\"https:\/\/satisfybot.com\/wp-content\/uploads\/2023\/09\/importantimport-components.jpg 790w, https:\/\/satisfybot.com\/wp-content\/uploads\/2023\/09\/importantimport-components-281x300.jpg 281w, https:\/\/satisfybot.com\/wp-content\/uploads\/2023\/09\/importantimport-components-768x819.jpg 768w, https:\/\/satisfybot.com\/wp-content\/uploads\/2023\/09\/importantimport-components-11x12.jpg 11w, https:\/\/satisfybot.com\/wp-content\/uploads\/2023\/09\/importantimport-components-600x639.jpg 600w\" sizes=\"(max-width: 696px) 100vw, 696px\" \/> <img loading=\"lazy\" decoding=\"async\" class=\"aligncenter wp-image-3120\" src=\"https:\/\/satisfybot.com\/wp-content\/uploads\/2023\/09\/emission.jpg\" alt=\"\" width=\"696\" height=\"685\" srcset=\"https:\/\/satisfybot.com\/wp-content\/uploads\/2023\/09\/emission.jpg 790w, https:\/\/satisfybot.com\/wp-content\/uploads\/2023\/09\/emission-300x295.jpg 300w, https:\/\/satisfybot.com\/wp-content\/uploads\/2023\/09\/emission-768x755.jpg 768w, https:\/\/satisfybot.com\/wp-content\/uploads\/2023\/09\/emission-12x12.jpg 12w, https:\/\/satisfybot.com\/wp-content\/uploads\/2023\/09\/emission-600x590.jpg 600w\" sizes=\"(max-width: 696px) 100vw, 696px\" \/> <img loading=\"lazy\" decoding=\"async\" class=\"aligncenter wp-image-3121\" src=\"https:\/\/satisfybot.com\/wp-content\/uploads\/2023\/09\/pipe-and-chassis-621x1024.jpg\" alt=\"\" width=\"695\" height=\"1146\" srcset=\"https:\/\/satisfybot.com\/wp-content\/uploads\/2023\/09\/pipe-and-chassis-621x1024.jpg 621w, https:\/\/satisfybot.com\/wp-content\/uploads\/2023\/09\/pipe-and-chassis-182x300.jpg 182w, https:\/\/satisfybot.com\/wp-content\/uploads\/2023\/09\/pipe-and-chassis-768x1267.jpg 768w, https:\/\/satisfybot.com\/wp-content\/uploads\/2023\/09\/pipe-and-chassis-7x12.jpg 7w, https:\/\/satisfybot.com\/wp-content\/uploads\/2023\/09\/pipe-and-chassis-600x990.jpg 600w, https:\/\/satisfybot.com\/wp-content\/uploads\/2023\/09\/pipe-and-chassis.jpg 790w\" sizes=\"(max-width: 695px) 100vw, 695px\" \/> <img loading=\"lazy\" decoding=\"async\" class=\"aligncenter wp-image-3122\" src=\"https:\/\/satisfybot.com\/wp-content\/uploads\/2023\/09\/easy-starter-688x1024.jpg\" alt=\"\" width=\"695\" height=\"1034\" \/><\/p>\n<p>miniescavadeira Mini Digger bagger 1.3ton 1ton 2ton pequena escavadeira escavadeira compacta EPA CE EURO 5 miniescavadeira de esteira de pellets<\/p>\n<p>CE EPA CE EURO5 ISO<\/p>","protected":false},"excerpt":{"rendered":"<p>Satisfybot MINI EXCAVATOR Features: 1. Excavators with compact dimensions can easily drive through narrow passages and doors. 2. Retractable undercarriage and dozer blade allow the excavators to be configured for excellent working stability and optimum performance. 3. Powerful engine and perfectly matched hydraulics provide efficient, economical and reliable performance for the toughest of jobs. 4. [&hellip;]<\/p>","protected":false},"featured_media":3128,"template":"","meta":{"site-sidebar-layout":"default","site-content-layout":"","ast-site-content-layout":"default","site-content-style":"default","site-sidebar-style":"default","ast-global-header-display":"","ast-banner-title-visibility":"","ast-main-header-display":"","ast-hfb-above-header-display":"","ast-hfb-below-header-display":"","ast-hfb-mobile-header-display":"","site-post-title":"","ast-breadcrumbs-content":"","ast-featured-img":"","footer-sml-layout":"","ast-disable-related-posts":"","theme-transparent-header-meta":"default","adv-header-id-meta":"","stick-header-meta":"","header-above-stick-meta":"","header-main-stick-meta":"","header-below-stick-meta":"","astra-migrate-meta-layouts":"set","ast-page-background-enabled":"default","ast-page-background-meta":{"desktop":{"background-color":"","background-image":"","background-repeat":"repeat","background-position":"center center","background-size":"auto","background-attachment":"scroll","background-type":"","background-media":"","overlay-type":"","overlay-color":"","overlay-opacity":"","overlay-gradient":""},"tablet":{"background-color":"","background-image":"","background-repeat":"repeat","background-position":"center center","background-size":"auto","background-attachment":"scroll","background-type":"","background-media":"","overlay-type":"","overlay-color":"","overlay-opacity":"","overlay-gradient":""},"mobile":{"background-color":"","background-image":"","background-repeat":"repeat","background-position":"center center","background-size":"auto","background-attachment":"scroll","background-type":"","background-media":"","overlay-type":"","overlay-color":"","overlay-opacity":"","overlay-gradient":""}},"ast-content-background-meta":{"desktop":{"background-color":"var(--ast-global-color-5)","background-image":"","background-repeat":"repeat","background-position":"center center","background-size":"auto","background-attachment":"scroll","background-type":"","background-media":"","overlay-type":"","overlay-color":"","overlay-opacity":"","overlay-gradient":""},"tablet":{"background-color":"var(--ast-global-color-5)","background-image":"","background-repeat":"repeat","background-position":"center center","background-size":"auto","background-attachment":"scroll","background-type":"","background-media":"","overlay-type":"","overlay-color":"","overlay-opacity":"","overlay-gradient":""},"mobile":{"background-color":"var(--ast-global-color-5)","background-image":"","background-repeat":"repeat","background-position":"center center","background-size":"auto","background-attachment":"scroll","background-type":"","background-media":"","overlay-type":"","overlay-color":"","overlay-opacity":"","overlay-gradient":""}}},"product_brand":[],"product_cat":[28],"product_tag":[],"class_list":{"0":"post-3140","1":"product","2":"type-product","3":"status-publish","4":"has-post-thumbnail","6":"product_cat-excavator","7":"desktop-align-left","8":"tablet-align-left","9":"mobile-align-left","11":"first","12":"instock","13":"shipping-taxable","14":"product-type-simple"},"_links":{"self":[{"href":"https:\/\/satisfybot.com\/pt\/wp-json\/wp\/v2\/product\/3140","targetHints":{"allow":["GET"]}}],"collection":[{"href":"https:\/\/satisfybot.com\/pt\/wp-json\/wp\/v2\/product"}],"about":[{"href":"https:\/\/satisfybot.com\/pt\/wp-json\/wp\/v2\/types\/product"}],"version-history":[{"count":5,"href":"https:\/\/satisfybot.com\/pt\/wp-json\/wp\/v2\/product\/3140\/revisions"}],"predecessor-version":[{"id":3211,"href":"https:\/\/satisfybot.com\/pt\/wp-json\/wp\/v2\/product\/3140\/revisions\/3211"}],"wp:featuredmedia":[{"embeddable":true,"href":"https:\/\/satisfybot.com\/pt\/wp-json\/wp\/v2\/media\/3128"}],"wp:attachment":[{"href":"https:\/\/satisfybot.com\/pt\/wp-json\/wp\/v2\/media?parent=3140"}],"wp:term":[{"taxonomy":"product_brand","embeddable":true,"href":"https:\/\/satisfybot.com\/pt\/wp-json\/wp\/v2\/product_brand?post=3140"},{"taxonomy":"product_cat","embeddable":true,"href":"https:\/\/satisfybot.com\/pt\/wp-json\/wp\/v2\/product_cat?post=3140"},{"taxonomy":"product_tag","embeddable":true,"href":"https:\/\/satisfybot.com\/pt\/wp-json\/wp\/v2\/product_tag?post=3140"}],"curies":[{"name":"wp","href":"https:\/\/api.w.org\/{rel}","templated":true}]}}