{"id":3206,"date":"2023-09-13T06:44:34","date_gmt":"2023-09-13T06:44:34","guid":{"rendered":"https:\/\/satisfybot.com\/?post_type=product&#038;p=3206"},"modified":"2023-09-15T05:22:07","modified_gmt":"2023-09-15T05:22:07","slug":"mini-excavator-for-sale-small-1ton-excavator-compact-excavator-mini-digger-bagger-epa-ce-euro-5-crawler-excavator","status":"publish","type":"product","link":"https:\/\/satisfybot.com\/pt\/produto\/mini-excavator-for-sale-small-1ton-excavator-compact-excavator-mini-digger-bagger-epa-ce-euro-5-crawler-excavator\/","title":{"rendered":"Mini escavadeira para venda Escavadeira pequena de 1 tonelada escavadeira compacta Mini Digger bagger EPA CE EURO 5 escavadeira de esteira"},"content":{"rendered":"<section class=\"w1200 hadt proinfotit\">\n<div id=\"slideBox1\" class=\"slideBox1\">\n<div class=\"bd1\">\n<p><img decoding=\"async\" title=\"Miniescavadeira HT-10B 1T\" src=\"https:\/\/www.hightopmachinery.com\/sqEditor\/attached\/image\/20220623\/20220623162901_8110.jpg\" alt=\"HT-10B 1T Mini Excavator\" \/><\/p>\n<\/div>\n<\/div>\n<div class=\"proinfotm\">\n<h1>Miniescavadeira HT-10B 1T<\/h1>\n<div class=\"prokew\">\n<ul>\n<li>\n<h2>Miniescavadeira HT-10B<\/h2>\n<\/li>\n<li>\n<h2>Miniescavadeira 1T<\/h2>\n<\/li>\n<li>\n<h2>Miniescavadeira<\/h2>\n<\/li>\n<\/ul>\n<\/div>\n<p>Os componentes importantes da m\u00e1quina dos pa\u00edses desenvolvidos: bomba hidr\u00e1ulica principal do Jap\u00e3o, v\u00e1lvula principal da It\u00e1lia, motor de giro da It\u00e1lia e motor de deslocamento.<\/p>\n<\/div>\n<\/section>\n<section class=\"w1200 hadt proinfomain\">\n<div class=\"promtit\">\n<h2>Descri\u00e7\u00e3o da miniescavadeira HT-10B 1T<\/h2>\n<\/div>\n<div class=\"aboutmain promain\">\n<h2>Vantagem da miniescavadeira HT-10B 1T<\/h2>\n<ol>\n<li>Os componentes importantes da m\u00e1quina dos pa\u00edses desenvolvidos: bomba hidr\u00e1ulica principal do Jap\u00e3o, v\u00e1lvula principal da It\u00e1lia, motor de giro da It\u00e1lia e motor de deslocamento.<\/li>\n<li>Use o motor dom\u00e9stico Changchai 192F da marca bem conhecida, forte pot\u00eancia e funcionamento est\u00e1vel, ou o popular motor Koop para atender \u00e0 demanda de emiss\u00f5es da Europa. Coopere com a US BRIGGS &amp; STRATTON Engine para atender \u00e0 demanda de emiss\u00f5es dos EUA.<\/li>\n<\/ol>\n<p>Outras f\u00e1bricas s\u00f3 podem usar motores diesel comuns, que n\u00e3o atendem \u00e0 demanda de emiss\u00f5es dos EUA e da Europa.<\/p>\n<ol start=\"3\">\n<li>Os tubos hidr\u00e1ulicos s\u00e3o todos importados da Continental AG Germany Company.<\/li>\n<\/ol>\n<p>Outras f\u00e1bricas usam tubos de alta press\u00e3o de qualidade inferior, vazando por toda parte depois de trabalhar um ano.<\/p>\n<p>Um contrapeso de 4.100 kg \u00e9 adicionado \u00e0 parte traseira da m\u00e1quina, o que torna a m\u00e1quina mais est\u00e1vel e potente<\/p>\n<ol start=\"5\">\n<li>As partes estruturais da m\u00e1quina s\u00e3o processadas pelos fabricantes de apoio da Japan Komatsu, e todo o ve\u00edculo \u00e9 jateado, decapado, fosfatado e pulverizado, o que aumenta a ades\u00e3o das mol\u00e9culas de tinta e \u00e9 mais dur\u00e1vel, n\u00e3o branqueador e mais suave.<\/li>\n<\/ol>\n<p>Outros fabricantes n\u00e3o possuem esses procedimentos, apenas polim e pintam com spray, que enferruja facilmente<\/p>\n<ol start=\"6\">\n<li>A m\u00e1quina adiciona um dispositivo de v\u00e1lvula redutora de press\u00e3o, o que facilita a partida na partida da m\u00e1quina.<\/li>\n<\/ol>\n<p>Sem v\u00e1lvula redutora de press\u00e3o, dif\u00edcil de iniciar a m\u00e1quina.<\/p>\n<ol start=\"7\">\n<li>O comprimento da l\u00e2mina niveladora pode ser ajustado de acordo com o escopo do trabalho: 84cm-105cm, a altura de trabalho da l\u00e2mina niveladora pode ser ajustada de -15cm a 15cm mais alta.<\/li>\n<\/ol>\n<p>Outras f\u00e1bricas s\u00f3 podem fixar comprimento em 1000 mm<\/p>\n<ol start=\"8\">\n<li>A esteira pode ser esticada de um m\u00ednimo de 830 a um m\u00e1ximo de 1000 mm e pode passar por locais mais estreitos.<\/li>\n<\/ol>\n<p>A dist\u00e2ncia entre eixos de outras f\u00e1bricas s\u00f3 pode ser projetada para fixa\u00e7\u00e3o em 910 mm<\/p>\n<p>9: A lan\u00e7a pode ser desviada 60 graus girando para a esquerda e para a direita, tornando o trabalho mais flex\u00edvel.<\/p>\n<p>Outras f\u00e1bricas s\u00f3 podem projetar lan\u00e7a fixa ou apenas girar 30 graus.<\/p>\n<p>&nbsp;<\/p>\n<h2>Par\u00e2metro da miniescavadeira HT-10B 1T<\/h2>\n<table border=\"1\">\n<tbody>\n<tr>\n<td>Modelo<\/td>\n<td>HT-10<\/td>\n<\/tr>\n<tr>\n<td>Peso<\/td>\n<td>1000kg<\/td>\n<\/tr>\n<tr>\n<td>Capacidade da ca\u00e7amba de escava\u00e7\u00e3o<\/td>\n<td>0,025cbm\/120kg<\/td>\n<\/tr>\n<tr>\n<td>Largura do balde<\/td>\n<td>380mm<\/td>\n<\/tr>\n<tr>\n<td>Motor<\/td>\n<td>\n<div>KOOP 192F<\/div>\n<\/td>\n<\/tr>\n<tr>\n<td>Motor opcional<\/td>\n<td>BRIGGS &amp; STRATTON YANMAR<\/td>\n<\/tr>\n<tr>\n<td>Curso de furo<\/td>\n<td>Cilindro \u00fanico, ventilador frio<\/td>\n<\/tr>\n<tr>\n<td>pot\u00eancia nominal<\/td>\n<td>\n<div>7kw\/3000 r\/min<\/div>\n<\/td>\n<\/tr>\n<tr>\n<td>Bomba principal<\/td>\n<td>\n<div>G5-6<\/div>\n<\/td>\n<\/tr>\n<tr>\n<td>Deslocamento<\/td>\n<td>6,8 ml\/r<\/td>\n<\/tr>\n<tr>\n<td>Motor de balan\u00e7o<\/td>\n<td>\n<div>SANYANG (BMRS-250)<\/div>\n<\/td>\n<\/tr>\n<tr>\n<td>Motor de viagem<\/td>\n<td>\n<div>SANYANG (BMT-245)<\/div>\n<\/td>\n<\/tr>\n<tr>\n<td>Velocidade de viagem<\/td>\n<td>1. 5km\/h<\/td>\n<\/tr>\n<tr>\n<td>Principais Demens\u00f5es<\/td>\n<td><\/td>\n<\/tr>\n<tr>\n<td>Dimens\u00e3o total (CxLxA)<\/td>\n<td>2775x930x2219mm<\/td>\n<\/tr>\n<tr>\n<td>dist\u00e2ncia entre eixos<\/td>\n<td>\n<div>910 mil\u00edmetros<\/div>\n<\/td>\n<\/tr>\n<tr>\n<td>Comprimento total da pista<\/td>\n<td>1230 mm<\/td>\n<\/tr>\n<tr>\n<td>Dist\u00e2ncia ao solo da plataforma<\/td>\n<td>380mm<\/td>\n<\/tr>\n<tr>\n<td>Raio de retorno da plataforma<\/td>\n<td>784 mil\u00edmetros<\/td>\n<\/tr>\n<tr>\n<td>Largura do chassi<\/td>\n<td>896 mil\u00edmetros<\/td>\n<\/tr>\n<tr>\n<td>Largura da trilha<\/td>\n<td>180 mil\u00edmetros<\/td>\n<\/tr>\n<tr>\n<td>Dist\u00e2ncia ao solo do chassi<\/td>\n<td>132 mil\u00edmetros<\/td>\n<\/tr>\n<tr>\n<td>Altura da pista<\/td>\n<td>320 mil\u00edmetros<\/td>\n<\/tr>\n<tr>\n<td>Faixa de opera\u00e7\u00e3o<\/td>\n<td><\/td>\n<\/tr>\n<tr>\n<td>M\u00e1x. Profundidade de escava\u00e7\u00e3o<\/td>\n<td>1650 mil\u00edmetros<\/td>\n<\/tr>\n<tr>\n<td>M\u00e1x. Profundidade de escava\u00e7\u00e3o vertical<\/td>\n<td>1375 mil\u00edmetros<\/td>\n<\/tr>\n<tr>\n<td>M\u00e1x. Altura de escava\u00e7\u00e3o<\/td>\n<td>2610 mil\u00edmetros<\/td>\n<\/tr>\n<tr>\n<td>M\u00e1x. Altura de despejo<\/td>\n<td>1850 mil\u00edmetros<\/td>\n<\/tr>\n<tr>\n<td>M\u00e1x. Raio de escava\u00e7\u00e3o no solo<\/td>\n<td>2850 mm<\/td>\n<\/tr>\n<tr>\n<td>Min. Raio de rota\u00e7\u00e3o<\/td>\n<td>1330 mil\u00edmetros<\/td>\n<\/tr>\n<tr>\n<td>M\u00e1x. Atualizar a altura da l\u00e2mina do bulldozer<\/td>\n<td>345 mm<\/td>\n<\/tr>\n<tr>\n<td>M\u00e1x. Profundidade de escava\u00e7\u00e3o da l\u00e2mina do bulldozer<\/td>\n<td>255 mil\u00edmetros<\/td>\n<\/tr>\n<tr>\n<td><\/td>\n<td><\/td>\n<\/tr>\n<\/tbody>\n<\/table>\n<\/div>\n<\/section>\n<h3><b class=\"magic-10\"><span class=\"magic-25\">Caracter\u00edsticas da MINI ESCAVADORA Satisfybot:<\/span><\/b><\/h3>\n<p><span class=\"magic-9\" style=\"color: #000000;\"><span class=\"magic-15\">1. Escavadeiras com dimens\u00f5es compactas podem facilmente passar por passagens e portas estreitas. <\/span><\/span><\/p>\n<p><span class=\"magic-9\" style=\"color: #000000;\"><span class=\"magic-15\">2. O material rodante retr\u00e1til e a l\u00e2mina niveladora permitem que as escavadeiras sejam configuradas para excelente estabilidade de trabalho e \u00f3timo desempenho. <\/span><\/span><\/p>\n<p><span class=\"magic-9\" style=\"color: #000000;\"><span class=\"magic-15\">3. Motor potente e sistema hidr\u00e1ulico perfeitamente combinado proporcionam desempenho eficiente, econ\u00f4mico e confi\u00e1vel para os trabalhos mais dif\u00edceis. <\/span><\/span><\/p>\n<p><span class=\"magic-9\" style=\"color: #000000;\"><span class=\"magic-15\">4. As mangueiras da ca\u00e7amba est\u00e3o bem protegidas dentro da lan\u00e7a e o cilindro \u00e9 montado acima da estrutura. <\/span><\/span><\/p>\n<p><span class=\"magic-9\" style=\"color: #000000;\"><span class=\"magic-15\">5. A \u00e1rea do operador \u00e9 espa\u00e7osa e projetada para proporcionar conforto e facilidade de opera\u00e7\u00e3o. <\/span><\/span><\/p>\n<p><span class=\"magic-9\" style=\"color: #000000;\"><span class=\"magic-15\">6. Excelente motor (Jap\u00e3o, It\u00e1lia e fabrica\u00e7\u00e3o nacional) fornece excelente pot\u00eancia com uso m\u00ednimo de combust\u00edvel para maior produtividade por tanque. Miniescavadeira de esteira chinesa de 0,8 ton-3,5 ton<\/span><\/span><\/p>\n<h3>V\u00eddeo de miniescavadeira de 1 tonelada<\/h3>\n<div style=\"width: 1280px;\" class=\"wp-video\"><!--[if lt IE 9]><script>document.createElement('video');<\/script><![endif]-->\n<video class=\"wp-video-shortcode\" id=\"video-3206-1\" width=\"1280\" height=\"720\" preload=\"metadata\" controls=\"controls\"><source type=\"video\/mp4\" src=\"https:\/\/satisfybot.com\/wp-content\/uploads\/2023\/09\/1.0-ton.mp4?_=1\" \/><a href=\"https:\/\/satisfybot.com\/wp-content\/uploads\/2023\/09\/1.0-ton.mp4\">https:\/\/satisfybot.com\/wp-content\/uploads\/2023\/09\/1.0-ton.mp4<\/a><\/video><\/div>\n<p>&nbsp;<\/p>\n<section class=\"w1200 hadt proinfomain\">\n<section class=\"w1200 hadt proinfomain\">\n<div class=\"aboutmain promain\"><span style=\"font-size: 16px;\">mini escavadeira Mini Digger bagger 1ton 2ton 3ton escavadeira pequena escavadeira compacta de 3,5 ton EPA CE EURO 5 mini escavadeira<\/span><\/div>\n<\/section>\n<p>CE EPA CE EURO5 ISO<\/p>\n<\/section>","protected":false},"excerpt":{"rendered":"<p>HT-10B 1T Mini Excavator HT-10B Mini Excavator 1T Mini Excavator Mini Excavator The important components on the machine from developed countries :Japan main hydraulic pump,Italy main valve ,Italy swing motor and travelling motor . HT-10B 1T Mini Excavator Description HT-10B 1T\u00a0Mini Excavator\u00a0Advantage The important components on the machine from developed countries:Japan main hydraulic pump,Italy main [&hellip;]<\/p>","protected":false},"featured_media":3207,"template":"","meta":{"site-sidebar-layout":"default","site-content-layout":"","ast-site-content-layout":"default","site-content-style":"default","site-sidebar-style":"default","ast-global-header-display":"","ast-banner-title-visibility":"","ast-main-header-display":"","ast-hfb-above-header-display":"","ast-hfb-below-header-display":"","ast-hfb-mobile-header-display":"","site-post-title":"","ast-breadcrumbs-content":"","ast-featured-img":"","footer-sml-layout":"","ast-disable-related-posts":"","theme-transparent-header-meta":"default","adv-header-id-meta":"","stick-header-meta":"","header-above-stick-meta":"","header-main-stick-meta":"","header-below-stick-meta":"","astra-migrate-meta-layouts":"set","ast-page-background-enabled":"default","ast-page-background-meta":{"desktop":{"background-color":"","background-image":"","background-repeat":"repeat","background-position":"center center","background-size":"auto","background-attachment":"scroll","background-type":"","background-media":"","overlay-type":"","overlay-color":"","overlay-opacity":"","overlay-gradient":""},"tablet":{"background-color":"","background-image":"","background-repeat":"repeat","background-position":"center center","background-size":"auto","background-attachment":"scroll","background-type":"","background-media":"","overlay-type":"","overlay-color":"","overlay-opacity":"","overlay-gradient":""},"mobile":{"background-color":"","background-image":"","background-repeat":"repeat","background-position":"center center","background-size":"auto","background-attachment":"scroll","background-type":"","background-media":"","overlay-type":"","overlay-color":"","overlay-opacity":"","overlay-gradient":""}},"ast-content-background-meta":{"desktop":{"background-color":"var(--ast-global-color-5)","background-image":"","background-repeat":"repeat","background-position":"center center","background-size":"auto","background-attachment":"scroll","background-type":"","background-media":"","overlay-type":"","overlay-color":"","overlay-opacity":"","overlay-gradient":""},"tablet":{"background-color":"var(--ast-global-color-5)","background-image":"","background-repeat":"repeat","background-position":"center center","background-size":"auto","background-attachment":"scroll","background-type":"","background-media":"","overlay-type":"","overlay-color":"","overlay-opacity":"","overlay-gradient":""},"mobile":{"background-color":"var(--ast-global-color-5)","background-image":"","background-repeat":"repeat","background-position":"center center","background-size":"auto","background-attachment":"scroll","background-type":"","background-media":"","overlay-type":"","overlay-color":"","overlay-opacity":"","overlay-gradient":""}}},"product_brand":[],"product_cat":[28],"product_tag":[],"class_list":{"0":"post-3206","1":"product","2":"type-product","3":"status-publish","4":"has-post-thumbnail","6":"product_cat-excavator","7":"desktop-align-left","8":"tablet-align-left","9":"mobile-align-left","11":"first","12":"instock","13":"shipping-taxable","14":"product-type-simple"},"_links":{"self":[{"href":"https:\/\/satisfybot.com\/pt\/wp-json\/wp\/v2\/product\/3206","targetHints":{"allow":["GET"]}}],"collection":[{"href":"https:\/\/satisfybot.com\/pt\/wp-json\/wp\/v2\/product"}],"about":[{"href":"https:\/\/satisfybot.com\/pt\/wp-json\/wp\/v2\/types\/product"}],"version-history":[{"count":9,"href":"https:\/\/satisfybot.com\/pt\/wp-json\/wp\/v2\/product\/3206\/revisions"}],"predecessor-version":[{"id":3216,"href":"https:\/\/satisfybot.com\/pt\/wp-json\/wp\/v2\/product\/3206\/revisions\/3216"}],"wp:featuredmedia":[{"embeddable":true,"href":"https:\/\/satisfybot.com\/pt\/wp-json\/wp\/v2\/media\/3207"}],"wp:attachment":[{"href":"https:\/\/satisfybot.com\/pt\/wp-json\/wp\/v2\/media?parent=3206"}],"wp:term":[{"taxonomy":"product_brand","embeddable":true,"href":"https:\/\/satisfybot.com\/pt\/wp-json\/wp\/v2\/product_brand?post=3206"},{"taxonomy":"product_cat","embeddable":true,"href":"https:\/\/satisfybot.com\/pt\/wp-json\/wp\/v2\/product_cat?post=3206"},{"taxonomy":"product_tag","embeddable":true,"href":"https:\/\/satisfybot.com\/pt\/wp-json\/wp\/v2\/product_tag?post=3206"}],"curies":[{"name":"wp","href":"https:\/\/api.w.org\/{rel}","templated":true}]}}