{"id":3237,"date":"2023-09-18T06:30:53","date_gmt":"2023-09-18T06:30:53","guid":{"rendered":"https:\/\/satisfybot.com\/?post_type=product&#038;p=3237"},"modified":"2023-09-18T06:57:29","modified_gmt":"2023-09-18T06:57:29","slug":"mini-excavator-for-sale-2ton-2-5ton-small-excavator-compact-excavator-mini-digger-epa-ce-euro-5-crawler-mini-excavator","status":"publish","type":"product","link":"https:\/\/satisfybot.com\/pt\/produto\/mini-excavator-for-sale-2ton-2-5ton-small-excavator-compact-excavator-mini-digger-epa-ce-euro-5-crawler-mini-excavator\/","title":{"rendered":"Miniescavadeira para venda 2Ton 2.5Ton Escavadeira pequena Escavadeira compacta Miniescavadeira EPA CE EURO 5 Miniescavadeira de esteira"},"content":{"rendered":"<h1>Miniescavadeira HT25 2.5T<\/h1>\n<h2><img fetchpriority=\"high\" decoding=\"async\" class=\"aligncenter size-full wp-image-3238\" src=\"https:\/\/satisfybot.com\/wp-content\/uploads\/2023\/09\/Ht25.jpg\" alt=\"\" width=\"800\" height=\"800\" srcset=\"https:\/\/satisfybot.com\/wp-content\/uploads\/2023\/09\/Ht25.jpg 800w, https:\/\/satisfybot.com\/wp-content\/uploads\/2023\/09\/Ht25-300x300.jpg 300w, https:\/\/satisfybot.com\/wp-content\/uploads\/2023\/09\/Ht25-150x150.jpg 150w, https:\/\/satisfybot.com\/wp-content\/uploads\/2023\/09\/Ht25-768x768.jpg 768w, https:\/\/satisfybot.com\/wp-content\/uploads\/2023\/09\/Ht25-12x12.jpg 12w, https:\/\/satisfybot.com\/wp-content\/uploads\/2023\/09\/Ht25-600x600.jpg 600w, https:\/\/satisfybot.com\/wp-content\/uploads\/2023\/09\/Ht25-100x100.jpg 100w\" sizes=\"(max-width: 800px) 100vw, 800px\" \/><\/h2>\n<h2>Par\u00e2metro da mini escavadeira HT25 2.5T<\/h2>\n<table>\n<tbody>\n<tr>\n<td width=\"284\"><strong>Tamanho da m\u00e1quina<\/strong><\/td>\n<td width=\"284\"><\/td>\n<\/tr>\n<tr>\n<td width=\"284\">Dimens\u00e3o geral (C*L*A)<\/td>\n<td width=\"284\">4170mm*1300mm*2280mm<\/td>\n<\/tr>\n<tr>\n<td width=\"284\">Base do eixo (comprimento da pista no solo)<\/td>\n<td width=\"284\">1230 mm<\/td>\n<\/tr>\n<tr>\n<td width=\"284\">Bitola<\/td>\n<td width=\"284\">1070 mm<\/td>\n<\/tr>\n<tr>\n<td width=\"284\">Dist\u00e2ncia m\u00ednima ao solo<\/td>\n<td width=\"284\">230mm<\/td>\n<\/tr>\n<tr>\n<td width=\"284\">Raio de balan\u00e7o na cauda<\/td>\n<td width=\"284\">1180 mm<\/td>\n<\/tr>\n<tr>\n<td width=\"284\"><strong>Sistema de rastreamento<\/strong><\/td>\n<td width=\"284\"><\/td>\n<\/tr>\n<tr>\n<td width=\"284\">Velocidade m\u00e1xima de viagem<\/td>\n<td width=\"284\">3,5 km\/h<\/td>\n<\/tr>\n<tr>\n<td width=\"284\">Largura da sapata<\/td>\n<td width=\"284\">230mm<\/td>\n<\/tr>\n<tr>\n<td width=\"284\">N\u00famero de sapatas por lado<\/td>\n<td width=\"284\">38 unidades<\/td>\n<\/tr>\n<tr>\n<td width=\"284\">N\u00famero de rolos superiores por lado<\/td>\n<td width=\"284\">0<\/td>\n<\/tr>\n<tr>\n<td width=\"284\">N\u00famero de rolos inferiores por lado<\/td>\n<td width=\"284\">4<\/td>\n<\/tr>\n<tr>\n<td width=\"284\"><strong>Par\u00e2metro de desempenho<\/strong><\/td>\n<td width=\"284\"><\/td>\n<\/tr>\n<tr>\n<td width=\"284\">Capacidade padr\u00e3o da ca\u00e7amba<\/td>\n<td width=\"284\">0,1m\u00b3<\/td>\n<\/tr>\n<tr>\n<td width=\"284\">Velocidade de balan\u00e7o<\/td>\n<td width=\"284\">12rpm<\/td>\n<\/tr>\n<tr>\n<td width=\"284\">M\u00e1x. Habilidade de classifica\u00e7\u00e3o<\/td>\n<td width=\"284\">30\u00b0<\/td>\n<\/tr>\n<tr>\n<td width=\"284\">M\u00e1x. For\u00e7a de escava\u00e7\u00e3o da ca\u00e7amba<\/td>\n<td width=\"284\">15,3KN<\/td>\n<\/tr>\n<tr>\n<td width=\"284\">M\u00e1x. For\u00e7a de escava\u00e7\u00e3o do bra\u00e7o<\/td>\n<td width=\"284\">10,5 KN<\/td>\n<\/tr>\n<tr>\n<td width=\"284\">Press\u00e3o do sistema hidr\u00e1ulico<\/td>\n<td width=\"284\">18Mpa<\/td>\n<\/tr>\n<tr>\n<td width=\"284\">Peso da m\u00e1quina<\/td>\n<td width=\"284\">2500kg<\/td>\n<\/tr>\n<tr>\n<td width=\"284\">Comprimento do bra\u00e7o<\/td>\n<td width=\"284\">1000 mm<\/td>\n<\/tr>\n<tr>\n<td width=\"284\"><strong>Motor<\/strong><\/td>\n<td width=\"284\"><\/td>\n<\/tr>\n<tr>\n<td width=\"284\">Padr\u00e3o de emiss\u00e3o<\/td>\n<td width=\"284\">Euro5\/EPA<\/td>\n<\/tr>\n<tr>\n<td width=\"284\">Modelo de motor<\/td>\n<td width=\"284\">KUOBTA<\/td>\n<\/tr>\n<tr>\n<td width=\"284\">Velocidade de pot\u00eancia\/rota\u00e7\u00e3o<\/td>\n<td width=\"284\">14,1 kW (20 HP) 2.000 rpm<\/td>\n<\/tr>\n<tr>\n<td width=\"284\">Motor opcional<\/td>\n<td width=\"284\">China Laidong 22,1 kW, 2300 rpm<\/td>\n<\/tr>\n<tr>\n<td width=\"284\">N\u00famero de cilindro<\/td>\n<td width=\"284\">3<\/td>\n<\/tr>\n<tr>\n<td width=\"284\"><strong>\u00c1rea de trabalho<\/strong><\/td>\n<td width=\"284\"><\/td>\n<\/tr>\n<tr>\n<td width=\"284\">M\u00e1x. Altura de escava\u00e7\u00e3o<\/td>\n<td width=\"284\">3700 mm<\/td>\n<\/tr>\n<tr>\n<td width=\"284\">M\u00e1x. Altura de despejo<\/td>\n<td width=\"284\">2.290 mm<\/td>\n<\/tr>\n<tr>\n<td width=\"284\">M\u00e1x. Profundidade de escava\u00e7\u00e3o<\/td>\n<td width=\"284\">2.450 mm<\/td>\n<\/tr>\n<tr>\n<td width=\"284\">M\u00e1x. Profundidade de escava\u00e7\u00e3o vertical<\/td>\n<td width=\"284\">2160 mm<\/td>\n<\/tr>\n<tr>\n<td width=\"284\">M\u00e1x. Raio de escava\u00e7\u00e3o<\/td>\n<td width=\"284\">4370 mm<\/td>\n<\/tr>\n<tr>\n<td width=\"284\">Raio m\u00ednimo de oscila\u00e7\u00e3o<\/td>\n<td width=\"284\">2020 mm<\/td>\n<\/tr>\n<tr>\n<td width=\"284\">M\u00e1x. Altura de eleva\u00e7\u00e3o da l\u00e2mina<\/td>\n<td width=\"284\">240mm<\/td>\n<\/tr>\n<tr>\n<td width=\"284\">M\u00e1x. Profundidade de corte da l\u00e2mina<\/td>\n<td width=\"284\">310 mm<\/td>\n<\/tr>\n<tr>\n<td width=\"284\">\u00c2ngulo de giro da lan\u00e7a (esquerda)<\/td>\n<td width=\"284\">75\u00b0<\/td>\n<\/tr>\n<tr>\n<td width=\"284\">\u00c2ngulo de giro da lan\u00e7a (direita)<\/td>\n<td width=\"284\">45\u00b0<\/td>\n<\/tr>\n<\/tbody>\n<\/table>\n<h2>&#8212;&#8212;&#8212;&#8212;&#8212;&#8212;&#8212;&#8212;&#8212;&#8212;&#8212;&#8212;&#8212;&#8212;&#8212;&#8212;&#8212;&#8212;&#8212;&#8212;&#8212;&#8212;&#8212;&#8212;&#8212;&#8212;&#8212;&#8212;&#8212;&#8212;&#8212;&#8212;&#8212;&#8212;&#8212;&#8212;&#8212;&#8212;&#8212;-<\/h2>\n<h2>Miniescavadeira HT25-2 Imagens<\/h2>\n<p><img decoding=\"async\" src=\"https:\/\/www.hightopmachinery.com\/sqEditor\/attached\/image\/20230207\/20230207153747_6031.jpg\" \/><\/p>\n<table style=\"font-weight: 400;\">\n<tbody>\n<tr>\n<td colspan=\"2\" width=\"568\"><strong>Modelo:HT25-2<\/strong><\/td>\n<\/tr>\n<tr>\n<td width=\"284\">Padr\u00e3o de emiss\u00e3o<\/td>\n<td width=\"284\">N\u00edvel 5\/Est\u00e1gio V<\/td>\n<\/tr>\n<tr>\n<td width=\"284\">Fazer<\/td>\n<td width=\"284\">KUBOTA<\/td>\n<\/tr>\n<tr>\n<td width=\"284\">Modelo<\/td>\n<td width=\"284\">D1105<\/td>\n<\/tr>\n<tr>\n<td width=\"284\">Pot\u00eancia\/velocidade de rota\u00e7\u00e3o<\/td>\n<td width=\"284\">14,1 kW (20 HP) a 2.000 rpm<\/td>\n<\/tr>\n<tr>\n<td width=\"284\">N\u00famero de cilindro<\/td>\n<td width=\"284\">3<\/td>\n<\/tr>\n<tr>\n<td width=\"284\">Velocidade m\u00e1xima de viagem<\/td>\n<td width=\"284\">3km-5,5km\/h<\/td>\n<\/tr>\n<tr>\n<td width=\"284\">Largura da sapata<\/td>\n<td width=\"284\">250mm<\/td>\n<\/tr>\n<tr>\n<td width=\"284\">N\u00famero de sapatas por lado<\/td>\n<td width=\"284\">38 unidades<\/td>\n<\/tr>\n<tr>\n<td width=\"284\">N\u00famero de rolos superiores por lado<\/td>\n<td width=\"284\">1<\/td>\n<\/tr>\n<tr>\n<td width=\"284\">N\u00famero de rolos inferiores por lado<\/td>\n<td width=\"284\">3<\/td>\n<\/tr>\n<tr>\n<td colspan=\"2\" width=\"568\"><strong>PAR\u00c2METRO DE DESEMPENHO<\/strong><\/td>\n<\/tr>\n<tr>\n<td width=\"284\">Capacidade padr\u00e3o do balde<\/td>\n<td width=\"284\">0,07m\u00b3<\/td>\n<\/tr>\n<tr>\n<td width=\"284\">Velocidade de balan\u00e7o<\/td>\n<td width=\"284\">9,5rpm<\/td>\n<\/tr>\n<tr>\n<td width=\"284\">M\u00e1x. Habilidade de classifica\u00e7\u00e3o<\/td>\n<td width=\"284\">35\u00b0<\/td>\n<\/tr>\n<tr>\n<td width=\"284\">For\u00e7a m\u00e1xima de escava\u00e7\u00e3o da ca\u00e7amba<\/td>\n<td width=\"284\">19,5KN<\/td>\n<\/tr>\n<tr>\n<td width=\"284\">For\u00e7a m\u00e1xima de escava\u00e7\u00e3o do bra\u00e7o<\/td>\n<td width=\"284\">11KN<\/td>\n<\/tr>\n<tr>\n<td width=\"284\">Press\u00e3o do sistema hidr\u00e1ulico<\/td>\n<td width=\"284\">21,5Mpa<\/td>\n<\/tr>\n<tr>\n<td width=\"284\">Peso da m\u00e1quina<\/td>\n<td width=\"284\">2.480kg<\/td>\n<\/tr>\n<tr>\n<td colspan=\"2\" width=\"568\"><strong>TAMANHO DA M\u00c1QUINA<\/strong><\/td>\n<\/tr>\n<tr>\n<td width=\"284\">Dimens\u00e3o geral (C*L*A)<\/td>\n<td width=\"284\">3850*1300\/1500*2290mm<\/td>\n<\/tr>\n<tr>\n<td width=\"284\">Recupera\u00e7\u00e3o de chassi<\/td>\n<td width=\"284\">1300 mm<\/td>\n<\/tr>\n<tr>\n<td width=\"284\">Extens\u00e3o do chassi<\/td>\n<td width=\"284\">1500 mm<\/td>\n<\/tr>\n<tr>\n<td width=\"284\">Base do eixo (comprimento da pista no solo)<\/td>\n<td width=\"284\">1300 mm<\/td>\n<\/tr>\n<tr>\n<td width=\"284\">Dist\u00e2ncia m\u00ednima ao solo<\/td>\n<td width=\"284\">230mm<\/td>\n<\/tr>\n<tr>\n<td width=\"284\">Raio de balan\u00e7o na cauda<\/td>\n<td width=\"284\">750 mm<\/td>\n<\/tr>\n<tr>\n<td colspan=\"2\" width=\"568\"><strong>\u00c1rea de trabalho<\/strong><\/td>\n<\/tr>\n<tr>\n<td width=\"284\">Altura m\u00e1xima de escava\u00e7\u00e3o<\/td>\n<td width=\"284\">3.980 mm<\/td>\n<\/tr>\n<tr>\n<td width=\"284\">Altura m\u00e1xima de despejo<\/td>\n<td width=\"284\">2610 mm<\/td>\n<\/tr>\n<tr>\n<td width=\"284\">Profundidade m\u00e1xima de escava\u00e7\u00e3o<\/td>\n<td width=\"284\">2500mm<\/td>\n<\/tr>\n<tr>\n<td width=\"284\">Profundidade m\u00e1xima de escava\u00e7\u00e3o vertical<\/td>\n<td width=\"284\">2.050 mm<\/td>\n<\/tr>\n<tr>\n<td width=\"284\">Raio m\u00e1ximo de escava\u00e7\u00e3o<\/td>\n<td width=\"284\">4130 mm<\/td>\n<\/tr>\n<tr>\n<td width=\"284\">Raio m\u00ednimo de giro<\/td>\n<td width=\"284\">1850 mm<\/td>\n<\/tr>\n<tr>\n<td width=\"284\">Altura m\u00e1xima de eleva\u00e7\u00e3o da l\u00e2mina<\/td>\n<td width=\"284\">280mm<\/td>\n<\/tr>\n<tr>\n<td width=\"284\">Profundidade m\u00e1xima de corte da l\u00e2mina<\/td>\n<td width=\"284\">310 mm<\/td>\n<\/tr>\n<tr>\n<td width=\"284\">\u00c2ngulo de giro da lan\u00e7a (esquerda)<\/td>\n<td width=\"284\">75\u00b0<\/td>\n<\/tr>\n<tr>\n<td width=\"284\">\u00c2ngulo de giro da lan\u00e7a (direita)<\/td>\n<td width=\"284\">55\u00b0<\/td>\n<\/tr>\n<\/tbody>\n<\/table>\n<h3><b class=\"magic-10\"><span class=\"magic-25\">Caracter\u00edsticas da MINI ESCAVADORA Satisfybot:<\/span><\/b><\/h3>\n<p><span class=\"magic-9\"><span class=\"magic-15\">1. Escavadeiras com dimens\u00f5es compactas podem facilmente passar por passagens e portas estreitas.<\/span><\/span><\/p>\n<p><span class=\"magic-9\"><span class=\"magic-15\">2. O material rodante retr\u00e1til e a l\u00e2mina niveladora permitem que as escavadeiras sejam configuradas para excelente estabilidade de trabalho e \u00f3timo desempenho.<\/span><\/span><\/p>\n<p><span class=\"magic-9\"><span class=\"magic-15\">3. Motor potente e sistema hidr\u00e1ulico perfeitamente combinado proporcionam desempenho eficiente, econ\u00f4mico e confi\u00e1vel para os trabalhos mais dif\u00edceis.<\/span><\/span><\/p>\n<p><span class=\"magic-9\"><span class=\"magic-15\">4. As mangueiras da ca\u00e7amba est\u00e3o bem protegidas dentro da lan\u00e7a e o cilindro \u00e9 montado acima da estrutura.<\/span><\/span><\/p>\n<p><span class=\"magic-9\"><span class=\"magic-15\">5. A \u00e1rea do operador \u00e9 espa\u00e7osa e projetada para proporcionar conforto e facilidade de opera\u00e7\u00e3o.<\/span><\/span><\/p>\n<p><span class=\"magic-9\"><span class=\"magic-15\">6. Excelente motor (op\u00e7\u00e3o: Kubota, Koop, Laidong) oferece excelente pot\u00eancia com uso m\u00ednimo de combust\u00edvel para maior produtividade por tanque. Miniescavadeira de esteira chinesa de 0,8 ton-3,5 ton<\/span><\/span><\/p>\n<p>pre\u00e7o de escavadeira pequena<br \/>\nescavadeira chinesa<br \/>\nEscavadeira chinesa<br \/>\ngato escavadeira para venda<br \/>\nEscavadeira chinesa \u00e0 venda<\/p>","protected":false},"excerpt":{"rendered":"<p>HT25 2.5T Mini Excavator HT25 2.5T\u00a0Mini Excavator Parmeter Machine Size Overall dimension (L*W*H) 4170mm*1300mm*2280mm Axle base(Track length on ground) 1230mm Track gauge 1070mm Min.Ground clearance 230mm Swing radius at tail 1180mm Track System Maximum Travel speed 3.5km\/h Width of track shoe 230mm Number of track shoe per side 38pcs Number of upper roller per side [&hellip;]<\/p>","protected":false},"featured_media":3238,"template":"","meta":{"site-sidebar-layout":"default","site-content-layout":"","ast-site-content-layout":"default","site-content-style":"default","site-sidebar-style":"default","ast-global-header-display":"","ast-banner-title-visibility":"","ast-main-header-display":"","ast-hfb-above-header-display":"","ast-hfb-below-header-display":"","ast-hfb-mobile-header-display":"","site-post-title":"","ast-breadcrumbs-content":"","ast-featured-img":"","footer-sml-layout":"","ast-disable-related-posts":"","theme-transparent-header-meta":"default","adv-header-id-meta":"","stick-header-meta":"","header-above-stick-meta":"","header-main-stick-meta":"","header-below-stick-meta":"","astra-migrate-meta-layouts":"set","ast-page-background-enabled":"default","ast-page-background-meta":{"desktop":{"background-color":"","background-image":"","background-repeat":"repeat","background-position":"center center","background-size":"auto","background-attachment":"scroll","background-type":"","background-media":"","overlay-type":"","overlay-color":"","overlay-opacity":"","overlay-gradient":""},"tablet":{"background-color":"","background-image":"","background-repeat":"repeat","background-position":"center center","background-size":"auto","background-attachment":"scroll","background-type":"","background-media":"","overlay-type":"","overlay-color":"","overlay-opacity":"","overlay-gradient":""},"mobile":{"background-color":"","background-image":"","background-repeat":"repeat","background-position":"center center","background-size":"auto","background-attachment":"scroll","background-type":"","background-media":"","overlay-type":"","overlay-color":"","overlay-opacity":"","overlay-gradient":""}},"ast-content-background-meta":{"desktop":{"background-color":"var(--ast-global-color-5)","background-image":"","background-repeat":"repeat","background-position":"center center","background-size":"auto","background-attachment":"scroll","background-type":"","background-media":"","overlay-type":"","overlay-color":"","overlay-opacity":"","overlay-gradient":""},"tablet":{"background-color":"var(--ast-global-color-5)","background-image":"","background-repeat":"repeat","background-position":"center center","background-size":"auto","background-attachment":"scroll","background-type":"","background-media":"","overlay-type":"","overlay-color":"","overlay-opacity":"","overlay-gradient":""},"mobile":{"background-color":"var(--ast-global-color-5)","background-image":"","background-repeat":"repeat","background-position":"center center","background-size":"auto","background-attachment":"scroll","background-type":"","background-media":"","overlay-type":"","overlay-color":"","overlay-opacity":"","overlay-gradient":""}}},"product_brand":[],"product_cat":[28],"product_tag":[],"class_list":{"0":"post-3237","1":"product","2":"type-product","3":"status-publish","4":"has-post-thumbnail","6":"product_cat-excavator","7":"desktop-align-left","8":"tablet-align-left","9":"mobile-align-left","11":"first","12":"instock","13":"shipping-taxable","14":"product-type-simple"},"_links":{"self":[{"href":"https:\/\/satisfybot.com\/pt\/wp-json\/wp\/v2\/product\/3237","targetHints":{"allow":["GET"]}}],"collection":[{"href":"https:\/\/satisfybot.com\/pt\/wp-json\/wp\/v2\/product"}],"about":[{"href":"https:\/\/satisfybot.com\/pt\/wp-json\/wp\/v2\/types\/product"}],"version-history":[{"count":1,"href":"https:\/\/satisfybot.com\/pt\/wp-json\/wp\/v2\/product\/3237\/revisions"}],"predecessor-version":[{"id":3241,"href":"https:\/\/satisfybot.com\/pt\/wp-json\/wp\/v2\/product\/3237\/revisions\/3241"}],"wp:featuredmedia":[{"embeddable":true,"href":"https:\/\/satisfybot.com\/pt\/wp-json\/wp\/v2\/media\/3238"}],"wp:attachment":[{"href":"https:\/\/satisfybot.com\/pt\/wp-json\/wp\/v2\/media?parent=3237"}],"wp:term":[{"taxonomy":"product_brand","embeddable":true,"href":"https:\/\/satisfybot.com\/pt\/wp-json\/wp\/v2\/product_brand?post=3237"},{"taxonomy":"product_cat","embeddable":true,"href":"https:\/\/satisfybot.com\/pt\/wp-json\/wp\/v2\/product_cat?post=3237"},{"taxonomy":"product_tag","embeddable":true,"href":"https:\/\/satisfybot.com\/pt\/wp-json\/wp\/v2\/product_tag?post=3237"}],"curies":[{"name":"wp","href":"https:\/\/api.w.org\/{rel}","templated":true}]}}