{"id":3242,"date":"2023-09-21T03:35:49","date_gmt":"2023-09-21T03:35:49","guid":{"rendered":"https:\/\/satisfybot.com\/?post_type=product&#038;p=3242"},"modified":"2023-09-21T03:37:45","modified_gmt":"2023-09-21T03:37:45","slug":"used-komastu-bulldozer-komastu-loader-wa320-5-wa380z-6-wa420-wa470-6-wa500-6-wa600-6-wa700-3-wa800-wa900-3-wa1200","status":"publish","type":"product","link":"https:\/\/satisfybot.com\/pt\/produto\/used-komastu-bulldozer-komastu-loader-wa320-5-wa380z-6-wa420-wa470-6-wa500-6-wa600-6-wa700-3-wa800-wa900-3-wa1200\/","title":{"rendered":"Usado Komastu Bulldozer Komastu Loader WA320-5 WA380Z-6 WA420 WA470-6 WA500-6 WA600-6 WA700-3 WA800 WA900-3 WA1200"},"content":{"rendered":"<h2 id=\"techSpecs\">Especifica\u00e7\u00f5es t\u00e9cnicas \u2013 WA600-6 Komatsu<\/h2>\n<div class=\"container-tech-specs\">\n<div class=\"container-tech-specs\">\n<ul class=\"tech-data-list\">\n<li><span class=\"tech-data-name\">Peso<\/span><span class=\"tech-data-value\">53,32 toneladas<\/span><\/li>\n<li><span class=\"tech-data-name\">Pneus padr\u00e3o<\/span><span class=\"tech-data-value\">35\/65-R33 L4<\/span><\/li>\n<li><span class=\"tech-data-name\">Largura do balde<\/span><span class=\"tech-data-value\">3,685 m<\/span><\/li>\n<li><span class=\"tech-data-name\">Capacidade do balde<\/span><span class=\"tech-data-value\">6,5 m\u00b3<\/span><\/li>\n<li><span class=\"tech-data-name\">Capacidade do balde m\u00edn.<\/span><span class=\"tech-data-value\">6,4 m\u00b3<\/span><\/li>\n<li><span class=\"tech-data-name\">Capacidade da ca\u00e7amba m\u00e1x.<\/span><span class=\"tech-data-value\">7,8m\u00b3<\/span><\/li>\n<li><span class=\"tech-data-name\">Modo de dire\u00e7\u00e3o<\/span><span class=\"tech-data-value\">KL<\/span><\/li>\n<li><span class=\"tech-data-name\">Comprimento de transporte<\/span><span class=\"tech-data-value\">11,725 m<\/span><\/li>\n<li><span class=\"tech-data-name\">Largura de transporte<\/span><span class=\"tech-data-value\">3,685 m<\/span><\/li>\n<li><span class=\"tech-data-name\">Altura de transporte<\/span><span class=\"tech-data-value\">4,46 m<\/span><\/li>\n<li><span class=\"tech-data-name\">Velocidade de viagem<\/span><span class=\"tech-data-value\">37 km\/h<\/span><\/li>\n<li><span class=\"tech-data-name\">M\u00e1x. altura de descarga<\/span><span class=\"tech-data-value\">3,99m<\/span><\/li>\n<li><span class=\"tech-data-name\">Raio de giro externo<\/span><span class=\"tech-data-value\">8,52 m<\/span><\/li>\n<li><span class=\"tech-data-name\">Fabricante de motores.<\/span><span class=\"tech-data-value\">Komatsu<\/span><\/li>\n<li><span class=\"tech-data-name\">Tipo de motor<\/span><span class=\"tech-data-value\">SAA6D170E-5<\/span><\/li>\n<li><span class=\"tech-data-name\">Poder do motor<\/span><span class=\"tech-data-value\">396 kW<\/span><\/li>\n<li><span class=\"tech-data-name\">Deslocamento<\/span><span class=\"tech-data-value\">23,15 litros<\/span><\/li>\n<li><span class=\"tech-data-name\">Rota\u00e7\u00f5es com torque m\u00e1ximo<\/span><span class=\"tech-data-value\">1800rpm<\/span><\/li>\n<li><span class=\"tech-data-name\">N\u00ba de cilindros<\/span><span class=\"tech-data-value\">6<\/span><\/li>\n<li><span class=\"tech-data-name\">Di\u00e2metro do cilindro x curso<\/span><span class=\"tech-data-value\">170\u00d7170mm<\/span><\/li>\n<li><span class=\"tech-data-name\">N\u00edvel de emiss\u00e3o<\/span><span class=\"tech-data-value\">Est\u00e1gio IIIA\u00a0<\/span><\/li>\n<\/ul>\n<\/div>\n<\/div>","protected":false},"excerpt":{"rendered":"<p>Technical specs &#8211; WA600-6 Komatsu Weight53.32\u00a0t Standard tyres35\/65-R33 L4 Bucket width3.685\u00a0m Bucket capacity6.5\u00a0m\u00b3 Bucket capacity min.6.4\u00a0m\u00b3 Bucket capacity max.7.8\u00a0m\u00b3 Steering modeKL Transport length11.725\u00a0m Transport width3.685\u00a0m Transport height4.46\u00a0m Travel speed37\u00a0km\/h Max. discharge height3.99\u00a0m Turning radius outside8.52\u00a0m Engine manuf.Komatsu Engine typeSAA6D170E-5 Engine power396\u00a0kW Displacement23.15\u00a0l Revolutions at max torque1800\u00a0rpm No. of cylinders6 Cylinder bore x stroke170&#215;170\u00a0mm Emission levelStage [&hellip;]<\/p>","protected":false},"featured_media":3244,"template":"","meta":{"site-sidebar-layout":"default","site-content-layout":"","ast-site-content-layout":"default","site-content-style":"default","site-sidebar-style":"default","ast-global-header-display":"","ast-banner-title-visibility":"","ast-main-header-display":"","ast-hfb-above-header-display":"","ast-hfb-below-header-display":"","ast-hfb-mobile-header-display":"","site-post-title":"","ast-breadcrumbs-content":"","ast-featured-img":"","footer-sml-layout":"","ast-disable-related-posts":"","theme-transparent-header-meta":"default","adv-header-id-meta":"","stick-header-meta":"","header-above-stick-meta":"","header-main-stick-meta":"","header-below-stick-meta":"","astra-migrate-meta-layouts":"set","ast-page-background-enabled":"default","ast-page-background-meta":{"desktop":{"background-color":"","background-image":"","background-repeat":"repeat","background-position":"center center","background-size":"auto","background-attachment":"scroll","background-type":"","background-media":"","overlay-type":"","overlay-color":"","overlay-opacity":"","overlay-gradient":""},"tablet":{"background-color":"","background-image":"","background-repeat":"repeat","background-position":"center center","background-size":"auto","background-attachment":"scroll","background-type":"","background-media":"","overlay-type":"","overlay-color":"","overlay-opacity":"","overlay-gradient":""},"mobile":{"background-color":"","background-image":"","background-repeat":"repeat","background-position":"center center","background-size":"auto","background-attachment":"scroll","background-type":"","background-media":"","overlay-type":"","overlay-color":"","overlay-opacity":"","overlay-gradient":""}},"ast-content-background-meta":{"desktop":{"background-color":"var(--ast-global-color-5)","background-image":"","background-repeat":"repeat","background-position":"center center","background-size":"auto","background-attachment":"scroll","background-type":"","background-media":"","overlay-type":"","overlay-color":"","overlay-opacity":"","overlay-gradient":""},"tablet":{"background-color":"var(--ast-global-color-5)","background-image":"","background-repeat":"repeat","background-position":"center center","background-size":"auto","background-attachment":"scroll","background-type":"","background-media":"","overlay-type":"","overlay-color":"","overlay-opacity":"","overlay-gradient":""},"mobile":{"background-color":"var(--ast-global-color-5)","background-image":"","background-repeat":"repeat","background-position":"center center","background-size":"auto","background-attachment":"scroll","background-type":"","background-media":"","overlay-type":"","overlay-color":"","overlay-opacity":"","overlay-gradient":""}}},"product_brand":[],"product_cat":[23],"product_tag":[],"class_list":{"0":"post-3242","1":"product","2":"type-product","3":"status-publish","4":"has-post-thumbnail","6":"product_cat-dump-truck","7":"desktop-align-left","8":"tablet-align-left","9":"mobile-align-left","11":"first","12":"instock","13":"shipping-taxable","14":"product-type-simple"},"_links":{"self":[{"href":"https:\/\/satisfybot.com\/pt\/wp-json\/wp\/v2\/product\/3242","targetHints":{"allow":["GET"]}}],"collection":[{"href":"https:\/\/satisfybot.com\/pt\/wp-json\/wp\/v2\/product"}],"about":[{"href":"https:\/\/satisfybot.com\/pt\/wp-json\/wp\/v2\/types\/product"}],"version-history":[{"count":3,"href":"https:\/\/satisfybot.com\/pt\/wp-json\/wp\/v2\/product\/3242\/revisions"}],"predecessor-version":[{"id":3249,"href":"https:\/\/satisfybot.com\/pt\/wp-json\/wp\/v2\/product\/3242\/revisions\/3249"}],"wp:featuredmedia":[{"embeddable":true,"href":"https:\/\/satisfybot.com\/pt\/wp-json\/wp\/v2\/media\/3244"}],"wp:attachment":[{"href":"https:\/\/satisfybot.com\/pt\/wp-json\/wp\/v2\/media?parent=3242"}],"wp:term":[{"taxonomy":"product_brand","embeddable":true,"href":"https:\/\/satisfybot.com\/pt\/wp-json\/wp\/v2\/product_brand?post=3242"},{"taxonomy":"product_cat","embeddable":true,"href":"https:\/\/satisfybot.com\/pt\/wp-json\/wp\/v2\/product_cat?post=3242"},{"taxonomy":"product_tag","embeddable":true,"href":"https:\/\/satisfybot.com\/pt\/wp-json\/wp\/v2\/product_tag?post=3242"}],"curies":[{"name":"wp","href":"https:\/\/api.w.org\/{rel}","templated":true}]}}